{"id":750,"date":"2024-02-19T12:32:33","date_gmt":"2024-02-19T11:32:33","guid":{"rendered":"https:\/\/shops.apaya.ag\/willibald-gymnasium\/?post_type=product&#038;p=750"},"modified":"2024-02-19T12:35:21","modified_gmt":"2024-02-19T11:35:21","slug":"sweatshirt-premium-2","status":"publish","type":"product","link":"https:\/\/shops.apaya.ag\/willibald-gymnasium\/produkt\/sweatshirt-premium-2\/","title":{"rendered":"Sweatshirt Premium"},"content":{"rendered":"<p>Klassisches Sweatshirt mit rundem Halsausschnitt, formstabilen B\u00fcndchen mit LYCRA\u00ae-Anteil, flauschig angerauter Innenseite und Nackenband. Hergestellt aus pflegeleichter Baumwolle-Polyester-Mischung f\u00fcr h\u00f6chste Anspr\u00fcche. Gewebtes HAKRO-Necklabel aus hochwertigem Kettsatin mit weichen, ultraschallgeschnittenen Bandkanten f\u00fcr h\u00f6chsten Tragekomfort und gewebtes HAKRO-Flaglabel an der linken Seitennaht.<\/p>\n<p>\u2022 Material: Maschenware aus 70 % Baumwolle und 30 % Polyester<br \/>\n(ash meliert: 85 % Baumwolle und 15 % Polyester; grau meliert: 60 % Polyester und 40 % Baumwolle)<br \/>\n\u2022 Gewicht: 300 g\/m2<br \/>\n\u2022 Ausr\u00fcstung: einlaufvorbehandelt<br \/>\n\u2022 Passform: Comfort Fit<br \/>\n\u2022 Zertifikate: OEKO-TEX\u00ae STANDARD 100<br \/>\n\u2022 Waschtemperatur: max. 60 \u00b0C<br \/>\n\u2022 Gr\u00f6\u00dfen: XS-3XL (ausgew\u00e4hlte Farben bis 6XL)<\/p>\n","protected":false},"excerpt":{"rendered":"<p>Mit Motiv Vorne klein, links (Herzseite)<\/p>\n","protected":false},"featured_media":672,"template":"","meta":{"_uag_custom_page_level_css":"","_coblocks_attr":"","_coblocks_dimensions":"","_coblocks_responsive_height":"","_coblocks_accordion_ie_support":""},"product_brand":[],"product_cat":[24],"product_tag":[],"class_list":{"0":"post-750","1":"product","2":"type-product","3":"status-publish","4":"has-post-thumbnail","6":"product_cat-sweatshirts","8":"first","9":"instock","10":"taxable","11":"shipping-taxable","12":"purchasable","13":"product-type-variable","14":"has-default-attributes"},"uagb_featured_image_src":{"full":["https:\/\/shops.apaya.ag\/willibald-gymnasium\/wp-content\/uploads\/sites\/38\/2024\/02\/ti600_40475_front.jpg",600,600,false],"thumbnail":["https:\/\/shops.apaya.ag\/willibald-gymnasium\/wp-content\/uploads\/sites\/38\/2024\/02\/ti600_40475_front-150x150.jpg",150,150,true],"medium":["https:\/\/shops.apaya.ag\/willibald-gymnasium\/wp-content\/uploads\/sites\/38\/2024\/02\/ti600_40475_front-300x300.jpg",300,300,true],"medium_large":["https:\/\/shops.apaya.ag\/willibald-gymnasium\/wp-content\/uploads\/sites\/38\/2024\/02\/ti600_40475_front.jpg",600,600,false],"large":["https:\/\/shops.apaya.ag\/willibald-gymnasium\/wp-content\/uploads\/sites\/38\/2024\/02\/ti600_40475_front.jpg",600,600,false],"1536x1536":["https:\/\/shops.apaya.ag\/willibald-gymnasium\/wp-content\/uploads\/sites\/38\/2024\/02\/ti600_40475_front.jpg",600,600,false],"2048x2048":["https:\/\/shops.apaya.ag\/willibald-gymnasium\/wp-content\/uploads\/sites\/38\/2024\/02\/ti600_40475_front.jpg",600,600,false],"woocommerce_thumbnail":["https:\/\/shops.apaya.ag\/willibald-gymnasium\/wp-content\/uploads\/sites\/38\/2024\/02\/ti600_40475_front-324x324.jpg",324,324,true],"woocommerce_single":["https:\/\/shops.apaya.ag\/willibald-gymnasium\/wp-content\/uploads\/sites\/38\/2024\/02\/ti600_40475_front-416x416.jpg",416,416,true],"woocommerce_gallery_thumbnail":["https:\/\/shops.apaya.ag\/willibald-gymnasium\/wp-content\/uploads\/sites\/38\/2024\/02\/ti600_40475_front-100x100.jpg",100,100,true]},"uagb_author_info":{"display_name":"Administrator","author_link":"https:\/\/shops.apaya.ag\/willibald-gymnasium\/author\/"},"uagb_comment_info":0,"uagb_excerpt":"Mit Motiv Vorne klein, links (Herzseite)","_links":{"self":[{"href":"https:\/\/shops.apaya.ag\/willibald-gymnasium\/wp-json\/wp\/v2\/product\/750","targetHints":{"allow":["GET"]}}],"collection":[{"href":"https:\/\/shops.apaya.ag\/willibald-gymnasium\/wp-json\/wp\/v2\/product"}],"about":[{"href":"https:\/\/shops.apaya.ag\/willibald-gymnasium\/wp-json\/wp\/v2\/types\/product"}],"wp:featuredmedia":[{"embeddable":true,"href":"https:\/\/shops.apaya.ag\/willibald-gymnasium\/wp-json\/wp\/v2\/media\/672"}],"wp:attachment":[{"href":"https:\/\/shops.apaya.ag\/willibald-gymnasium\/wp-json\/wp\/v2\/media?parent=750"}],"wp:term":[{"taxonomy":"product_brand","embeddable":true,"href":"https:\/\/shops.apaya.ag\/willibald-gymnasium\/wp-json\/wp\/v2\/product_brand?post=750"},{"taxonomy":"product_cat","embeddable":true,"href":"https:\/\/shops.apaya.ag\/willibald-gymnasium\/wp-json\/wp\/v2\/product_cat?post=750"},{"taxonomy":"product_tag","embeddable":true,"href":"https:\/\/shops.apaya.ag\/willibald-gymnasium\/wp-json\/wp\/v2\/product_tag?post=750"}],"curies":[{"name":"wp","href":"https:\/\/api.w.org\/{rel}","templated":true}]}}