{"id":2868,"date":"2026-04-10T14:08:04","date_gmt":"2026-04-10T12:08:04","guid":{"rendered":"https:\/\/shops.apaya.ag\/weg-schwabach\/?post_type=product&#038;p=2868"},"modified":"2026-04-10T14:31:02","modified_gmt":"2026-04-10T12:31:02","slug":"damen-t-shirt-bio150ic-mit-rundhalsausschnitt","status":"publish","type":"product","link":"https:\/\/shops.apaya.ag\/weg-schwabach\/produkt\/damen-t-shirt-bio150ic-mit-rundhalsausschnitt\/","title":{"rendered":"Damen-T-Shirt BIO150IC mit Rundhalsausschnitt"},"content":{"rendered":"<p>Uni : 100% Baumwolle. Farbton Ash Heather : 98% Baumwolle \/ 2% Viskose. Farbton Oxford Grey : 90% Baumwolle \/ 10% Viskose. Alle Farben werden aus biologischer Baumwolle in Umstellung hergestellt. Rundhalsausschnitt mit Strickb\u00fcndchen und Elasthan. Farblich abgestimmtes Nackenband. Doppeln\u00e4hte an \u00c4rmelb\u00fcndchen und unterem Saum. Zertifizierte STANDARD 100 by OEKO-TEX\u00aeN\u00b0 CQ1007\/7, IFTH.<\/p>\n","protected":false},"excerpt":{"rendered":"<p>Mit Motiv vorne gro\u00df, mittig<\/p>\n","protected":false},"featured_media":78,"template":"","meta":{"_uag_custom_page_level_css":"","_coblocks_attr":"","_coblocks_dimensions":"","_coblocks_responsive_height":"","_coblocks_accordion_ie_support":""},"product_brand":[],"product_cat":[19],"product_tag":[],"class_list":{"0":"post-2868","1":"product","2":"type-product","3":"status-publish","4":"has-post-thumbnail","6":"product_cat-t-shirt","8":"first","9":"instock","10":"taxable","11":"shipping-taxable","12":"purchasable","13":"product-type-variable","14":"has-default-attributes"},"uagb_featured_image_src":{"full":["https:\/\/shops.apaya.ag\/weg-schwabach\/wp-content\/uploads\/sites\/108\/2024\/09\/ti600_47764_front.jpg",600,600,false],"thumbnail":["https:\/\/shops.apaya.ag\/weg-schwabach\/wp-content\/uploads\/sites\/108\/2024\/09\/ti600_47764_front-150x150.jpg",150,150,true],"medium":["https:\/\/shops.apaya.ag\/weg-schwabach\/wp-content\/uploads\/sites\/108\/2024\/09\/ti600_47764_front-300x300.jpg",300,300,true],"medium_large":["https:\/\/shops.apaya.ag\/weg-schwabach\/wp-content\/uploads\/sites\/108\/2024\/09\/ti600_47764_front.jpg",600,600,false],"large":["https:\/\/shops.apaya.ag\/weg-schwabach\/wp-content\/uploads\/sites\/108\/2024\/09\/ti600_47764_front.jpg",600,600,false],"1536x1536":["https:\/\/shops.apaya.ag\/weg-schwabach\/wp-content\/uploads\/sites\/108\/2024\/09\/ti600_47764_front.jpg",600,600,false],"2048x2048":["https:\/\/shops.apaya.ag\/weg-schwabach\/wp-content\/uploads\/sites\/108\/2024\/09\/ti600_47764_front.jpg",600,600,false],"woocommerce_thumbnail":["https:\/\/shops.apaya.ag\/weg-schwabach\/wp-content\/uploads\/sites\/108\/2024\/09\/ti600_47764_front-324x324.jpg",324,324,true],"woocommerce_single":["https:\/\/shops.apaya.ag\/weg-schwabach\/wp-content\/uploads\/sites\/108\/2024\/09\/ti600_47764_front-416x416.jpg",416,416,true],"woocommerce_gallery_thumbnail":["https:\/\/shops.apaya.ag\/weg-schwabach\/wp-content\/uploads\/sites\/108\/2024\/09\/ti600_47764_front-100x100.jpg",100,100,true]},"uagb_author_info":{"display_name":"Administrator","author_link":"https:\/\/shops.apaya.ag\/weg-schwabach\/author\/"},"uagb_comment_info":0,"uagb_excerpt":"Mit Motiv vorne gro\u00df, mittig","_links":{"self":[{"href":"https:\/\/shops.apaya.ag\/weg-schwabach\/wp-json\/wp\/v2\/product\/2868","targetHints":{"allow":["GET"]}}],"collection":[{"href":"https:\/\/shops.apaya.ag\/weg-schwabach\/wp-json\/wp\/v2\/product"}],"about":[{"href":"https:\/\/shops.apaya.ag\/weg-schwabach\/wp-json\/wp\/v2\/types\/product"}],"wp:featuredmedia":[{"embeddable":true,"href":"https:\/\/shops.apaya.ag\/weg-schwabach\/wp-json\/wp\/v2\/media\/78"}],"wp:attachment":[{"href":"https:\/\/shops.apaya.ag\/weg-schwabach\/wp-json\/wp\/v2\/media?parent=2868"}],"wp:term":[{"taxonomy":"product_brand","embeddable":true,"href":"https:\/\/shops.apaya.ag\/weg-schwabach\/wp-json\/wp\/v2\/product_brand?post=2868"},{"taxonomy":"product_cat","embeddable":true,"href":"https:\/\/shops.apaya.ag\/weg-schwabach\/wp-json\/wp\/v2\/product_cat?post=2868"},{"taxonomy":"product_tag","embeddable":true,"href":"https:\/\/shops.apaya.ag\/weg-schwabach\/wp-json\/wp\/v2\/product_tag?post=2868"}],"curies":[{"name":"wp","href":"https:\/\/api.w.org\/{rel}","templated":true}]}}