{"id":453,"date":"2026-04-23T13:02:41","date_gmt":"2026-04-23T11:02:41","guid":{"rendered":"https:\/\/shops.apaya.ag\/vfl-grafenwald\/?post_type=product&#038;p=453"},"modified":"2026-04-23T13:05:43","modified_gmt":"2026-04-23T11:05:43","slug":"kids-cool-t","status":"publish","type":"product","link":"https:\/\/shops.apaya.ag\/vfl-grafenwald\/produkt\/kids-cool-t\/","title":{"rendered":"Kids Cool T"},"content":{"rendered":"<p>Gedrucktes Nackenlabel,Just Cool Neoteric\u2122-Material f\u00fcr bessere Feuchtigkeitsaufnahme,Nackenband, Kragen und \u00c4rmelb\u00fcndchen aus Shirt-Material,Rundhals-Ausschnitt, Set-In \u00c4rmel<\/p>\n","protected":false},"excerpt":{"rendered":"<p>Mit Motiv hinten gro\u00df, mittig<\/p>\n","protected":false},"featured_media":443,"template":"","meta":{"_uag_custom_page_level_css":"","_coblocks_attr":"","_coblocks_dimensions":"","_coblocks_responsive_height":"","_coblocks_accordion_ie_support":""},"product_brand":[],"product_cat":[19],"product_tag":[],"class_list":{"0":"post-453","1":"product","2":"type-product","3":"status-publish","4":"has-post-thumbnail","6":"product_cat-t-shirts","8":"first","9":"instock","10":"taxable","11":"shipping-taxable","12":"purchasable","13":"product-type-variable","14":"has-default-attributes"},"uagb_featured_image_src":{"full":["https:\/\/shops.apaya.ag\/vfl-grafenwald\/wp-content\/uploads\/sites\/90\/2026\/04\/feature-4Vn42I-front-back-ti600_58392_front.jpg",602,602,false],"thumbnail":["https:\/\/shops.apaya.ag\/vfl-grafenwald\/wp-content\/uploads\/sites\/90\/2026\/04\/feature-4Vn42I-front-back-ti600_58392_front-150x150.jpg",150,150,true],"medium":["https:\/\/shops.apaya.ag\/vfl-grafenwald\/wp-content\/uploads\/sites\/90\/2026\/04\/feature-4Vn42I-front-back-ti600_58392_front-300x300.jpg",300,300,true],"medium_large":["https:\/\/shops.apaya.ag\/vfl-grafenwald\/wp-content\/uploads\/sites\/90\/2026\/04\/feature-4Vn42I-front-back-ti600_58392_front.jpg",602,602,false],"large":["https:\/\/shops.apaya.ag\/vfl-grafenwald\/wp-content\/uploads\/sites\/90\/2026\/04\/feature-4Vn42I-front-back-ti600_58392_front.jpg",602,602,false],"1536x1536":["https:\/\/shops.apaya.ag\/vfl-grafenwald\/wp-content\/uploads\/sites\/90\/2026\/04\/feature-4Vn42I-front-back-ti600_58392_front.jpg",602,602,false],"2048x2048":["https:\/\/shops.apaya.ag\/vfl-grafenwald\/wp-content\/uploads\/sites\/90\/2026\/04\/feature-4Vn42I-front-back-ti600_58392_front.jpg",602,602,false],"woocommerce_thumbnail":["https:\/\/shops.apaya.ag\/vfl-grafenwald\/wp-content\/uploads\/sites\/90\/2026\/04\/feature-4Vn42I-front-back-ti600_58392_front-324x324.jpg",324,324,true],"woocommerce_single":["https:\/\/shops.apaya.ag\/vfl-grafenwald\/wp-content\/uploads\/sites\/90\/2026\/04\/feature-4Vn42I-front-back-ti600_58392_front-416x416.jpg",416,416,true],"woocommerce_gallery_thumbnail":["https:\/\/shops.apaya.ag\/vfl-grafenwald\/wp-content\/uploads\/sites\/90\/2026\/04\/feature-4Vn42I-front-back-ti600_58392_front-100x100.jpg",100,100,true]},"uagb_author_info":{"display_name":"Administrator","author_link":"https:\/\/shops.apaya.ag\/vfl-grafenwald\/author\/"},"uagb_comment_info":0,"uagb_excerpt":"Mit Motiv hinten gro\u00df, mittig","_links":{"self":[{"href":"https:\/\/shops.apaya.ag\/vfl-grafenwald\/wp-json\/wp\/v2\/product\/453","targetHints":{"allow":["GET"]}}],"collection":[{"href":"https:\/\/shops.apaya.ag\/vfl-grafenwald\/wp-json\/wp\/v2\/product"}],"about":[{"href":"https:\/\/shops.apaya.ag\/vfl-grafenwald\/wp-json\/wp\/v2\/types\/product"}],"wp:featuredmedia":[{"embeddable":true,"href":"https:\/\/shops.apaya.ag\/vfl-grafenwald\/wp-json\/wp\/v2\/media\/443"}],"wp:attachment":[{"href":"https:\/\/shops.apaya.ag\/vfl-grafenwald\/wp-json\/wp\/v2\/media?parent=453"}],"wp:term":[{"taxonomy":"product_brand","embeddable":true,"href":"https:\/\/shops.apaya.ag\/vfl-grafenwald\/wp-json\/wp\/v2\/product_brand?post=453"},{"taxonomy":"product_cat","embeddable":true,"href":"https:\/\/shops.apaya.ag\/vfl-grafenwald\/wp-json\/wp\/v2\/product_cat?post=453"},{"taxonomy":"product_tag","embeddable":true,"href":"https:\/\/shops.apaya.ag\/vfl-grafenwald\/wp-json\/wp\/v2\/product_tag?post=453"}],"curies":[{"name":"wp","href":"https:\/\/api.w.org\/{rel}","templated":true}]}}