{"id":387,"date":"2025-09-06T14:57:04","date_gmt":"2025-09-06T12:57:04","guid":{"rendered":"https:\/\/shops.apaya.ag\/rseichberg\/?post_type=product&#038;p=387"},"modified":"2025-10-02T13:23:36","modified_gmt":"2025-10-02T11:23:36","slug":"pique-polohemd-bio180-fuer-herren","status":"publish","type":"product","link":"https:\/\/shops.apaya.ag\/rseichberg\/produkt\/pique-polohemd-bio180-fuer-herren\/","title":{"rendered":"Piqu\u00e9-Polohemd Bio180 f\u00fcr Herren"},"content":{"rendered":"<p>100 % Baumwolle. Dieses Piqu\u00e9-Polohemd besteht aus 100 % gek\u00e4mmter biologischer Baumwolle. Kragen und \u00c4rmelb\u00fcndchen in Feinripp 1&#215;1. Knopfleiste mit 2 Ton-in-Ton-Kn\u00f6pfen. Nackenband auf der Krageninnenseite und Seitenschlitze. Seitenn\u00e4hte. Doppeln\u00e4hte an den \u00c4rmelb\u00fcndchen, am Saum und Halbmond. Kein Markenetikett am Kragen, nur Gr\u00f6\u00dfenkennzeichnung, f\u00fcr eine leichtere Veredelung. Zertifizierte STANDARD 100 by OEKO-TEX\u00ae N\u00b0 CQ 1007\/7, IFTH.<\/p>\n","protected":false},"excerpt":{"rendered":"<p>Mit Motiv vorne klein, links (Herzseite)<\/p>\n","protected":false},"featured_media":85,"template":"","meta":{"_uag_custom_page_level_css":"","_coblocks_attr":"","_coblocks_dimensions":"","_coblocks_responsive_height":"","_coblocks_accordion_ie_support":""},"product_brand":[],"product_cat":[19],"product_tag":[],"class_list":{"0":"post-387","1":"product","2":"type-product","3":"status-publish","4":"has-post-thumbnail","6":"product_cat-poloshirts","8":"first","9":"instock","10":"taxable","11":"shipping-taxable","12":"purchasable","13":"product-type-variable","14":"has-default-attributes"},"uagb_featured_image_src":{"full":["https:\/\/shops.apaya.ag\/rseichberg\/wp-content\/uploads\/sites\/74\/2023\/09\/ti600_38060_front.jpg",600,600,false],"thumbnail":["https:\/\/shops.apaya.ag\/rseichberg\/wp-content\/uploads\/sites\/74\/2023\/09\/ti600_38060_front-150x150.jpg",150,150,true],"medium":["https:\/\/shops.apaya.ag\/rseichberg\/wp-content\/uploads\/sites\/74\/2023\/09\/ti600_38060_front-300x300.jpg",300,300,true],"medium_large":["https:\/\/shops.apaya.ag\/rseichberg\/wp-content\/uploads\/sites\/74\/2023\/09\/ti600_38060_front.jpg",600,600,false],"large":["https:\/\/shops.apaya.ag\/rseichberg\/wp-content\/uploads\/sites\/74\/2023\/09\/ti600_38060_front.jpg",600,600,false],"1536x1536":["https:\/\/shops.apaya.ag\/rseichberg\/wp-content\/uploads\/sites\/74\/2023\/09\/ti600_38060_front.jpg",600,600,false],"2048x2048":["https:\/\/shops.apaya.ag\/rseichberg\/wp-content\/uploads\/sites\/74\/2023\/09\/ti600_38060_front.jpg",600,600,false],"woocommerce_thumbnail":["https:\/\/shops.apaya.ag\/rseichberg\/wp-content\/uploads\/sites\/74\/2023\/09\/ti600_38060_front-324x324.jpg",324,324,true],"woocommerce_single":["https:\/\/shops.apaya.ag\/rseichberg\/wp-content\/uploads\/sites\/74\/2023\/09\/ti600_38060_front-416x416.jpg",416,416,true],"woocommerce_gallery_thumbnail":["https:\/\/shops.apaya.ag\/rseichberg\/wp-content\/uploads\/sites\/74\/2023\/09\/ti600_38060_front-100x100.jpg",100,100,true]},"uagb_author_info":{"display_name":"Administrator","author_link":"https:\/\/shops.apaya.ag\/rseichberg\/author\/"},"uagb_comment_info":0,"uagb_excerpt":"Mit Motiv vorne klein, links (Herzseite)","_links":{"self":[{"href":"https:\/\/shops.apaya.ag\/rseichberg\/wp-json\/wp\/v2\/product\/387","targetHints":{"allow":["GET"]}}],"collection":[{"href":"https:\/\/shops.apaya.ag\/rseichberg\/wp-json\/wp\/v2\/product"}],"about":[{"href":"https:\/\/shops.apaya.ag\/rseichberg\/wp-json\/wp\/v2\/types\/product"}],"wp:featuredmedia":[{"embeddable":true,"href":"https:\/\/shops.apaya.ag\/rseichberg\/wp-json\/wp\/v2\/media\/85"}],"wp:attachment":[{"href":"https:\/\/shops.apaya.ag\/rseichberg\/wp-json\/wp\/v2\/media?parent=387"}],"wp:term":[{"taxonomy":"product_brand","embeddable":true,"href":"https:\/\/shops.apaya.ag\/rseichberg\/wp-json\/wp\/v2\/product_brand?post=387"},{"taxonomy":"product_cat","embeddable":true,"href":"https:\/\/shops.apaya.ag\/rseichberg\/wp-json\/wp\/v2\/product_cat?post=387"},{"taxonomy":"product_tag","embeddable":true,"href":"https:\/\/shops.apaya.ag\/rseichberg\/wp-json\/wp\/v2\/product_tag?post=387"}],"curies":[{"name":"wp","href":"https:\/\/api.w.org\/{rel}","templated":true}]}}