{"id":131,"date":"2023-09-02T03:49:15","date_gmt":"2023-09-02T01:49:15","guid":{"rendered":"https:\/\/shops.apaya.ag\/rseichberg\/?post_type=product&#038;p=131"},"modified":"2025-09-29T03:57:37","modified_gmt":"2025-09-29T01:57:37","slug":"commuter","status":"publish","type":"product","link":"https:\/\/shops.apaya.ag\/rseichberg\/produkt\/commuter\/","title":{"rendered":"COMMUTER"},"content":{"rendered":"<p>Unisex-Multifunktionsjacke<br \/>\nEingesetzte \u00c4rmel<br \/>\nVerl\u00e4ngerter R\u00fccken mit geschwungenem Saum f\u00fcr optimalen Schutz<br \/>\nUnterer Saum mit verstellbarem Kunststoff-Stopper und Gummizug<br \/>\nKapuze mit Schirm und versiegelten N\u00e4hten und versiegelte Paspeltaschen<br \/>\nGef\u00fctterte Kapuze mit verstellbarem Kunststoff-Stopper und Gummizug am Futter<br \/>\nVerdeckter Nylon-Rei\u00dfverschluss mittig auf der Vorderseite, mit Kinnschutz<br \/>\nLeistentasche mit Rei\u00dfverschluss und zus\u00e4tzlichem Ripsband-Schieber<br \/>\nSeitliche Eins\u00e4tze f\u00fcr verbesserte Passform<br \/>\nElastisches \u00c4rmelb\u00fcndchen<br \/>\nAbgesetzter Halbmond aus Oberstoff im Nacken<br \/>\nGeschwungener r\u00fcckw\u00e4rtiger Saum mit verstellbarem Kunststoff-Stopper und Gummizug<br \/>\nRei\u00dfverschluss\u00f6ffnungen innen am unteren Saum und an linker Brust des Tr\u00e4gers erm\u00f6glichen einfache Dekoration<br \/>\nNormale Passform<br \/>\nRundhalsausschnitt mit Kapuze<\/p>\n","protected":false},"excerpt":{"rendered":"<p>Mit Motiv Hinten gro\u00df, mittig und Vorne klein, links (Herzseite)<\/p>\n","protected":false},"featured_media":98,"template":"","meta":{"_uag_custom_page_level_css":"","_coblocks_attr":"","_coblocks_dimensions":"","_coblocks_responsive_height":"","_coblocks_accordion_ie_support":""},"product_brand":[],"product_cat":[21],"product_tag":[],"class_list":{"0":"post-131","1":"product","2":"type-product","3":"status-publish","4":"has-post-thumbnail","6":"product_cat-jacken","8":"first","9":"instock","10":"taxable","11":"shipping-taxable","12":"purchasable","13":"product-type-variable","14":"has-default-attributes"},"uagb_featured_image_src":{"full":["https:\/\/shops.apaya.ag\/rseichberg\/wp-content\/uploads\/sites\/74\/2023\/09\/feature-BxRGRN-front-back-ti600_38066_front.jpg",600,600,false],"thumbnail":["https:\/\/shops.apaya.ag\/rseichberg\/wp-content\/uploads\/sites\/74\/2023\/09\/feature-BxRGRN-front-back-ti600_38066_front-150x150.jpg",150,150,true],"medium":["https:\/\/shops.apaya.ag\/rseichberg\/wp-content\/uploads\/sites\/74\/2023\/09\/feature-BxRGRN-front-back-ti600_38066_front-300x300.jpg",300,300,true],"medium_large":["https:\/\/shops.apaya.ag\/rseichberg\/wp-content\/uploads\/sites\/74\/2023\/09\/feature-BxRGRN-front-back-ti600_38066_front.jpg",600,600,false],"large":["https:\/\/shops.apaya.ag\/rseichberg\/wp-content\/uploads\/sites\/74\/2023\/09\/feature-BxRGRN-front-back-ti600_38066_front.jpg",600,600,false],"1536x1536":["https:\/\/shops.apaya.ag\/rseichberg\/wp-content\/uploads\/sites\/74\/2023\/09\/feature-BxRGRN-front-back-ti600_38066_front.jpg",600,600,false],"2048x2048":["https:\/\/shops.apaya.ag\/rseichberg\/wp-content\/uploads\/sites\/74\/2023\/09\/feature-BxRGRN-front-back-ti600_38066_front.jpg",600,600,false],"woocommerce_thumbnail":["https:\/\/shops.apaya.ag\/rseichberg\/wp-content\/uploads\/sites\/74\/2023\/09\/feature-BxRGRN-front-back-ti600_38066_front-324x324.jpg",324,324,true],"woocommerce_single":["https:\/\/shops.apaya.ag\/rseichberg\/wp-content\/uploads\/sites\/74\/2023\/09\/feature-BxRGRN-front-back-ti600_38066_front-416x416.jpg",416,416,true],"woocommerce_gallery_thumbnail":["https:\/\/shops.apaya.ag\/rseichberg\/wp-content\/uploads\/sites\/74\/2023\/09\/feature-BxRGRN-front-back-ti600_38066_front-100x100.jpg",100,100,true]},"uagb_author_info":{"display_name":"Administrator","author_link":"https:\/\/shops.apaya.ag\/rseichberg\/author\/"},"uagb_comment_info":0,"uagb_excerpt":"Mit Motiv Hinten gro\u00df, mittig und Vorne klein, links (Herzseite)","_links":{"self":[{"href":"https:\/\/shops.apaya.ag\/rseichberg\/wp-json\/wp\/v2\/product\/131","targetHints":{"allow":["GET"]}}],"collection":[{"href":"https:\/\/shops.apaya.ag\/rseichberg\/wp-json\/wp\/v2\/product"}],"about":[{"href":"https:\/\/shops.apaya.ag\/rseichberg\/wp-json\/wp\/v2\/types\/product"}],"wp:featuredmedia":[{"embeddable":true,"href":"https:\/\/shops.apaya.ag\/rseichberg\/wp-json\/wp\/v2\/media\/98"}],"wp:attachment":[{"href":"https:\/\/shops.apaya.ag\/rseichberg\/wp-json\/wp\/v2\/media?parent=131"}],"wp:term":[{"taxonomy":"product_brand","embeddable":true,"href":"https:\/\/shops.apaya.ag\/rseichberg\/wp-json\/wp\/v2\/product_brand?post=131"},{"taxonomy":"product_cat","embeddable":true,"href":"https:\/\/shops.apaya.ag\/rseichberg\/wp-json\/wp\/v2\/product_cat?post=131"},{"taxonomy":"product_tag","embeddable":true,"href":"https:\/\/shops.apaya.ag\/rseichberg\/wp-json\/wp\/v2\/product_tag?post=131"}],"curies":[{"name":"wp","href":"https:\/\/api.w.org\/{rel}","templated":true}]}}