{"id":165,"date":"2023-11-06T13:47:34","date_gmt":"2023-11-06T12:47:34","guid":{"rendered":"https:\/\/shops.apaya.ag\/paul-simmel-gs\/?post_type=product&#038;p=165"},"modified":"2026-04-03T12:23:39","modified_gmt":"2026-04-03T10:23:39","slug":"mini-cruiser","status":"publish","type":"product","link":"https:\/\/shops.apaya.ag\/paul-simmel-gs\/produkt\/mini-cruiser\/","title":{"rendered":"MINI CRUISER"},"content":{"rendered":"<p>Iconic Kinder Hoodie<br \/>\nEingesetzte \u00c4rmel<br \/>\nKapuze mit Jerseyfutter<br \/>\nNackenband aus Jersey<br \/>\nAbgesetzter Halbmond im Nacken<br \/>\nEinfache Absteppung am Halsausschnitt<br \/>\n1&#215;1 Rippstrick an \u00c4rmelenden und unterem Saum<br \/>\nDoppelabsteppung an \u00c4rmelans\u00e4tzen, \u00c4rmelenden und unterem Saum<br \/>\nK\u00e4ngurutasche mit breiter Doppelabsteppung<br \/>\nNormale Passform<br \/>\nRundhalsausschnitt mit Kapuze<br \/>\nGr\u00f6\u00dfen:<br \/> 3-4 = Gr. 98 &#8211; Gr. 104 <br \/>\n5-6 = Gr. 110 &#8211; Gr. 116 <br \/>\n7-8 = Gr. 122 &#8211; Gr. 128 <br \/>\n9-11 = Gr. 134 &#8211; Gr. 146 <br \/>\n12-14 = Gr. 152 &#8211; Gr. 164 <\/p>\n","protected":false},"excerpt":{"rendered":"<p>Mit Motiv Vorne klein, links (Herzseite)<\/p>\n","protected":false},"featured_media":109,"template":"","meta":{"_uag_custom_page_level_css":"","_coblocks_attr":"","_coblocks_dimensions":"","_coblocks_responsive_height":"","_coblocks_accordion_ie_support":""},"product_brand":[],"product_cat":[19],"product_tag":[],"class_list":{"0":"post-165","1":"product","2":"type-product","3":"status-publish","4":"has-post-thumbnail","6":"product_cat-pullis-kinder","8":"first","9":"instock","10":"taxable","11":"shipping-taxable","12":"purchasable","13":"product-type-variable","14":"has-default-attributes"},"uagb_featured_image_src":{"full":["https:\/\/shops.apaya.ag\/paul-simmel-gs\/wp-content\/uploads\/sites\/78\/2023\/11\/ti600_39017_front.jpg",600,600,false],"thumbnail":["https:\/\/shops.apaya.ag\/paul-simmel-gs\/wp-content\/uploads\/sites\/78\/2023\/11\/ti600_39017_front-150x150.jpg",150,150,true],"medium":["https:\/\/shops.apaya.ag\/paul-simmel-gs\/wp-content\/uploads\/sites\/78\/2023\/11\/ti600_39017_front-300x300.jpg",300,300,true],"medium_large":["https:\/\/shops.apaya.ag\/paul-simmel-gs\/wp-content\/uploads\/sites\/78\/2023\/11\/ti600_39017_front.jpg",600,600,false],"large":["https:\/\/shops.apaya.ag\/paul-simmel-gs\/wp-content\/uploads\/sites\/78\/2023\/11\/ti600_39017_front.jpg",600,600,false],"1536x1536":["https:\/\/shops.apaya.ag\/paul-simmel-gs\/wp-content\/uploads\/sites\/78\/2023\/11\/ti600_39017_front.jpg",600,600,false],"2048x2048":["https:\/\/shops.apaya.ag\/paul-simmel-gs\/wp-content\/uploads\/sites\/78\/2023\/11\/ti600_39017_front.jpg",600,600,false],"woocommerce_thumbnail":["https:\/\/shops.apaya.ag\/paul-simmel-gs\/wp-content\/uploads\/sites\/78\/2023\/11\/ti600_39017_front-324x324.jpg",324,324,true],"woocommerce_single":["https:\/\/shops.apaya.ag\/paul-simmel-gs\/wp-content\/uploads\/sites\/78\/2023\/11\/ti600_39017_front-416x416.jpg",416,416,true],"woocommerce_gallery_thumbnail":["https:\/\/shops.apaya.ag\/paul-simmel-gs\/wp-content\/uploads\/sites\/78\/2023\/11\/ti600_39017_front-100x100.jpg",100,100,true]},"uagb_author_info":{"display_name":"Administrator","author_link":"https:\/\/shops.apaya.ag\/paul-simmel-gs\/author\/"},"uagb_comment_info":0,"uagb_excerpt":"Mit Motiv Vorne klein, links (Herzseite)","_links":{"self":[{"href":"https:\/\/shops.apaya.ag\/paul-simmel-gs\/wp-json\/wp\/v2\/product\/165","targetHints":{"allow":["GET"]}}],"collection":[{"href":"https:\/\/shops.apaya.ag\/paul-simmel-gs\/wp-json\/wp\/v2\/product"}],"about":[{"href":"https:\/\/shops.apaya.ag\/paul-simmel-gs\/wp-json\/wp\/v2\/types\/product"}],"wp:featuredmedia":[{"embeddable":true,"href":"https:\/\/shops.apaya.ag\/paul-simmel-gs\/wp-json\/wp\/v2\/media\/109"}],"wp:attachment":[{"href":"https:\/\/shops.apaya.ag\/paul-simmel-gs\/wp-json\/wp\/v2\/media?parent=165"}],"wp:term":[{"taxonomy":"product_brand","embeddable":true,"href":"https:\/\/shops.apaya.ag\/paul-simmel-gs\/wp-json\/wp\/v2\/product_brand?post=165"},{"taxonomy":"product_cat","embeddable":true,"href":"https:\/\/shops.apaya.ag\/paul-simmel-gs\/wp-json\/wp\/v2\/product_cat?post=165"},{"taxonomy":"product_tag","embeddable":true,"href":"https:\/\/shops.apaya.ag\/paul-simmel-gs\/wp-json\/wp\/v2\/product_tag?post=165"}],"curies":[{"name":"wp","href":"https:\/\/api.w.org\/{rel}","templated":true}]}}