{"id":1864,"date":"2024-10-11T10:46:34","date_gmt":"2024-10-11T08:46:34","guid":{"rendered":"https:\/\/shops.apaya.ag\/paterdelp\/?post_type=product&#038;p=1864"},"modified":"2024-10-11T11:32:33","modified_gmt":"2024-10-11T09:32:33","slug":"umweltfreundliches-sweatshirt-mit-rundhalsausschnitt-fuer-kinder","status":"publish","type":"product","link":"https:\/\/shops.apaya.ag\/paterdelp\/produkt\/umweltfreundliches-sweatshirt-mit-rundhalsausschnitt-fuer-kinder\/","title":{"rendered":"Umweltfreundliches Sweatshirt mit Rundhalsausschnitt f\u00fcr Kinder"},"content":{"rendered":"<p>85 % Baumwolle \/ 15 % Polyester. Aus 85 % biologischer Baumwolle und 15 % recyceltem Polyester. Geb\u00fcrstetes Fleece mit 3 N\u00e4hten und LSF-Behandlung (Low Shrinkage Fleece). Gek\u00e4mmte Baumwolle. Enzymw\u00e4sche veredelt. Gerader Schnitt. 1X1 schlauchf\u00f6rmige Strickb\u00fcndchen f\u00fcr eine optimale Verarbeitung an Kragen, \u00c4rmelabschl\u00fcssen und am unteren Saum. Ton-auf-Ton Jersey-Nackenband und Halbmond-Finish auf der Krageninnenseite. Doppeln\u00e4hte an Kragen, \u00c4rmelb\u00fcndchen und Saum. Doppeln\u00e4hte an \u00c4rmelb\u00fcndchen, Saum und Kraten. Kein Markenetikett am Kragen, nur Gr\u00f6\u00dfenkennzeichnung, f\u00fcr eine leichtere Veredelung. Zertifizierte STANDARD 100 by OEKO-TEX\u00aeN\u00b0 CQ1007\/7, IFTH.<\/p>\n","protected":false},"excerpt":{"rendered":"<p>Mit Motiv vorne gro\u00df, mittig<\/p>\n","protected":false},"featured_media":93,"template":"","meta":{"_uag_custom_page_level_css":"","_coblocks_attr":"","_coblocks_dimensions":"","_coblocks_responsive_height":"","_coblocks_accordion_ie_support":""},"product_brand":[],"product_cat":[27],"product_tag":[],"class_list":{"0":"post-1864","1":"product","2":"type-product","3":"status-publish","4":"has-post-thumbnail","6":"product_cat-sweatshirts-kinder","8":"first","9":"instock","10":"taxable","11":"shipping-taxable","12":"purchasable","13":"product-type-variable","14":"has-default-attributes"},"uagb_featured_image_src":{"full":["https:\/\/shops.apaya.ag\/paterdelp\/wp-content\/uploads\/sites\/60\/2023\/03\/ti600_34818_front.jpg",600,600,false],"thumbnail":["https:\/\/shops.apaya.ag\/paterdelp\/wp-content\/uploads\/sites\/60\/2023\/03\/ti600_34818_front-150x150.jpg",150,150,true],"medium":["https:\/\/shops.apaya.ag\/paterdelp\/wp-content\/uploads\/sites\/60\/2023\/03\/ti600_34818_front-300x300.jpg",300,300,true],"medium_large":["https:\/\/shops.apaya.ag\/paterdelp\/wp-content\/uploads\/sites\/60\/2023\/03\/ti600_34818_front.jpg",600,600,false],"large":["https:\/\/shops.apaya.ag\/paterdelp\/wp-content\/uploads\/sites\/60\/2023\/03\/ti600_34818_front.jpg",600,600,false],"1536x1536":["https:\/\/shops.apaya.ag\/paterdelp\/wp-content\/uploads\/sites\/60\/2023\/03\/ti600_34818_front.jpg",600,600,false],"2048x2048":["https:\/\/shops.apaya.ag\/paterdelp\/wp-content\/uploads\/sites\/60\/2023\/03\/ti600_34818_front.jpg",600,600,false],"woocommerce_thumbnail":["https:\/\/shops.apaya.ag\/paterdelp\/wp-content\/uploads\/sites\/60\/2023\/03\/ti600_34818_front-324x324.jpg",324,324,true],"woocommerce_single":["https:\/\/shops.apaya.ag\/paterdelp\/wp-content\/uploads\/sites\/60\/2023\/03\/ti600_34818_front-416x416.jpg",416,416,true],"woocommerce_gallery_thumbnail":["https:\/\/shops.apaya.ag\/paterdelp\/wp-content\/uploads\/sites\/60\/2023\/03\/ti600_34818_front-100x100.jpg",100,100,true]},"uagb_author_info":{"display_name":"Administrator","author_link":"https:\/\/shops.apaya.ag\/paterdelp\/author\/"},"uagb_comment_info":0,"uagb_excerpt":"Mit Motiv vorne gro\u00df, mittig","_links":{"self":[{"href":"https:\/\/shops.apaya.ag\/paterdelp\/wp-json\/wp\/v2\/product\/1864","targetHints":{"allow":["GET"]}}],"collection":[{"href":"https:\/\/shops.apaya.ag\/paterdelp\/wp-json\/wp\/v2\/product"}],"about":[{"href":"https:\/\/shops.apaya.ag\/paterdelp\/wp-json\/wp\/v2\/types\/product"}],"wp:featuredmedia":[{"embeddable":true,"href":"https:\/\/shops.apaya.ag\/paterdelp\/wp-json\/wp\/v2\/media\/93"}],"wp:attachment":[{"href":"https:\/\/shops.apaya.ag\/paterdelp\/wp-json\/wp\/v2\/media?parent=1864"}],"wp:term":[{"taxonomy":"product_brand","embeddable":true,"href":"https:\/\/shops.apaya.ag\/paterdelp\/wp-json\/wp\/v2\/product_brand?post=1864"},{"taxonomy":"product_cat","embeddable":true,"href":"https:\/\/shops.apaya.ag\/paterdelp\/wp-json\/wp\/v2\/product_cat?post=1864"},{"taxonomy":"product_tag","embeddable":true,"href":"https:\/\/shops.apaya.ag\/paterdelp\/wp-json\/wp\/v2\/product_tag?post=1864"}],"curies":[{"name":"wp","href":"https:\/\/api.w.org\/{rel}","templated":true}]}}