{"id":1248,"date":"2023-04-19T09:12:47","date_gmt":"2023-04-19T07:12:47","guid":{"rendered":"https:\/\/shops.apaya.ag\/paterdelp\/?post_type=product&#038;p=1248"},"modified":"2023-04-19T09:26:07","modified_gmt":"2023-04-19T07:26:07","slug":"kinder-t-shirt-bio150ic-mit-rundhalsausschnitt","status":"publish","type":"product","link":"https:\/\/shops.apaya.ag\/paterdelp\/produkt\/kinder-t-shirt-bio150ic-mit-rundhalsausschnitt\/","title":{"rendered":"Kinder-T-Shirt BIO150IC mit Rundhalsausschnitt"},"content":{"rendered":"<p>Uni : 100 % Baumwolle. Farbton Ash Heather 98 % Baumwolle \/ 2 % Viskose und Oxford Grey : 90 % Baumwolle \/ 10 % Viskose. Alle Farben werden aus biologischer Baumwolle in Umstellung hergestellt.  Zugeschnitten gen\u00e4ht. Rundhalsausschnitt mit Strickb\u00fcndchen und Elasthan. Farblich abgestimmtes Nackenband. Doppeln\u00e4hte an \u00c4rmelb\u00fcndchen und unterem Saum. Zertifizierte STANDARD 100 by OEKO-TEX\u00aeN\u00b0 CQ1007\/7, IFTH.<\/p>\n","protected":false},"excerpt":{"rendered":"<p>Mit Motiv Vorne gro\u00df, mittig<\/p>\n","protected":false},"featured_media":120,"template":"","meta":{"_uag_custom_page_level_css":"","_coblocks_attr":"","_coblocks_dimensions":"","_coblocks_responsive_height":"","_coblocks_accordion_ie_support":""},"product_brand":[],"product_cat":[26],"product_tag":[],"class_list":{"0":"post-1248","1":"product","2":"type-product","3":"status-publish","4":"has-post-thumbnail","6":"product_cat-t-shirts-kinder","8":"first","9":"instock","10":"taxable","11":"shipping-taxable","12":"purchasable","13":"product-type-variable","14":"has-default-attributes"},"uagb_featured_image_src":{"full":["https:\/\/shops.apaya.ag\/paterdelp\/wp-content\/uploads\/sites\/60\/2023\/03\/ti600_34844_front.jpg",600,600,false],"thumbnail":["https:\/\/shops.apaya.ag\/paterdelp\/wp-content\/uploads\/sites\/60\/2023\/03\/ti600_34844_front-150x150.jpg",150,150,true],"medium":["https:\/\/shops.apaya.ag\/paterdelp\/wp-content\/uploads\/sites\/60\/2023\/03\/ti600_34844_front-300x300.jpg",300,300,true],"medium_large":["https:\/\/shops.apaya.ag\/paterdelp\/wp-content\/uploads\/sites\/60\/2023\/03\/ti600_34844_front.jpg",600,600,false],"large":["https:\/\/shops.apaya.ag\/paterdelp\/wp-content\/uploads\/sites\/60\/2023\/03\/ti600_34844_front.jpg",600,600,false],"1536x1536":["https:\/\/shops.apaya.ag\/paterdelp\/wp-content\/uploads\/sites\/60\/2023\/03\/ti600_34844_front.jpg",600,600,false],"2048x2048":["https:\/\/shops.apaya.ag\/paterdelp\/wp-content\/uploads\/sites\/60\/2023\/03\/ti600_34844_front.jpg",600,600,false],"woocommerce_thumbnail":["https:\/\/shops.apaya.ag\/paterdelp\/wp-content\/uploads\/sites\/60\/2023\/03\/ti600_34844_front-324x324.jpg",324,324,true],"woocommerce_single":["https:\/\/shops.apaya.ag\/paterdelp\/wp-content\/uploads\/sites\/60\/2023\/03\/ti600_34844_front-416x416.jpg",416,416,true],"woocommerce_gallery_thumbnail":["https:\/\/shops.apaya.ag\/paterdelp\/wp-content\/uploads\/sites\/60\/2023\/03\/ti600_34844_front-100x100.jpg",100,100,true]},"uagb_author_info":{"display_name":"Administrator","author_link":"https:\/\/shops.apaya.ag\/paterdelp\/author\/"},"uagb_comment_info":0,"uagb_excerpt":"Mit Motiv Vorne gro\u00df, mittig","_links":{"self":[{"href":"https:\/\/shops.apaya.ag\/paterdelp\/wp-json\/wp\/v2\/product\/1248","targetHints":{"allow":["GET"]}}],"collection":[{"href":"https:\/\/shops.apaya.ag\/paterdelp\/wp-json\/wp\/v2\/product"}],"about":[{"href":"https:\/\/shops.apaya.ag\/paterdelp\/wp-json\/wp\/v2\/types\/product"}],"wp:featuredmedia":[{"embeddable":true,"href":"https:\/\/shops.apaya.ag\/paterdelp\/wp-json\/wp\/v2\/media\/120"}],"wp:attachment":[{"href":"https:\/\/shops.apaya.ag\/paterdelp\/wp-json\/wp\/v2\/media?parent=1248"}],"wp:term":[{"taxonomy":"product_brand","embeddable":true,"href":"https:\/\/shops.apaya.ag\/paterdelp\/wp-json\/wp\/v2\/product_brand?post=1248"},{"taxonomy":"product_cat","embeddable":true,"href":"https:\/\/shops.apaya.ag\/paterdelp\/wp-json\/wp\/v2\/product_cat?post=1248"},{"taxonomy":"product_tag","embeddable":true,"href":"https:\/\/shops.apaya.ag\/paterdelp\/wp-json\/wp\/v2\/product_tag?post=1248"}],"curies":[{"name":"wp","href":"https:\/\/api.w.org\/{rel}","templated":true}]}}