{"id":3927,"date":"2024-09-15T01:43:31","date_gmt":"2024-09-14T23:43:31","guid":{"rendered":"https:\/\/shops.apaya.ag\/otto-hahn-gymnasium-gifhorn\/?post_type=product&#038;p=3927"},"modified":"2026-05-06T13:59:42","modified_gmt":"2026-05-06T11:59:42","slug":"kapuzensweatshirt-mit-reissverschluss-4","status":"publish","type":"product","link":"https:\/\/shops.apaya.ag\/otto-hahn-gymnasium-gifhorn\/produkt\/kapuzensweatshirt-mit-reissverschluss-4\/","title":{"rendered":"Kapuzensweatshirt mit Rei\u00dfverschluss"},"content":{"rendered":"<p>80\u00a0% Baumwolle \/ 20\u00a0% Polyester. Geb\u00fcrstetes Fleece. Set-in-\u00c4rmel. Nylon-Rei\u00dfverschluss. Gef\u00fctterte Kapuze mit Ton-in-Ton-Kordelzug. K\u00e4ngurutaschen. Strickb\u00fcndchen an \u00c4rmeln und Saum. Zertifizierte STANDARD 100 by OEKO-TEX\u00aeN\u00b0 CQ1007\/7, IFTH.<\/p>\n","protected":false},"excerpt":{"rendered":"<p>Mit Motiv hinten gro\u00df, mittig<\/p>\n","protected":false},"featured_media":3042,"template":"","meta":{"_uag_custom_page_level_css":"","_coblocks_attr":"","_coblocks_dimensions":"","_coblocks_responsive_height":"","_coblocks_accordion_ie_support":""},"product_brand":[],"product_cat":[22],"product_tag":[],"class_list":{"0":"post-3927","1":"product","2":"type-product","3":"status-publish","4":"has-post-thumbnail","6":"product_cat-sweatshirts-mit-reissverschluss","8":"first","9":"instock","10":"taxable","11":"shipping-taxable","12":"purchasable","13":"product-type-variable","14":"has-default-attributes"},"uagb_featured_image_src":{"full":["https:\/\/shops.apaya.ag\/otto-hahn-gymnasium-gifhorn\/wp-content\/uploads\/sites\/69\/2024\/09\/feature-xs84s1-front-back-ti600_48009_front.jpg",600,600,false],"thumbnail":["https:\/\/shops.apaya.ag\/otto-hahn-gymnasium-gifhorn\/wp-content\/uploads\/sites\/69\/2024\/09\/feature-xs84s1-front-back-ti600_48009_front-150x150.jpg",150,150,true],"medium":["https:\/\/shops.apaya.ag\/otto-hahn-gymnasium-gifhorn\/wp-content\/uploads\/sites\/69\/2024\/09\/feature-xs84s1-front-back-ti600_48009_front-300x300.jpg",300,300,true],"medium_large":["https:\/\/shops.apaya.ag\/otto-hahn-gymnasium-gifhorn\/wp-content\/uploads\/sites\/69\/2024\/09\/feature-xs84s1-front-back-ti600_48009_front.jpg",600,600,false],"large":["https:\/\/shops.apaya.ag\/otto-hahn-gymnasium-gifhorn\/wp-content\/uploads\/sites\/69\/2024\/09\/feature-xs84s1-front-back-ti600_48009_front.jpg",600,600,false],"1536x1536":["https:\/\/shops.apaya.ag\/otto-hahn-gymnasium-gifhorn\/wp-content\/uploads\/sites\/69\/2024\/09\/feature-xs84s1-front-back-ti600_48009_front.jpg",600,600,false],"2048x2048":["https:\/\/shops.apaya.ag\/otto-hahn-gymnasium-gifhorn\/wp-content\/uploads\/sites\/69\/2024\/09\/feature-xs84s1-front-back-ti600_48009_front.jpg",600,600,false],"woocommerce_thumbnail":["https:\/\/shops.apaya.ag\/otto-hahn-gymnasium-gifhorn\/wp-content\/uploads\/sites\/69\/2024\/09\/feature-xs84s1-front-back-ti600_48009_front-324x324.jpg",324,324,true],"woocommerce_single":["https:\/\/shops.apaya.ag\/otto-hahn-gymnasium-gifhorn\/wp-content\/uploads\/sites\/69\/2024\/09\/feature-xs84s1-front-back-ti600_48009_front-416x416.jpg",416,416,true],"woocommerce_gallery_thumbnail":["https:\/\/shops.apaya.ag\/otto-hahn-gymnasium-gifhorn\/wp-content\/uploads\/sites\/69\/2024\/09\/feature-xs84s1-front-back-ti600_48009_front-100x100.jpg",100,100,true]},"uagb_author_info":{"display_name":"Administrator","author_link":"https:\/\/shops.apaya.ag\/otto-hahn-gymnasium-gifhorn\/author\/"},"uagb_comment_info":0,"uagb_excerpt":"Mit Motiv hinten gro\u00df, mittig","_links":{"self":[{"href":"https:\/\/shops.apaya.ag\/otto-hahn-gymnasium-gifhorn\/wp-json\/wp\/v2\/product\/3927","targetHints":{"allow":["GET"]}}],"collection":[{"href":"https:\/\/shops.apaya.ag\/otto-hahn-gymnasium-gifhorn\/wp-json\/wp\/v2\/product"}],"about":[{"href":"https:\/\/shops.apaya.ag\/otto-hahn-gymnasium-gifhorn\/wp-json\/wp\/v2\/types\/product"}],"wp:featuredmedia":[{"embeddable":true,"href":"https:\/\/shops.apaya.ag\/otto-hahn-gymnasium-gifhorn\/wp-json\/wp\/v2\/media\/3042"}],"wp:attachment":[{"href":"https:\/\/shops.apaya.ag\/otto-hahn-gymnasium-gifhorn\/wp-json\/wp\/v2\/media?parent=3927"}],"wp:term":[{"taxonomy":"product_brand","embeddable":true,"href":"https:\/\/shops.apaya.ag\/otto-hahn-gymnasium-gifhorn\/wp-json\/wp\/v2\/product_brand?post=3927"},{"taxonomy":"product_cat","embeddable":true,"href":"https:\/\/shops.apaya.ag\/otto-hahn-gymnasium-gifhorn\/wp-json\/wp\/v2\/product_cat?post=3927"},{"taxonomy":"product_tag","embeddable":true,"href":"https:\/\/shops.apaya.ag\/otto-hahn-gymnasium-gifhorn\/wp-json\/wp\/v2\/product_tag?post=3927"}],"curies":[{"name":"wp","href":"https:\/\/api.w.org\/{rel}","templated":true}]}}