{"id":3686,"date":"2024-09-15T01:43:14","date_gmt":"2024-09-14T23:43:14","guid":{"rendered":"https:\/\/shops.apaya.ag\/otto-hahn-gymnasium-gifhorn\/?post_type=product&#038;p=3686"},"modified":"2026-05-06T13:59:42","modified_gmt":"2026-05-06T11:59:42","slug":"bio-unsex-hose","status":"publish","type":"product","link":"https:\/\/shops.apaya.ag\/otto-hahn-gymnasium-gifhorn\/produkt\/bio-unsex-hose\/","title":{"rendered":"Bio Unsex-Hose"},"content":{"rendered":"<p>80 % recycelter Baumwolle \/ 20 % recyceltem Polyester. Oxford Grey 75% biologischer Baumwolle \/ 25% recyceltem Polyester. Ungeb\u00fcrstetes LST-Fleece (Low Shrinkage Terry). Enzymwaschung. 2 Seitentaschen und 1 aufgesetzte Ges\u00e4\u00dftasche.  Elastischer Bund mit 1&#215;1-Rippstrick und flachem, farblich abgestimmtem Kordelzug mit Metallende. Hosensaum aus 1&#215;1-Strick. Kein Markenetikett, nur Gr\u00f6\u00dfenkennzeichnung f\u00fcr eine leichtere Veredelung.<\/p>\n","protected":false},"excerpt":{"rendered":"<p>Mit Motiv vorne klein, links (Herzseite)<\/p>\n","protected":false},"featured_media":2991,"template":"","meta":{"_uag_custom_page_level_css":"","_coblocks_attr":"","_coblocks_dimensions":"","_coblocks_responsive_height":"","_coblocks_accordion_ie_support":""},"product_brand":[],"product_cat":[23],"product_tag":[],"class_list":{"0":"post-3686","1":"product","2":"type-product","3":"status-publish","4":"has-post-thumbnail","6":"product_cat-hosen","8":"first","9":"instock","10":"taxable","11":"shipping-taxable","12":"purchasable","13":"product-type-variable","14":"has-default-attributes"},"uagb_featured_image_src":{"full":["https:\/\/shops.apaya.ag\/otto-hahn-gymnasium-gifhorn\/wp-content\/uploads\/sites\/69\/2024\/09\/ti600_47975_front.jpg",600,600,false],"thumbnail":["https:\/\/shops.apaya.ag\/otto-hahn-gymnasium-gifhorn\/wp-content\/uploads\/sites\/69\/2024\/09\/ti600_47975_front-150x150.jpg",150,150,true],"medium":["https:\/\/shops.apaya.ag\/otto-hahn-gymnasium-gifhorn\/wp-content\/uploads\/sites\/69\/2024\/09\/ti600_47975_front-300x300.jpg",300,300,true],"medium_large":["https:\/\/shops.apaya.ag\/otto-hahn-gymnasium-gifhorn\/wp-content\/uploads\/sites\/69\/2024\/09\/ti600_47975_front.jpg",600,600,false],"large":["https:\/\/shops.apaya.ag\/otto-hahn-gymnasium-gifhorn\/wp-content\/uploads\/sites\/69\/2024\/09\/ti600_47975_front.jpg",600,600,false],"1536x1536":["https:\/\/shops.apaya.ag\/otto-hahn-gymnasium-gifhorn\/wp-content\/uploads\/sites\/69\/2024\/09\/ti600_47975_front.jpg",600,600,false],"2048x2048":["https:\/\/shops.apaya.ag\/otto-hahn-gymnasium-gifhorn\/wp-content\/uploads\/sites\/69\/2024\/09\/ti600_47975_front.jpg",600,600,false],"woocommerce_thumbnail":["https:\/\/shops.apaya.ag\/otto-hahn-gymnasium-gifhorn\/wp-content\/uploads\/sites\/69\/2024\/09\/ti600_47975_front-324x324.jpg",324,324,true],"woocommerce_single":["https:\/\/shops.apaya.ag\/otto-hahn-gymnasium-gifhorn\/wp-content\/uploads\/sites\/69\/2024\/09\/ti600_47975_front-416x416.jpg",416,416,true],"woocommerce_gallery_thumbnail":["https:\/\/shops.apaya.ag\/otto-hahn-gymnasium-gifhorn\/wp-content\/uploads\/sites\/69\/2024\/09\/ti600_47975_front-100x100.jpg",100,100,true]},"uagb_author_info":{"display_name":"Administrator","author_link":"https:\/\/shops.apaya.ag\/otto-hahn-gymnasium-gifhorn\/author\/"},"uagb_comment_info":0,"uagb_excerpt":"Mit Motiv vorne klein, links (Herzseite)","_links":{"self":[{"href":"https:\/\/shops.apaya.ag\/otto-hahn-gymnasium-gifhorn\/wp-json\/wp\/v2\/product\/3686","targetHints":{"allow":["GET"]}}],"collection":[{"href":"https:\/\/shops.apaya.ag\/otto-hahn-gymnasium-gifhorn\/wp-json\/wp\/v2\/product"}],"about":[{"href":"https:\/\/shops.apaya.ag\/otto-hahn-gymnasium-gifhorn\/wp-json\/wp\/v2\/types\/product"}],"wp:featuredmedia":[{"embeddable":true,"href":"https:\/\/shops.apaya.ag\/otto-hahn-gymnasium-gifhorn\/wp-json\/wp\/v2\/media\/2991"}],"wp:attachment":[{"href":"https:\/\/shops.apaya.ag\/otto-hahn-gymnasium-gifhorn\/wp-json\/wp\/v2\/media?parent=3686"}],"wp:term":[{"taxonomy":"product_brand","embeddable":true,"href":"https:\/\/shops.apaya.ag\/otto-hahn-gymnasium-gifhorn\/wp-json\/wp\/v2\/product_brand?post=3686"},{"taxonomy":"product_cat","embeddable":true,"href":"https:\/\/shops.apaya.ag\/otto-hahn-gymnasium-gifhorn\/wp-json\/wp\/v2\/product_cat?post=3686"},{"taxonomy":"product_tag","embeddable":true,"href":"https:\/\/shops.apaya.ag\/otto-hahn-gymnasium-gifhorn\/wp-json\/wp\/v2\/product_tag?post=3686"}],"curies":[{"name":"wp","href":"https:\/\/api.w.org\/{rel}","templated":true}]}}