{"id":3328,"date":"2024-09-15T01:42:44","date_gmt":"2024-09-14T23:42:44","guid":{"rendered":"https:\/\/shops.apaya.ag\/otto-hahn-gymnasium-gifhorn\/?post_type=product&#038;p=3328"},"modified":"2026-05-06T13:59:42","modified_gmt":"2026-05-06T11:59:42","slug":"premium-bio-sweatshirt-2","status":"publish","type":"product","link":"https:\/\/shops.apaya.ag\/otto-hahn-gymnasium-gifhorn\/produkt\/premium-bio-sweatshirt-2\/","title":{"rendered":"Premium-Bio-Sweatshirt"},"content":{"rendered":"<p>Aus 85 % recycelter Baumwolle und 15 % post-consumer recyceltem Polyester. Gek\u00e4mmte Baumwolle.  Das GOTS-Zertifikat (Global Organic Textile Standard) wird von Ecocert Greenlife ausgestellt.   Unisex. Straight Fit. LSF-Behandlung (Low Shrinkage Fleece: vorgeschrumpftes Fleece). Geb\u00fcrstetes Fleece mit 3 F\u00e4den. Rundhalsausschnitt. Halbmond.   Gr\u00f6\u00dfenetikett mit den Logos f\u00fcr biologische Baumwolle und recycelten Polyester. Strickb\u00fcndchen an Halsausschnitt und Saum sowie 1&#215;1-Rippstrick-\u00c4rmelb\u00fcndchen.   Doppelte Ziernaht an \u00c4rmeln und unterem Saum. Schlichte Ziernaht am Halsausschnitt. Nackenband auf der Innenseite hinten.   Kein Markenetikett am Kragen, nur Gr\u00f6\u00dfenkennzeichnung, f\u00fcr eine leichtere Veredelung.  Mit Pappe-Etikett auf welchem die in der Produktzusammensetzung verwendeten umweltfreundlichen Materialien aufgef\u00fchrt werden. Kordel aus biologischer Baumwolle.  Zertifizierte STANDARD 100 by OEKO-TEX\u00aeN\u00b0 CQ1007\/7, IFTH.<\/p>\n","protected":false},"excerpt":{"rendered":"<p>Mit Motiv hinten gro\u00df, mittig<\/p>\n","protected":false},"featured_media":2915,"template":"","meta":{"_uag_custom_page_level_css":"","_coblocks_attr":"","_coblocks_dimensions":"","_coblocks_responsive_height":"","_coblocks_accordion_ie_support":""},"product_brand":[],"product_cat":[20],"product_tag":[],"class_list":{"0":"post-3328","1":"product","2":"type-product","3":"status-publish","4":"has-post-thumbnail","6":"product_cat-sweatshirts","8":"first","9":"instock","10":"taxable","11":"shipping-taxable","12":"purchasable","13":"product-type-variable","14":"has-default-attributes"},"uagb_featured_image_src":{"full":["https:\/\/shops.apaya.ag\/otto-hahn-gymnasium-gifhorn\/wp-content\/uploads\/sites\/69\/2024\/09\/feature-KoUTGW-front-back-ti600_47927_front.jpg",600,600,false],"thumbnail":["https:\/\/shops.apaya.ag\/otto-hahn-gymnasium-gifhorn\/wp-content\/uploads\/sites\/69\/2024\/09\/feature-KoUTGW-front-back-ti600_47927_front-150x150.jpg",150,150,true],"medium":["https:\/\/shops.apaya.ag\/otto-hahn-gymnasium-gifhorn\/wp-content\/uploads\/sites\/69\/2024\/09\/feature-KoUTGW-front-back-ti600_47927_front-300x300.jpg",300,300,true],"medium_large":["https:\/\/shops.apaya.ag\/otto-hahn-gymnasium-gifhorn\/wp-content\/uploads\/sites\/69\/2024\/09\/feature-KoUTGW-front-back-ti600_47927_front.jpg",600,600,false],"large":["https:\/\/shops.apaya.ag\/otto-hahn-gymnasium-gifhorn\/wp-content\/uploads\/sites\/69\/2024\/09\/feature-KoUTGW-front-back-ti600_47927_front.jpg",600,600,false],"1536x1536":["https:\/\/shops.apaya.ag\/otto-hahn-gymnasium-gifhorn\/wp-content\/uploads\/sites\/69\/2024\/09\/feature-KoUTGW-front-back-ti600_47927_front.jpg",600,600,false],"2048x2048":["https:\/\/shops.apaya.ag\/otto-hahn-gymnasium-gifhorn\/wp-content\/uploads\/sites\/69\/2024\/09\/feature-KoUTGW-front-back-ti600_47927_front.jpg",600,600,false],"woocommerce_thumbnail":["https:\/\/shops.apaya.ag\/otto-hahn-gymnasium-gifhorn\/wp-content\/uploads\/sites\/69\/2024\/09\/feature-KoUTGW-front-back-ti600_47927_front-324x324.jpg",324,324,true],"woocommerce_single":["https:\/\/shops.apaya.ag\/otto-hahn-gymnasium-gifhorn\/wp-content\/uploads\/sites\/69\/2024\/09\/feature-KoUTGW-front-back-ti600_47927_front-416x416.jpg",416,416,true],"woocommerce_gallery_thumbnail":["https:\/\/shops.apaya.ag\/otto-hahn-gymnasium-gifhorn\/wp-content\/uploads\/sites\/69\/2024\/09\/feature-KoUTGW-front-back-ti600_47927_front-100x100.jpg",100,100,true]},"uagb_author_info":{"display_name":"Administrator","author_link":"https:\/\/shops.apaya.ag\/otto-hahn-gymnasium-gifhorn\/author\/"},"uagb_comment_info":0,"uagb_excerpt":"Mit Motiv hinten gro\u00df, mittig","_links":{"self":[{"href":"https:\/\/shops.apaya.ag\/otto-hahn-gymnasium-gifhorn\/wp-json\/wp\/v2\/product\/3328","targetHints":{"allow":["GET"]}}],"collection":[{"href":"https:\/\/shops.apaya.ag\/otto-hahn-gymnasium-gifhorn\/wp-json\/wp\/v2\/product"}],"about":[{"href":"https:\/\/shops.apaya.ag\/otto-hahn-gymnasium-gifhorn\/wp-json\/wp\/v2\/types\/product"}],"wp:featuredmedia":[{"embeddable":true,"href":"https:\/\/shops.apaya.ag\/otto-hahn-gymnasium-gifhorn\/wp-json\/wp\/v2\/media\/2915"}],"wp:attachment":[{"href":"https:\/\/shops.apaya.ag\/otto-hahn-gymnasium-gifhorn\/wp-json\/wp\/v2\/media?parent=3328"}],"wp:term":[{"taxonomy":"product_brand","embeddable":true,"href":"https:\/\/shops.apaya.ag\/otto-hahn-gymnasium-gifhorn\/wp-json\/wp\/v2\/product_brand?post=3328"},{"taxonomy":"product_cat","embeddable":true,"href":"https:\/\/shops.apaya.ag\/otto-hahn-gymnasium-gifhorn\/wp-json\/wp\/v2\/product_cat?post=3328"},{"taxonomy":"product_tag","embeddable":true,"href":"https:\/\/shops.apaya.ag\/otto-hahn-gymnasium-gifhorn\/wp-json\/wp\/v2\/product_tag?post=3328"}],"curies":[{"name":"wp","href":"https:\/\/api.w.org\/{rel}","templated":true}]}}