{"id":3326,"date":"2024-09-15T01:42:43","date_gmt":"2024-09-14T23:42:43","guid":{"rendered":"https:\/\/shops.apaya.ag\/otto-hahn-gymnasium-gifhorn\/?post_type=product&#038;p=3326"},"modified":"2026-05-06T13:59:42","modified_gmt":"2026-05-06T11:59:42","slug":"bio-damen-sweatshirt-lounge-mit-kapuze-2","status":"publish","type":"product","link":"https:\/\/shops.apaya.ag\/otto-hahn-gymnasium-gifhorn\/produkt\/bio-damen-sweatshirt-lounge-mit-kapuze-2\/","title":{"rendered":"Bio-Damen-Sweatshirt Lounge mit Kapuze"},"content":{"rendered":"<p>Uni : 91\u00a0% Baumwolle \/ 9\u00a0% Polyester. Aus 91 % biologischer Baumwolle. Ungeb\u00fcrstetes Fleece &#8222;French Terry\u201c. Sehr weiche Textur. Set-in-\u00c4rmel. Weiter, l\u00e4ssiger Schnitt mit Kapuze mit Futter aus Jerseystoff. Fischgr\u00e4tnackenband. Strickb\u00fcndchen an \u00c4rmeln und Saum. Kein Markenetikett am Kragen, nur Gr\u00f6\u00dfenkennzeichnung, f\u00fcr eine leichtere Veredelung. Entweder etwas figurbetonter oder Oversize tragen f\u00fcr einen l\u00e4ssigen Look. Zertifizierte STANDARD 100 by OEKO-TEX\u00aeN\u00b0 CQ1007\/7, IFTH.<\/p>\n","protected":false},"excerpt":{"rendered":"<p>Mit Motiv hinten gro\u00df, mittig<\/p>\n","protected":false},"featured_media":2907,"template":"","meta":{"_uag_custom_page_level_css":"","_coblocks_attr":"","_coblocks_dimensions":"","_coblocks_responsive_height":"","_coblocks_accordion_ie_support":""},"product_brand":[],"product_cat":[19],"product_tag":[],"class_list":{"0":"post-3326","1":"product","2":"type-product","3":"status-publish","4":"has-post-thumbnail","6":"product_cat-kapuzensweatshirts","8":"first","9":"instock","10":"taxable","11":"shipping-taxable","12":"purchasable","13":"product-type-variable","14":"has-default-attributes"},"uagb_featured_image_src":{"full":["https:\/\/shops.apaya.ag\/otto-hahn-gymnasium-gifhorn\/wp-content\/uploads\/sites\/69\/2024\/09\/feature-sKtzqt-front-back-ti600_47924_front.jpg",600,600,false],"thumbnail":["https:\/\/shops.apaya.ag\/otto-hahn-gymnasium-gifhorn\/wp-content\/uploads\/sites\/69\/2024\/09\/feature-sKtzqt-front-back-ti600_47924_front-150x150.jpg",150,150,true],"medium":["https:\/\/shops.apaya.ag\/otto-hahn-gymnasium-gifhorn\/wp-content\/uploads\/sites\/69\/2024\/09\/feature-sKtzqt-front-back-ti600_47924_front-300x300.jpg",300,300,true],"medium_large":["https:\/\/shops.apaya.ag\/otto-hahn-gymnasium-gifhorn\/wp-content\/uploads\/sites\/69\/2024\/09\/feature-sKtzqt-front-back-ti600_47924_front.jpg",600,600,false],"large":["https:\/\/shops.apaya.ag\/otto-hahn-gymnasium-gifhorn\/wp-content\/uploads\/sites\/69\/2024\/09\/feature-sKtzqt-front-back-ti600_47924_front.jpg",600,600,false],"1536x1536":["https:\/\/shops.apaya.ag\/otto-hahn-gymnasium-gifhorn\/wp-content\/uploads\/sites\/69\/2024\/09\/feature-sKtzqt-front-back-ti600_47924_front.jpg",600,600,false],"2048x2048":["https:\/\/shops.apaya.ag\/otto-hahn-gymnasium-gifhorn\/wp-content\/uploads\/sites\/69\/2024\/09\/feature-sKtzqt-front-back-ti600_47924_front.jpg",600,600,false],"woocommerce_thumbnail":["https:\/\/shops.apaya.ag\/otto-hahn-gymnasium-gifhorn\/wp-content\/uploads\/sites\/69\/2024\/09\/feature-sKtzqt-front-back-ti600_47924_front-324x324.jpg",324,324,true],"woocommerce_single":["https:\/\/shops.apaya.ag\/otto-hahn-gymnasium-gifhorn\/wp-content\/uploads\/sites\/69\/2024\/09\/feature-sKtzqt-front-back-ti600_47924_front-416x416.jpg",416,416,true],"woocommerce_gallery_thumbnail":["https:\/\/shops.apaya.ag\/otto-hahn-gymnasium-gifhorn\/wp-content\/uploads\/sites\/69\/2024\/09\/feature-sKtzqt-front-back-ti600_47924_front-100x100.jpg",100,100,true]},"uagb_author_info":{"display_name":"Administrator","author_link":"https:\/\/shops.apaya.ag\/otto-hahn-gymnasium-gifhorn\/author\/"},"uagb_comment_info":0,"uagb_excerpt":"Mit Motiv hinten gro\u00df, mittig","_links":{"self":[{"href":"https:\/\/shops.apaya.ag\/otto-hahn-gymnasium-gifhorn\/wp-json\/wp\/v2\/product\/3326","targetHints":{"allow":["GET"]}}],"collection":[{"href":"https:\/\/shops.apaya.ag\/otto-hahn-gymnasium-gifhorn\/wp-json\/wp\/v2\/product"}],"about":[{"href":"https:\/\/shops.apaya.ag\/otto-hahn-gymnasium-gifhorn\/wp-json\/wp\/v2\/types\/product"}],"wp:featuredmedia":[{"embeddable":true,"href":"https:\/\/shops.apaya.ag\/otto-hahn-gymnasium-gifhorn\/wp-json\/wp\/v2\/media\/2907"}],"wp:attachment":[{"href":"https:\/\/shops.apaya.ag\/otto-hahn-gymnasium-gifhorn\/wp-json\/wp\/v2\/media?parent=3326"}],"wp:term":[{"taxonomy":"product_brand","embeddable":true,"href":"https:\/\/shops.apaya.ag\/otto-hahn-gymnasium-gifhorn\/wp-json\/wp\/v2\/product_brand?post=3326"},{"taxonomy":"product_cat","embeddable":true,"href":"https:\/\/shops.apaya.ag\/otto-hahn-gymnasium-gifhorn\/wp-json\/wp\/v2\/product_cat?post=3326"},{"taxonomy":"product_tag","embeddable":true,"href":"https:\/\/shops.apaya.ag\/otto-hahn-gymnasium-gifhorn\/wp-json\/wp\/v2\/product_tag?post=3326"}],"curies":[{"name":"wp","href":"https:\/\/api.w.org\/{rel}","templated":true}]}}