{"id":10,"date":"2021-04-03T14:30:37","date_gmt":"2021-04-03T12:30:37","guid":{"rendered":"https:\/\/shops.apaya.ag\/montessori-lueneburg\/?page_id=10"},"modified":"2025-03-04T14:41:09","modified_gmt":"2025-03-04T13:41:09","slug":"10-2","status":"publish","type":"page","link":"https:\/\/shops.apaya.ag\/montessori-lueneburg\/","title":{"rendered":""},"content":{"rendered":"\n<h2 class=\"wp-block-heading has-text-align-center\">Willkommen im Montessori-Style<\/h2>\n\n\n\n<div aria-label=\"List of logos\" class=\"wp-block-coblocks-logos\"><div class=\"wp-block-coblocks-logos__row\"><div style=\"width:100%\"><img decoding=\"async\" alt=\"\" data-id=\"1337\" data-width=\"100%\" src=\"https:\/\/shops.apaya.ag\/montessori-lueneburg\/wp-content\/uploads\/sites\/93\/2024\/05\/Einblick_Produktportfolio-2.jpeg\" \/><\/div><\/div><\/div>\n\n\n\n<p><br>Entdecken Sie unsere vielf\u00e4ltige Kollektion an Kleidung und Merch. F\u00fcr Kinder, Eltern, das Team, die Vereinsmitglieder \u2013 gemeinsam bringen wir das Montessori Bildungshaus L\u00fcneburg zum Strahlen!<\/p>\n\n\n\n<ul class=\"wp-block-list\">\n<li>Unser Sammelshop: Bestellen Sie direkt bei unserem neuen Dienstleister APAYA \u2013 definierte Bestellzeitr\u00e4ume, Lieferung versandkostenfrei ins Montessori Bildungshaus, pers\u00f6nlicher Login-Bereich.<\/li>\n\n\n\n<li>Neues Textil-Label &#8222;Stanley\/Stella&#8220;: modern, 100 % Bio-Baumwolle, lebendige Farben \u2013 eine tolle Verbindung von Style und Nachhaltigkeit.<\/li>\n\n\n\n<li>Die allermeisten Veredelungen sind gestickt, f\u00fcr eine hochwertige Optik.<\/li>\n<\/ul>\n\n\n\n<p>F\u00fcr Gro\u00df und Klein \u2013 f\u00fcr alle, die sich mit dem Montessori Bildungshaus verbunden f\u00fchlen! \ud83c\udf08<\/p>\n\n\n<div class=\"woocommerce columns-4\"><ul class=\"products columns-4\">\n<li class=\"product-category product first\">\n\t<a aria-label=\"Produktkategorie Kinder besuchen\" href=\"https:\/\/shops.apaya.ag\/montessori-lueneburg\/produkt-kategorie\/kinder\/\"><img loading=\"lazy\" decoding=\"async\" src=\"https:\/\/shops.apaya.ag\/montessori-lueneburg\/wp-content\/uploads\/sites\/93\/2024\/05\/pulli_kinder_kat-230x324-1.png\" alt=\"Kinder\" width=\"324\" height=\"324\" srcset=\"https:\/\/shops.apaya.ag\/montessori-lueneburg\/wp-content\/uploads\/sites\/93\/2024\/05\/pulli_kinder_kat-230x324-1.png 230w, https:\/\/shops.apaya.ag\/montessori-lueneburg\/wp-content\/uploads\/sites\/93\/2024\/05\/pulli_kinder_kat-230x324-1-213x300.png 213w\" sizes=\"auto, (max-width: 230px) 100vw, 230px\" \/>\t\t<h2 class=\"woocommerce-loop-category__title\">\n\t\t\tKinder <mark class=\"count\">(18)<\/mark>\t\t<\/h2>\n\t\t<\/a><\/li>\n<li class=\"product-category product\">\n\t<a aria-label=\"Produktkategorie Damen besuchen\" href=\"https:\/\/shops.apaya.ag\/montessori-lueneburg\/produkt-kategorie\/damen\/\"><img loading=\"lazy\" decoding=\"async\" src=\"https:\/\/shops.apaya.ag\/montessori-lueneburg\/wp-content\/uploads\/sites\/93\/2024\/05\/Blusen_Hemden.png\" alt=\"Damen\" width=\"324\" height=\"324\" srcset=\"https:\/\/shops.apaya.ag\/montessori-lueneburg\/wp-content\/uploads\/sites\/93\/2024\/05\/Blusen_Hemden.png 230w, https:\/\/shops.apaya.ag\/montessori-lueneburg\/wp-content\/uploads\/sites\/93\/2024\/05\/Blusen_Hemden-213x300.png 213w\" sizes=\"auto, (max-width: 230px) 100vw, 230px\" \/>\t\t<h2 class=\"woocommerce-loop-category__title\">\n\t\t\tDamen <mark class=\"count\">(18)<\/mark>\t\t<\/h2>\n\t\t<\/a><\/li>\n<li class=\"product-category product\">\n\t<a aria-label=\"Produktkategorie Herren besuchen\" href=\"https:\/\/shops.apaya.ag\/montessori-lueneburg\/produkt-kategorie\/herren\/\"><img loading=\"lazy\" decoding=\"async\" src=\"https:\/\/shops.apaya.ag\/montessori-lueneburg\/wp-content\/uploads\/sites\/93\/2024\/05\/sweatjacke_kat-230x324-1.jpg\" alt=\"Herren\" width=\"324\" height=\"324\" srcset=\"https:\/\/shops.apaya.ag\/montessori-lueneburg\/wp-content\/uploads\/sites\/93\/2024\/05\/sweatjacke_kat-230x324-1.jpg 230w, https:\/\/shops.apaya.ag\/montessori-lueneburg\/wp-content\/uploads\/sites\/93\/2024\/05\/sweatjacke_kat-230x324-1-213x300.jpg 213w\" sizes=\"auto, (max-width: 230px) 100vw, 230px\" \/>\t\t<h2 class=\"woocommerce-loop-category__title\">\n\t\t\tHerren <mark class=\"count\">(15)<\/mark>\t\t<\/h2>\n\t\t<\/a><\/li>\n<li class=\"product-category product last\">\n\t<a aria-label=\"Produktkategorie Accessoires besuchen\" href=\"https:\/\/shops.apaya.ag\/montessori-lueneburg\/produkt-kategorie\/accessoires\/\"><img loading=\"lazy\" decoding=\"async\" src=\"https:\/\/shops.apaya.ag\/montessori-lueneburg\/wp-content\/uploads\/sites\/93\/2024\/05\/accessoires_kat-230x324.png\" alt=\"Accessoires\" width=\"324\" height=\"324\" \/>\t\t<h2 class=\"woocommerce-loop-category__title\">\n\t\t\tAccessoires <mark class=\"count\">(6)<\/mark>\t\t<\/h2>\n\t\t<\/a><\/li>\n<\/ul>\n<\/div>\n\n\n\n<p>N\u00e4chste Bestellrunde:<\/p>\n\n\n\n<ul class=\"wp-block-list\">\n<li>22.April 2025 &#8211; 01.Juni 2025 &#8211; Die Lieferung erfolgt ca. KW 25 an die Schule!<\/li>\n<\/ul>\n\n\n\n<p class=\"has-text-align-center\">Unsere Kleidung soll stylisch sein, funktionell aber auch nachhaltig &amp; zu menschenw\u00fcrdigen Bedingungen produziert werden. Wir legen deshalb gr\u00f6\u00dften Wert auf &#8222;Nachhaltige Produktion&#8220; &#8211; &#8222;Fairen Handel&#8220; &#8211; &#8222;\u00d6kologische Verantwortung&#8220; .<\/p>\n\n\n\n<div aria-label=\"List of logos\" class=\"wp-block-coblocks-logos apaya-homepage-logos\"><div class=\"wp-block-coblocks-logos__row\"><div style=\"width:26.2087%\"><img decoding=\"async\" alt=\"Zertifikat Fair Wear\" data-id=\"44\" data-width=\"26.2087%\" src=\"https:\/\/shops.apaya.ag\/montessori-lueneburg\/wp-content\/uploads\/sites\/93\/2021\/04\/startseite-zertifikat-fair-wear.png\" \/><\/div><div style=\"width:23.1552%\"><img decoding=\"async\" alt=\"Zertifikat Oeko Tex\" data-id=\"43\" data-width=\"23.1552%\" src=\"https:\/\/shops.apaya.ag\/montessori-lueneburg\/wp-content\/uploads\/sites\/93\/2021\/04\/startseite-zertifikat-oeko-tex.png\" \/><\/div><div style=\"width:15.2672%\"><img decoding=\"async\" alt=\"Zertifikat Bio\" data-id=\"42\" data-width=\"15.2672%\" src=\"https:\/\/shops.apaya.ag\/montessori-lueneburg\/wp-content\/uploads\/sites\/93\/2021\/04\/startseite-zertifikat-bio.png\" \/><\/div><\/div><\/div>\n\n\n\n<div class=\"wp-block-columns is-layout-flex wp-container-core-columns-is-layout-28f84493 wp-block-columns-is-layout-flex\">\n<div class=\"wp-block-column is-layout-flow wp-block-column-is-layout-flow\">\n<ul class=\"wp-block-list is-style-default apaya-homepage-list\">\n<li>Einhaltung von \u00d6kotex Standard (neutrale Textilien ohne Giftstoffe die Hautreizungen hervorrufen k\u00f6nnen)<\/li>\n\n\n\n<li>Herstellung aus zertifizierter Bio-Baumwolle<\/li>\n\n\n\n<li>Sozialvertr\u00e4gliche Arbeitsbedingungen &amp;soziale Verantwortung im Sinne des Fair Trade<\/li>\n<\/ul>\n<\/div>\n\n\n\n<div class=\"wp-block-column is-layout-flow wp-block-column-is-layout-flow\">\n<ul class=\"wp-block-list is-style-default apaya-homepage-list\">\n<li>Zahlung von fairen Preisen<\/li>\n\n\n\n<li>Transparenz entlang der gesamten Lieferkette<\/li>\n\n\n\n<li>Einhaltung ethischer Herstellungsrichtlinien (z.B. keine Kinderarbeit, Gleichberechtigung von Frauen)<\/li>\n<\/ul>\n<\/div>\n<\/div>\n","protected":false},"excerpt":{"rendered":"<p>Willkommen im Montessori-Style Entdecken Sie unsere vielf\u00e4ltige Kollektion an Kleidung und Merch. F\u00fcr Kinder, Eltern, das Team, die Vereinsmitglieder \u2013 gemeinsam bringen wir das Montessori Bildungshaus L\u00fcneburg zum Strahlen! F\u00fcr Gro\u00df und Klein \u2013 f\u00fcr alle, die sich mit dem Montessori Bildungshaus verbunden f\u00fchlen! \ud83c\udf08 N\u00e4chste Bestellrunde: Unsere Kleidung soll stylisch sein, funktionell aber auch [&hellip;]<\/p>\n","protected":false},"author":1,"featured_media":0,"parent":0,"menu_order":0,"comment_status":"closed","ping_status":"closed","template":"","meta":{"_uag_custom_page_level_css":"","_coblocks_attr":"","_coblocks_dimensions":"","_coblocks_responsive_height":"","_coblocks_accordion_ie_support":"","footnotes":""},"class_list":["post-10","page","type-page","status-publish","hentry"],"uagb_featured_image_src":{"full":false,"thumbnail":false,"medium":false,"medium_large":false,"large":false,"1536x1536":false,"2048x2048":false,"woocommerce_thumbnail":false,"woocommerce_single":false,"woocommerce_gallery_thumbnail":false},"uagb_author_info":{"display_name":"Administrator","author_link":"https:\/\/shops.apaya.ag\/montessori-lueneburg\/author\/admin-apaya\/"},"uagb_comment_info":0,"uagb_excerpt":"Willkommen im Montessori-Style Entdecken Sie unsere vielf\u00e4ltige Kollektion an Kleidung und Merch. F\u00fcr Kinder, Eltern, das Team, die Vereinsmitglieder \u2013 gemeinsam bringen wir das Montessori Bildungshaus L\u00fcneburg zum Strahlen! F\u00fcr Gro\u00df und Klein \u2013 f\u00fcr alle, die sich mit dem Montessori Bildungshaus verbunden f\u00fchlen! \ud83c\udf08 N\u00e4chste Bestellrunde: Unsere Kleidung soll stylisch sein, funktionell aber auch&hellip;","_links":{"self":[{"href":"https:\/\/shops.apaya.ag\/montessori-lueneburg\/wp-json\/wp\/v2\/pages\/10","targetHints":{"allow":["GET"]}}],"collection":[{"href":"https:\/\/shops.apaya.ag\/montessori-lueneburg\/wp-json\/wp\/v2\/pages"}],"about":[{"href":"https:\/\/shops.apaya.ag\/montessori-lueneburg\/wp-json\/wp\/v2\/types\/page"}],"author":[{"embeddable":true,"href":"https:\/\/shops.apaya.ag\/montessori-lueneburg\/wp-json\/wp\/v2\/users\/1"}],"replies":[{"embeddable":true,"href":"https:\/\/shops.apaya.ag\/montessori-lueneburg\/wp-json\/wp\/v2\/comments?post=10"}],"version-history":[{"count":13,"href":"https:\/\/shops.apaya.ag\/montessori-lueneburg\/wp-json\/wp\/v2\/pages\/10\/revisions"}],"predecessor-version":[{"id":1442,"href":"https:\/\/shops.apaya.ag\/montessori-lueneburg\/wp-json\/wp\/v2\/pages\/10\/revisions\/1442"}],"wp:attachment":[{"href":"https:\/\/shops.apaya.ag\/montessori-lueneburg\/wp-json\/wp\/v2\/media?parent=10"}],"curies":[{"name":"wp","href":"https:\/\/api.w.org\/{rel}","templated":true}]}}