{"id":196,"date":"2024-09-26T02:05:56","date_gmt":"2024-09-26T00:05:56","guid":{"rendered":"https:\/\/shops.apaya.ag\/moeckfloeh\/?post_type=product&#038;p=196"},"modified":"2024-09-26T02:06:21","modified_gmt":"2024-09-26T00:06:21","slug":"damen-essential-team-sweathose","status":"publish","type":"product","link":"https:\/\/shops.apaya.ag\/moeckfloeh\/produkt\/damen-essential-team-sweathose\/","title":{"rendered":"Damen Essential Team Sweathose"},"content":{"rendered":"<p>Die bequeme Damen-Sweathose ist der ideale Begleiter f\u00fcr Sport und Alltag. Dank dem hohen Baumwollanteil f\u00fchlt sie sich super angenehm auf der Haut an.<\/p>\n<p>    Weicher Baumwollmix<br \/>\n    Leichter Stretch f\u00fcr nat\u00fcrliche Bewegungsfreiheit<br \/>\n    Elastischer Bund mit Kordelzug<br \/>\n    Seitliche Rei\u00dfverschlusstaschen<br \/>\n    Schmales, elastische B\u00fcndchen am Beinabschluss<br \/>\n    Schmal zulaufende Passform<br \/>\n    ERIMA Schwingen-Print seitlich an der Wade<\/p>\n","protected":false},"excerpt":{"rendered":"<p>Die bequeme Damen-Sweathose ist der ideale Begleiter f\u00fcr Sport und Alltag. Dank dem hohen Baumwollanteil f\u00fchlt sie sich super angenehm auf der Haut an. Weicher Baumwollmix Leichter Stretch f\u00fcr nat\u00fcrliche Bewegungsfreiheit Elastischer Bund mit Kordelzug Seitliche Rei\u00dfverschlusstaschen Schmales, elastische B\u00fcndchen am Beinabschluss Schmal zulaufende Passform ERIMA Schwingen-Print seitlich an der Wade<\/p>\n","protected":false},"featured_media":194,"template":"","meta":{"_uag_custom_page_level_css":"","_coblocks_attr":"","_coblocks_dimensions":"","_coblocks_responsive_height":"","_coblocks_accordion_ie_support":""},"product_brand":[],"product_cat":[23],"product_tag":[],"class_list":{"0":"post-196","1":"product","2":"type-product","3":"status-publish","4":"has-post-thumbnail","6":"product_cat-sweathosen","8":"first","9":"instock","10":"taxable","11":"shipping-taxable","12":"purchasable","13":"product-type-variable","14":"has-default-attributes"},"uagb_featured_image_src":{"full":["https:\/\/shops.apaya.ag\/moeckfloeh\/wp-content\/uploads\/sites\/109\/2024\/09\/ti600_48530_front.jpg",602,602,false],"thumbnail":["https:\/\/shops.apaya.ag\/moeckfloeh\/wp-content\/uploads\/sites\/109\/2024\/09\/ti600_48530_front-150x150.jpg",150,150,true],"medium":["https:\/\/shops.apaya.ag\/moeckfloeh\/wp-content\/uploads\/sites\/109\/2024\/09\/ti600_48530_front-300x300.jpg",300,300,true],"medium_large":["https:\/\/shops.apaya.ag\/moeckfloeh\/wp-content\/uploads\/sites\/109\/2024\/09\/ti600_48530_front.jpg",602,602,false],"large":["https:\/\/shops.apaya.ag\/moeckfloeh\/wp-content\/uploads\/sites\/109\/2024\/09\/ti600_48530_front.jpg",602,602,false],"1536x1536":["https:\/\/shops.apaya.ag\/moeckfloeh\/wp-content\/uploads\/sites\/109\/2024\/09\/ti600_48530_front.jpg",602,602,false],"2048x2048":["https:\/\/shops.apaya.ag\/moeckfloeh\/wp-content\/uploads\/sites\/109\/2024\/09\/ti600_48530_front.jpg",602,602,false],"woocommerce_thumbnail":["https:\/\/shops.apaya.ag\/moeckfloeh\/wp-content\/uploads\/sites\/109\/2024\/09\/ti600_48530_front-324x324.jpg",324,324,true],"woocommerce_single":["https:\/\/shops.apaya.ag\/moeckfloeh\/wp-content\/uploads\/sites\/109\/2024\/09\/ti600_48530_front-416x416.jpg",416,416,true],"woocommerce_gallery_thumbnail":["https:\/\/shops.apaya.ag\/moeckfloeh\/wp-content\/uploads\/sites\/109\/2024\/09\/ti600_48530_front-100x100.jpg",100,100,true]},"uagb_author_info":{"display_name":"Administrator","author_link":"https:\/\/shops.apaya.ag\/moeckfloeh\/author\/"},"uagb_comment_info":0,"uagb_excerpt":"Die bequeme Damen-Sweathose ist der ideale Begleiter f\u00fcr Sport und Alltag. Dank dem hohen Baumwollanteil f\u00fchlt sie sich super angenehm auf der Haut an. Weicher Baumwollmix Leichter Stretch f\u00fcr nat\u00fcrliche Bewegungsfreiheit Elastischer Bund mit Kordelzug Seitliche Rei\u00dfverschlusstaschen Schmales, elastische B\u00fcndchen am Beinabschluss Schmal zulaufende Passform ERIMA Schwingen-Print seitlich an der Wade","_links":{"self":[{"href":"https:\/\/shops.apaya.ag\/moeckfloeh\/wp-json\/wp\/v2\/product\/196","targetHints":{"allow":["GET"]}}],"collection":[{"href":"https:\/\/shops.apaya.ag\/moeckfloeh\/wp-json\/wp\/v2\/product"}],"about":[{"href":"https:\/\/shops.apaya.ag\/moeckfloeh\/wp-json\/wp\/v2\/types\/product"}],"wp:featuredmedia":[{"embeddable":true,"href":"https:\/\/shops.apaya.ag\/moeckfloeh\/wp-json\/wp\/v2\/media\/194"}],"wp:attachment":[{"href":"https:\/\/shops.apaya.ag\/moeckfloeh\/wp-json\/wp\/v2\/media?parent=196"}],"wp:term":[{"taxonomy":"product_brand","embeddable":true,"href":"https:\/\/shops.apaya.ag\/moeckfloeh\/wp-json\/wp\/v2\/product_brand?post=196"},{"taxonomy":"product_cat","embeddable":true,"href":"https:\/\/shops.apaya.ag\/moeckfloeh\/wp-json\/wp\/v2\/product_cat?post=196"},{"taxonomy":"product_tag","embeddable":true,"href":"https:\/\/shops.apaya.ag\/moeckfloeh\/wp-json\/wp\/v2\/product_tag?post=196"}],"curies":[{"name":"wp","href":"https:\/\/api.w.org\/{rel}","templated":true}]}}