{"id":175,"date":"2024-09-05T14:27:07","date_gmt":"2024-09-05T12:27:07","guid":{"rendered":"https:\/\/shops.apaya.ag\/moeckfloeh\/?post_type=product&#038;p=175"},"modified":"2024-09-05T14:27:19","modified_gmt":"2024-09-05T12:27:19","slug":"vereins-sportrucksack-mit-verstaerktem-boden","status":"publish","type":"product","link":"https:\/\/shops.apaya.ag\/moeckfloeh\/produkt\/vereins-sportrucksack-mit-verstaerktem-boden\/","title":{"rendered":"Vereins-Sportrucksack mit verst\u00e4rktem Boden"},"content":{"rendered":"<p>Vereins-Sportrucksack aus 600D Polyester, Schuh-Fach mit verst\u00e4rktem Boden, gro\u00dfe Fronttasche, seitliche Taschen mit Rei\u00dfverschluss.<\/p>\n","protected":false},"excerpt":{"rendered":"<p>Mit Motiv Tasche &#8211; vorne, mittig klein<\/p>\n","protected":false},"featured_media":171,"template":"","meta":{"_uag_custom_page_level_css":"","_coblocks_attr":"","_coblocks_dimensions":"","_coblocks_responsive_height":"","_coblocks_accordion_ie_support":""},"product_brand":[],"product_cat":[20],"product_tag":[],"class_list":{"0":"post-175","1":"product","2":"type-product","3":"status-publish","4":"has-post-thumbnail","6":"product_cat-rucksaecke","8":"first","9":"instock","10":"taxable","11":"shipping-taxable","12":"purchasable","13":"product-type-variable","14":"has-default-attributes"},"uagb_featured_image_src":{"full":["https:\/\/shops.apaya.ag\/moeckfloeh\/wp-content\/uploads\/sites\/109\/2024\/09\/ti600_47673_front.jpg",600,600,false],"thumbnail":["https:\/\/shops.apaya.ag\/moeckfloeh\/wp-content\/uploads\/sites\/109\/2024\/09\/ti600_47673_front-150x150.jpg",150,150,true],"medium":["https:\/\/shops.apaya.ag\/moeckfloeh\/wp-content\/uploads\/sites\/109\/2024\/09\/ti600_47673_front-300x300.jpg",300,300,true],"medium_large":["https:\/\/shops.apaya.ag\/moeckfloeh\/wp-content\/uploads\/sites\/109\/2024\/09\/ti600_47673_front.jpg",600,600,false],"large":["https:\/\/shops.apaya.ag\/moeckfloeh\/wp-content\/uploads\/sites\/109\/2024\/09\/ti600_47673_front.jpg",600,600,false],"1536x1536":["https:\/\/shops.apaya.ag\/moeckfloeh\/wp-content\/uploads\/sites\/109\/2024\/09\/ti600_47673_front.jpg",600,600,false],"2048x2048":["https:\/\/shops.apaya.ag\/moeckfloeh\/wp-content\/uploads\/sites\/109\/2024\/09\/ti600_47673_front.jpg",600,600,false],"woocommerce_thumbnail":["https:\/\/shops.apaya.ag\/moeckfloeh\/wp-content\/uploads\/sites\/109\/2024\/09\/ti600_47673_front-324x324.jpg",324,324,true],"woocommerce_single":["https:\/\/shops.apaya.ag\/moeckfloeh\/wp-content\/uploads\/sites\/109\/2024\/09\/ti600_47673_front-416x416.jpg",416,416,true],"woocommerce_gallery_thumbnail":["https:\/\/shops.apaya.ag\/moeckfloeh\/wp-content\/uploads\/sites\/109\/2024\/09\/ti600_47673_front-100x100.jpg",100,100,true]},"uagb_author_info":{"display_name":"Administrator","author_link":"https:\/\/shops.apaya.ag\/moeckfloeh\/author\/"},"uagb_comment_info":0,"uagb_excerpt":"Mit Motiv Tasche - vorne, mittig klein","_links":{"self":[{"href":"https:\/\/shops.apaya.ag\/moeckfloeh\/wp-json\/wp\/v2\/product\/175","targetHints":{"allow":["GET"]}}],"collection":[{"href":"https:\/\/shops.apaya.ag\/moeckfloeh\/wp-json\/wp\/v2\/product"}],"about":[{"href":"https:\/\/shops.apaya.ag\/moeckfloeh\/wp-json\/wp\/v2\/types\/product"}],"wp:featuredmedia":[{"embeddable":true,"href":"https:\/\/shops.apaya.ag\/moeckfloeh\/wp-json\/wp\/v2\/media\/171"}],"wp:attachment":[{"href":"https:\/\/shops.apaya.ag\/moeckfloeh\/wp-json\/wp\/v2\/media?parent=175"}],"wp:term":[{"taxonomy":"product_brand","embeddable":true,"href":"https:\/\/shops.apaya.ag\/moeckfloeh\/wp-json\/wp\/v2\/product_brand?post=175"},{"taxonomy":"product_cat","embeddable":true,"href":"https:\/\/shops.apaya.ag\/moeckfloeh\/wp-json\/wp\/v2\/product_cat?post=175"},{"taxonomy":"product_tag","embeddable":true,"href":"https:\/\/shops.apaya.ag\/moeckfloeh\/wp-json\/wp\/v2\/product_tag?post=175"}],"curies":[{"name":"wp","href":"https:\/\/api.w.org\/{rel}","templated":true}]}}