{"id":172,"date":"2024-09-05T14:27:07","date_gmt":"2024-09-05T12:27:07","guid":{"rendered":"https:\/\/shops.apaya.ag\/moeckfloeh\/?post_type=product&#038;p=172"},"modified":"2024-09-05T14:28:02","modified_gmt":"2024-09-05T12:28:02","slug":"funktionspolo-kinder","status":"publish","type":"product","link":"https:\/\/shops.apaya.ag\/moeckfloeh\/produkt\/funktionspolo-kinder\/","title":{"rendered":"Funktionspolo Kinder"},"content":{"rendered":"<p>Das Funktionspolo unterst\u00fctzt dich beim Sport und im Alltag perfekt. Es ist aus einem sehr leichten Funktionsmaterial gefertigt, das Feuchtigkeit von der Haut ableitet und dadurch f\u00fcr ein angenehmes Tragegef\u00fchl sorgt. Dank dem Jacquard Kragen bietet es eine optimale Regulierung der K\u00f6rpertemperatur im Nackenbereich. Ein rundum hoher Tragekomfort ist dir dadurch garantiert. Das Funktionspolo wird durch die praktische 3er-Knopfleiste und den kurzen, modernen Seitenschlitz abgerundet. <\/p>\n<p>    Sehr leichtes, weiches Funktionsmaterial<br \/>\n    Schnelltrocknend und feuchtigkeitsregulierend<br \/>\n    Kurzer Seitenschlitz<br \/>\n    3er-Knopfleiste<br \/>\n    Jacquard Kragen f\u00fcr bessere Regulierung der K\u00f6rpertemperatur im Nackenbereich<\/p>\n","protected":false},"excerpt":{"rendered":"<p>Mit Motiv vorne klein, links (Herzseite) und hinten gro\u00df, mittig<\/p>\n","protected":false},"featured_media":162,"template":"","meta":{"_uag_custom_page_level_css":"","_coblocks_attr":"","_coblocks_dimensions":"","_coblocks_responsive_height":"","_coblocks_accordion_ie_support":""},"product_brand":[],"product_cat":[21],"product_tag":[],"class_list":{"0":"post-172","1":"product","2":"type-product","3":"status-publish","4":"has-post-thumbnail","6":"product_cat-poloshirts","8":"first","9":"instock","10":"taxable","11":"shipping-taxable","12":"purchasable","13":"product-type-variable","14":"has-default-attributes"},"uagb_featured_image_src":{"full":["https:\/\/shops.apaya.ag\/moeckfloeh\/wp-content\/uploads\/sites\/109\/2024\/09\/feature-vkKmuo-front-back-ti600_47670_front.jpg",600,600,false],"thumbnail":["https:\/\/shops.apaya.ag\/moeckfloeh\/wp-content\/uploads\/sites\/109\/2024\/09\/feature-vkKmuo-front-back-ti600_47670_front-150x150.jpg",150,150,true],"medium":["https:\/\/shops.apaya.ag\/moeckfloeh\/wp-content\/uploads\/sites\/109\/2024\/09\/feature-vkKmuo-front-back-ti600_47670_front-300x300.jpg",300,300,true],"medium_large":["https:\/\/shops.apaya.ag\/moeckfloeh\/wp-content\/uploads\/sites\/109\/2024\/09\/feature-vkKmuo-front-back-ti600_47670_front.jpg",600,600,false],"large":["https:\/\/shops.apaya.ag\/moeckfloeh\/wp-content\/uploads\/sites\/109\/2024\/09\/feature-vkKmuo-front-back-ti600_47670_front.jpg",600,600,false],"1536x1536":["https:\/\/shops.apaya.ag\/moeckfloeh\/wp-content\/uploads\/sites\/109\/2024\/09\/feature-vkKmuo-front-back-ti600_47670_front.jpg",600,600,false],"2048x2048":["https:\/\/shops.apaya.ag\/moeckfloeh\/wp-content\/uploads\/sites\/109\/2024\/09\/feature-vkKmuo-front-back-ti600_47670_front.jpg",600,600,false],"woocommerce_thumbnail":["https:\/\/shops.apaya.ag\/moeckfloeh\/wp-content\/uploads\/sites\/109\/2024\/09\/feature-vkKmuo-front-back-ti600_47670_front-324x324.jpg",324,324,true],"woocommerce_single":["https:\/\/shops.apaya.ag\/moeckfloeh\/wp-content\/uploads\/sites\/109\/2024\/09\/feature-vkKmuo-front-back-ti600_47670_front-416x416.jpg",416,416,true],"woocommerce_gallery_thumbnail":["https:\/\/shops.apaya.ag\/moeckfloeh\/wp-content\/uploads\/sites\/109\/2024\/09\/feature-vkKmuo-front-back-ti600_47670_front-100x100.jpg",100,100,true]},"uagb_author_info":{"display_name":"Administrator","author_link":"https:\/\/shops.apaya.ag\/moeckfloeh\/author\/"},"uagb_comment_info":0,"uagb_excerpt":"Mit Motiv vorne klein, links (Herzseite) und hinten gro\u00df, mittig","_links":{"self":[{"href":"https:\/\/shops.apaya.ag\/moeckfloeh\/wp-json\/wp\/v2\/product\/172","targetHints":{"allow":["GET"]}}],"collection":[{"href":"https:\/\/shops.apaya.ag\/moeckfloeh\/wp-json\/wp\/v2\/product"}],"about":[{"href":"https:\/\/shops.apaya.ag\/moeckfloeh\/wp-json\/wp\/v2\/types\/product"}],"wp:featuredmedia":[{"embeddable":true,"href":"https:\/\/shops.apaya.ag\/moeckfloeh\/wp-json\/wp\/v2\/media\/162"}],"wp:attachment":[{"href":"https:\/\/shops.apaya.ag\/moeckfloeh\/wp-json\/wp\/v2\/media?parent=172"}],"wp:term":[{"taxonomy":"product_brand","embeddable":true,"href":"https:\/\/shops.apaya.ag\/moeckfloeh\/wp-json\/wp\/v2\/product_brand?post=172"},{"taxonomy":"product_cat","embeddable":true,"href":"https:\/\/shops.apaya.ag\/moeckfloeh\/wp-json\/wp\/v2\/product_cat?post=172"},{"taxonomy":"product_tag","embeddable":true,"href":"https:\/\/shops.apaya.ag\/moeckfloeh\/wp-json\/wp\/v2\/product_tag?post=172"}],"curies":[{"name":"wp","href":"https:\/\/api.w.org\/{rel}","templated":true}]}}