{"id":142,"date":"2024-08-18T01:41:26","date_gmt":"2024-08-17T23:41:26","guid":{"rendered":"https:\/\/shops.apaya.ag\/moeckfloeh\/?post_type=product&#038;p=142"},"modified":"2024-08-18T01:49:44","modified_gmt":"2024-08-17T23:49:44","slug":"kinder-essential-sweathose","status":"publish","type":"product","link":"https:\/\/shops.apaya.ag\/moeckfloeh\/produkt\/kinder-essential-sweathose\/","title":{"rendered":"Kinder Essential Sweathose"},"content":{"rendered":"<p>Die ESSENTIAL SWEATHOSE bietet ein strapazierf\u00e4higes und sp\u00fcrbar weiches Material, das im Alltag und Training keine W\u00fcnsche offen l\u00e4sst. Kontrastdetails und ein 3D-Logo auf der H\u00fcfte sorgen zudem f\u00fcr einen angesagten Look. <\/p>\n<p>    Leichtes, feuchtigkeitsableitendes Material<br \/>\n    Verstellbarer Bund f\u00fcr individuellen Sitz<br \/>\n    B\u00fcndchen f\u00fcr optimale Passform<br \/>\n    Kontrastierende Rei\u00dfverschlusstaschen<br \/>\n    Schmal zulaufendes Bein<\/p>\n","protected":false},"excerpt":{"rendered":"<p>Die ESSENTIAL SWEATHOSE bietet ein strapazierf\u00e4higes und sp\u00fcrbar weiches Material, das im Alltag und Training keine W\u00fcnsche offen l\u00e4sst. Kontrastdetails und ein 3D-Logo auf der H\u00fcfte sorgen zudem f\u00fcr einen angesagten Look. Leichtes, feuchtigkeitsableitendes Material Verstellbarer Bund f\u00fcr individuellen Sitz B\u00fcndchen f\u00fcr optimale Passform Kontrastierende Rei\u00dfverschlusstaschen Schmal zulaufendes Bein<\/p>\n","protected":false},"featured_media":107,"template":"","meta":{"_uag_custom_page_level_css":"","_coblocks_attr":"","_coblocks_dimensions":"","_coblocks_responsive_height":"","_coblocks_accordion_ie_support":""},"product_brand":[],"product_cat":[23],"product_tag":[],"class_list":{"0":"post-142","1":"product","2":"type-product","3":"status-publish","4":"has-post-thumbnail","6":"product_cat-sweathosen","8":"first","9":"instock","10":"taxable","11":"shipping-taxable","12":"purchasable","13":"product-type-variable","14":"has-default-attributes"},"uagb_featured_image_src":{"full":["https:\/\/shops.apaya.ag\/moeckfloeh\/wp-content\/uploads\/sites\/109\/2024\/08\/ti600_47304_front.jpg",602,602,false],"thumbnail":["https:\/\/shops.apaya.ag\/moeckfloeh\/wp-content\/uploads\/sites\/109\/2024\/08\/ti600_47304_front-150x150.jpg",150,150,true],"medium":["https:\/\/shops.apaya.ag\/moeckfloeh\/wp-content\/uploads\/sites\/109\/2024\/08\/ti600_47304_front-300x300.jpg",300,300,true],"medium_large":["https:\/\/shops.apaya.ag\/moeckfloeh\/wp-content\/uploads\/sites\/109\/2024\/08\/ti600_47304_front.jpg",602,602,false],"large":["https:\/\/shops.apaya.ag\/moeckfloeh\/wp-content\/uploads\/sites\/109\/2024\/08\/ti600_47304_front.jpg",602,602,false],"1536x1536":["https:\/\/shops.apaya.ag\/moeckfloeh\/wp-content\/uploads\/sites\/109\/2024\/08\/ti600_47304_front.jpg",602,602,false],"2048x2048":["https:\/\/shops.apaya.ag\/moeckfloeh\/wp-content\/uploads\/sites\/109\/2024\/08\/ti600_47304_front.jpg",602,602,false],"woocommerce_thumbnail":["https:\/\/shops.apaya.ag\/moeckfloeh\/wp-content\/uploads\/sites\/109\/2024\/08\/ti600_47304_front-324x324.jpg",324,324,true],"woocommerce_single":["https:\/\/shops.apaya.ag\/moeckfloeh\/wp-content\/uploads\/sites\/109\/2024\/08\/ti600_47304_front-416x416.jpg",416,416,true],"woocommerce_gallery_thumbnail":["https:\/\/shops.apaya.ag\/moeckfloeh\/wp-content\/uploads\/sites\/109\/2024\/08\/ti600_47304_front-100x100.jpg",100,100,true]},"uagb_author_info":{"display_name":"Administrator","author_link":"https:\/\/shops.apaya.ag\/moeckfloeh\/author\/"},"uagb_comment_info":0,"uagb_excerpt":"Die ESSENTIAL SWEATHOSE bietet ein strapazierf\u00e4higes und sp\u00fcrbar weiches Material, das im Alltag und Training keine W\u00fcnsche offen l\u00e4sst. Kontrastdetails und ein 3D-Logo auf der H\u00fcfte sorgen zudem f\u00fcr einen angesagten Look. Leichtes, feuchtigkeitsableitendes Material Verstellbarer Bund f\u00fcr individuellen Sitz B\u00fcndchen f\u00fcr optimale Passform Kontrastierende Rei\u00dfverschlusstaschen Schmal zulaufendes Bein","_links":{"self":[{"href":"https:\/\/shops.apaya.ag\/moeckfloeh\/wp-json\/wp\/v2\/product\/142","targetHints":{"allow":["GET"]}}],"collection":[{"href":"https:\/\/shops.apaya.ag\/moeckfloeh\/wp-json\/wp\/v2\/product"}],"about":[{"href":"https:\/\/shops.apaya.ag\/moeckfloeh\/wp-json\/wp\/v2\/types\/product"}],"wp:featuredmedia":[{"embeddable":true,"href":"https:\/\/shops.apaya.ag\/moeckfloeh\/wp-json\/wp\/v2\/media\/107"}],"wp:attachment":[{"href":"https:\/\/shops.apaya.ag\/moeckfloeh\/wp-json\/wp\/v2\/media?parent=142"}],"wp:term":[{"taxonomy":"product_brand","embeddable":true,"href":"https:\/\/shops.apaya.ag\/moeckfloeh\/wp-json\/wp\/v2\/product_brand?post=142"},{"taxonomy":"product_cat","embeddable":true,"href":"https:\/\/shops.apaya.ag\/moeckfloeh\/wp-json\/wp\/v2\/product_cat?post=142"},{"taxonomy":"product_tag","embeddable":true,"href":"https:\/\/shops.apaya.ag\/moeckfloeh\/wp-json\/wp\/v2\/product_tag?post=142"}],"curies":[{"name":"wp","href":"https:\/\/api.w.org\/{rel}","templated":true}]}}