{"id":141,"date":"2024-08-18T01:41:26","date_gmt":"2024-08-17T23:41:26","guid":{"rendered":"https:\/\/shops.apaya.ag\/moeckfloeh\/?post_type=product&#038;p=141"},"modified":"2024-08-18T01:49:52","modified_gmt":"2024-08-17T23:49:52","slug":"ray-cap-recycled","status":"publish","type":"product","link":"https:\/\/shops.apaya.ag\/moeckfloeh\/produkt\/ray-cap-recycled\/","title":{"rendered":"Ray Cap Recycled"},"content":{"rendered":"<p>Verst\u00e4rkte M\u00fctze im F\u00fcnf-Segmente-Design aus recyceltem Polyester mit UV-Schutz und wasserabweisender Behandlung, Leicht gebogener Schirm, Dry-Tech-Schwei\u00dfband und Steckverschluss aus Gummi, Geeignet f\u00fcr sonnige und regnerische Wetterbedingungen<\/p>\n","protected":false},"excerpt":{"rendered":"<p>Mit Motiv P40 Cap &#8211; vorne<\/p>\n","protected":false},"featured_media":105,"template":"","meta":{"_uag_custom_page_level_css":"","_coblocks_attr":"","_coblocks_dimensions":"","_coblocks_responsive_height":"","_coblocks_accordion_ie_support":""},"product_brand":[],"product_cat":[19],"product_tag":[],"class_list":{"0":"post-141","1":"product","2":"type-product","3":"status-publish","4":"has-post-thumbnail","6":"product_cat-caps","8":"first","9":"instock","10":"taxable","11":"shipping-taxable","12":"purchasable","13":"product-type-variable","14":"has-default-attributes"},"uagb_featured_image_src":{"full":["https:\/\/shops.apaya.ag\/moeckfloeh\/wp-content\/uploads\/sites\/109\/2024\/08\/ti600_47303_front.jpg",600,600,false],"thumbnail":["https:\/\/shops.apaya.ag\/moeckfloeh\/wp-content\/uploads\/sites\/109\/2024\/08\/ti600_47303_front-150x150.jpg",150,150,true],"medium":["https:\/\/shops.apaya.ag\/moeckfloeh\/wp-content\/uploads\/sites\/109\/2024\/08\/ti600_47303_front-300x300.jpg",300,300,true],"medium_large":["https:\/\/shops.apaya.ag\/moeckfloeh\/wp-content\/uploads\/sites\/109\/2024\/08\/ti600_47303_front.jpg",600,600,false],"large":["https:\/\/shops.apaya.ag\/moeckfloeh\/wp-content\/uploads\/sites\/109\/2024\/08\/ti600_47303_front.jpg",600,600,false],"1536x1536":["https:\/\/shops.apaya.ag\/moeckfloeh\/wp-content\/uploads\/sites\/109\/2024\/08\/ti600_47303_front.jpg",600,600,false],"2048x2048":["https:\/\/shops.apaya.ag\/moeckfloeh\/wp-content\/uploads\/sites\/109\/2024\/08\/ti600_47303_front.jpg",600,600,false],"woocommerce_thumbnail":["https:\/\/shops.apaya.ag\/moeckfloeh\/wp-content\/uploads\/sites\/109\/2024\/08\/ti600_47303_front-324x324.jpg",324,324,true],"woocommerce_single":["https:\/\/shops.apaya.ag\/moeckfloeh\/wp-content\/uploads\/sites\/109\/2024\/08\/ti600_47303_front-416x416.jpg",416,416,true],"woocommerce_gallery_thumbnail":["https:\/\/shops.apaya.ag\/moeckfloeh\/wp-content\/uploads\/sites\/109\/2024\/08\/ti600_47303_front-100x100.jpg",100,100,true]},"uagb_author_info":{"display_name":"Administrator","author_link":"https:\/\/shops.apaya.ag\/moeckfloeh\/author\/"},"uagb_comment_info":0,"uagb_excerpt":"Mit Motiv P40 Cap - vorne","_links":{"self":[{"href":"https:\/\/shops.apaya.ag\/moeckfloeh\/wp-json\/wp\/v2\/product\/141","targetHints":{"allow":["GET"]}}],"collection":[{"href":"https:\/\/shops.apaya.ag\/moeckfloeh\/wp-json\/wp\/v2\/product"}],"about":[{"href":"https:\/\/shops.apaya.ag\/moeckfloeh\/wp-json\/wp\/v2\/types\/product"}],"wp:featuredmedia":[{"embeddable":true,"href":"https:\/\/shops.apaya.ag\/moeckfloeh\/wp-json\/wp\/v2\/media\/105"}],"wp:attachment":[{"href":"https:\/\/shops.apaya.ag\/moeckfloeh\/wp-json\/wp\/v2\/media?parent=141"}],"wp:term":[{"taxonomy":"product_brand","embeddable":true,"href":"https:\/\/shops.apaya.ag\/moeckfloeh\/wp-json\/wp\/v2\/product_brand?post=141"},{"taxonomy":"product_cat","embeddable":true,"href":"https:\/\/shops.apaya.ag\/moeckfloeh\/wp-json\/wp\/v2\/product_cat?post=141"},{"taxonomy":"product_tag","embeddable":true,"href":"https:\/\/shops.apaya.ag\/moeckfloeh\/wp-json\/wp\/v2\/product_tag?post=141"}],"curies":[{"name":"wp","href":"https:\/\/api.w.org\/{rel}","templated":true}]}}