{"id":139,"date":"2026-04-16T11:10:51","date_gmt":"2026-04-16T09:10:51","guid":{"rendered":"https:\/\/shops.apaya.ag\/lehndorf\/?post_type=product&#038;p=139"},"modified":"2026-04-16T11:12:11","modified_gmt":"2026-04-16T09:12:11","slug":"zoodie","status":"publish","type":"product","link":"https:\/\/shops.apaya.ag\/lehndorf\/produkt\/zoodie\/","title":{"rendered":"Zoodie"},"content":{"rendered":"<p>Durchgehender verdeckter Rei\u00dfverschluss,Innen angeraut,Doppeln\u00e4hte,Gleichfarbige Zugb\u00e4nder,K\u00e4ngurutasche,Strickb\u00fcndchen,Doppellagige Kapuze<\/p>\n","protected":false},"excerpt":{"rendered":"<p>Mit Motiv vorne klein, links (Herzseite)<\/p>\n","protected":false},"featured_media":81,"template":"","meta":{"_uag_custom_page_level_css":"","_coblocks_attr":"","_coblocks_dimensions":"","_coblocks_responsive_height":"","_coblocks_accordion_ie_support":""},"product_brand":[],"product_cat":[19],"product_tag":[],"class_list":{"0":"post-139","1":"product","2":"type-product","3":"status-publish","4":"has-post-thumbnail","6":"product_cat-sweatshirts","8":"first","9":"instock","10":"taxable","11":"shipping-taxable","12":"purchasable","13":"product-type-variable","14":"has-default-attributes"},"uagb_featured_image_src":{"full":["https:\/\/shops.apaya.ag\/lehndorf\/wp-content\/uploads\/sites\/120\/2024\/11\/ti600_26327_front.jpg",600,600,false],"thumbnail":["https:\/\/shops.apaya.ag\/lehndorf\/wp-content\/uploads\/sites\/120\/2024\/11\/ti600_26327_front-150x150.jpg",150,150,true],"medium":["https:\/\/shops.apaya.ag\/lehndorf\/wp-content\/uploads\/sites\/120\/2024\/11\/ti600_26327_front-300x300.jpg",300,300,true],"medium_large":["https:\/\/shops.apaya.ag\/lehndorf\/wp-content\/uploads\/sites\/120\/2024\/11\/ti600_26327_front.jpg",600,600,false],"large":["https:\/\/shops.apaya.ag\/lehndorf\/wp-content\/uploads\/sites\/120\/2024\/11\/ti600_26327_front.jpg",600,600,false],"1536x1536":["https:\/\/shops.apaya.ag\/lehndorf\/wp-content\/uploads\/sites\/120\/2024\/11\/ti600_26327_front.jpg",600,600,false],"2048x2048":["https:\/\/shops.apaya.ag\/lehndorf\/wp-content\/uploads\/sites\/120\/2024\/11\/ti600_26327_front.jpg",600,600,false],"woocommerce_thumbnail":["https:\/\/shops.apaya.ag\/lehndorf\/wp-content\/uploads\/sites\/120\/2024\/11\/ti600_26327_front-324x324.jpg",324,324,true],"woocommerce_single":["https:\/\/shops.apaya.ag\/lehndorf\/wp-content\/uploads\/sites\/120\/2024\/11\/ti600_26327_front-416x416.jpg",416,416,true],"woocommerce_gallery_thumbnail":["https:\/\/shops.apaya.ag\/lehndorf\/wp-content\/uploads\/sites\/120\/2024\/11\/ti600_26327_front-100x100.jpg",100,100,true]},"uagb_author_info":{"display_name":"Administrator","author_link":"https:\/\/shops.apaya.ag\/lehndorf\/author\/"},"uagb_comment_info":0,"uagb_excerpt":"Mit Motiv vorne klein, links (Herzseite)","_links":{"self":[{"href":"https:\/\/shops.apaya.ag\/lehndorf\/wp-json\/wp\/v2\/product\/139","targetHints":{"allow":["GET"]}}],"collection":[{"href":"https:\/\/shops.apaya.ag\/lehndorf\/wp-json\/wp\/v2\/product"}],"about":[{"href":"https:\/\/shops.apaya.ag\/lehndorf\/wp-json\/wp\/v2\/types\/product"}],"wp:featuredmedia":[{"embeddable":true,"href":"https:\/\/shops.apaya.ag\/lehndorf\/wp-json\/wp\/v2\/media\/81"}],"wp:attachment":[{"href":"https:\/\/shops.apaya.ag\/lehndorf\/wp-json\/wp\/v2\/media?parent=139"}],"wp:term":[{"taxonomy":"product_brand","embeddable":true,"href":"https:\/\/shops.apaya.ag\/lehndorf\/wp-json\/wp\/v2\/product_brand?post=139"},{"taxonomy":"product_cat","embeddable":true,"href":"https:\/\/shops.apaya.ag\/lehndorf\/wp-json\/wp\/v2\/product_cat?post=139"},{"taxonomy":"product_tag","embeddable":true,"href":"https:\/\/shops.apaya.ag\/lehndorf\/wp-json\/wp\/v2\/product_tag?post=139"}],"curies":[{"name":"wp","href":"https:\/\/api.w.org\/{rel}","templated":true}]}}