{"id":552,"date":"2025-10-28T22:47:30","date_gmt":"2025-10-28T21:47:30","guid":{"rendered":"https:\/\/shops.apaya.ag\/jvg\/?post_type=product&#038;p=552"},"modified":"2025-10-28T22:47:42","modified_gmt":"2025-10-28T21:47:42","slug":"bio-vorratsdose-pausen-box-inkl-druck","status":"publish","type":"product","link":"https:\/\/shops.apaya.ag\/jvg\/produkt\/bio-vorratsdose-pausen-box-inkl-druck\/","title":{"rendered":"Bio-Vorratsdose Pausen-Box inkl. Druck"},"content":{"rendered":"<p>Praktische Vorratsdose mit Klickverschluss und Trennwand.<br \/>\nSie ist ideal f\u00fcr die Aufbewahrung und den Transport von Brotzeiten geeignet. Die Oberseite ist perfekt f\u00fcr eine Veredelung per IMould-Verfahren geeignet. Aus Bio-Kunststoff (aus nat\u00fcrlicher St\u00e4rke) gefertigt und in vielen wundersch\u00f6nen Natur-Farben erh\u00e4ltlich.<br \/>\nMa\u00dfe: 175 x 128 x 69 mm<br \/>\n100% recyclebar, ohne Weichmacher und BPA-frei<br \/>\nMade in Germany<br \/>\nWiederverwendbar, dank sehr robustem &#038; langlebigem Material<br \/>\nLebensmittelecht &#038; geschmacksneutral<br \/>\nINKLUSIVE DRUCK<\/p>\n","protected":false},"excerpt":{"rendered":"<p>Mit Motiv vorne gro\u00df, mittig<\/p>\n","protected":false},"featured_media":549,"template":"","meta":{"_uag_custom_page_level_css":"","_coblocks_attr":"","_coblocks_dimensions":"","_coblocks_responsive_height":"","_coblocks_accordion_ie_support":""},"product_brand":[],"product_cat":[22],"product_tag":[],"class_list":{"0":"post-552","1":"product","2":"type-product","3":"status-publish","4":"has-post-thumbnail","6":"product_cat-accessoires","8":"first","9":"instock","10":"taxable","11":"shipping-taxable","12":"purchasable","13":"product-type-variable","14":"has-default-attributes"},"uagb_featured_image_src":{"full":["https:\/\/shops.apaya.ag\/jvg\/wp-content\/uploads\/sites\/86\/2025\/10\/ti600_55820_front.jpg",600,600,false],"thumbnail":["https:\/\/shops.apaya.ag\/jvg\/wp-content\/uploads\/sites\/86\/2025\/10\/ti600_55820_front-150x150.jpg",150,150,true],"medium":["https:\/\/shops.apaya.ag\/jvg\/wp-content\/uploads\/sites\/86\/2025\/10\/ti600_55820_front-300x300.jpg",300,300,true],"medium_large":["https:\/\/shops.apaya.ag\/jvg\/wp-content\/uploads\/sites\/86\/2025\/10\/ti600_55820_front.jpg",600,600,false],"large":["https:\/\/shops.apaya.ag\/jvg\/wp-content\/uploads\/sites\/86\/2025\/10\/ti600_55820_front.jpg",600,600,false],"1536x1536":["https:\/\/shops.apaya.ag\/jvg\/wp-content\/uploads\/sites\/86\/2025\/10\/ti600_55820_front.jpg",600,600,false],"2048x2048":["https:\/\/shops.apaya.ag\/jvg\/wp-content\/uploads\/sites\/86\/2025\/10\/ti600_55820_front.jpg",600,600,false],"woocommerce_thumbnail":["https:\/\/shops.apaya.ag\/jvg\/wp-content\/uploads\/sites\/86\/2025\/10\/ti600_55820_front-324x324.jpg",324,324,true],"woocommerce_single":["https:\/\/shops.apaya.ag\/jvg\/wp-content\/uploads\/sites\/86\/2025\/10\/ti600_55820_front-416x416.jpg",416,416,true],"woocommerce_gallery_thumbnail":["https:\/\/shops.apaya.ag\/jvg\/wp-content\/uploads\/sites\/86\/2025\/10\/ti600_55820_front-100x100.jpg",100,100,true]},"uagb_author_info":{"display_name":"Administrator","author_link":"https:\/\/shops.apaya.ag\/jvg\/author\/"},"uagb_comment_info":0,"uagb_excerpt":"Mit Motiv vorne gro\u00df, mittig","_links":{"self":[{"href":"https:\/\/shops.apaya.ag\/jvg\/wp-json\/wp\/v2\/product\/552","targetHints":{"allow":["GET"]}}],"collection":[{"href":"https:\/\/shops.apaya.ag\/jvg\/wp-json\/wp\/v2\/product"}],"about":[{"href":"https:\/\/shops.apaya.ag\/jvg\/wp-json\/wp\/v2\/types\/product"}],"wp:featuredmedia":[{"embeddable":true,"href":"https:\/\/shops.apaya.ag\/jvg\/wp-json\/wp\/v2\/media\/549"}],"wp:attachment":[{"href":"https:\/\/shops.apaya.ag\/jvg\/wp-json\/wp\/v2\/media?parent=552"}],"wp:term":[{"taxonomy":"product_brand","embeddable":true,"href":"https:\/\/shops.apaya.ag\/jvg\/wp-json\/wp\/v2\/product_brand?post=552"},{"taxonomy":"product_cat","embeddable":true,"href":"https:\/\/shops.apaya.ag\/jvg\/wp-json\/wp\/v2\/product_cat?post=552"},{"taxonomy":"product_tag","embeddable":true,"href":"https:\/\/shops.apaya.ag\/jvg\/wp-json\/wp\/v2\/product_tag?post=552"}],"curies":[{"name":"wp","href":"https:\/\/api.w.org\/{rel}","templated":true}]}}