{"id":931,"date":"2021-09-10T19:02:47","date_gmt":"2021-09-10T17:02:47","guid":{"rendered":"https:\/\/shops.apaya.ag\/jules-verne-campus\/produkt\/vintage-laptop-backpack\/"},"modified":"2021-09-13T15:40:28","modified_gmt":"2021-09-13T13:40:28","slug":"vintage-laptop-backpack","status":"publish","type":"product","link":"https:\/\/shops.apaya.ag\/jules-verne-campus\/produkt\/vintage-laptop-backpack\/","title":{"rendered":"Vintage Laptop Backpack"},"content":{"rendered":"<p>100% Polyester (600D), Gewebter Tragegriff, Verstellbare, gepolsterte Schultergurte, Gepolstertes R\u00fcckenteil, Gro\u00dfes Fach mit Zugkordel, Gepolstertes Laptop-Fach, passend f\u00fcr nahezu alle Laptops bis 17 Bildschirmgr\u00f6\u00dfe, Seitentaschen mit Magnetverschluss, Lasche mit Magnetverschluss, Leicht umzuetikettieren, Fassungsverm\u00f6gen: 18 Ltr., Ma\u00dfe: 46 x 30 x 17 cm, Max. Fl\u00e4che f\u00fcr Stick: rechteckiger Stickrahmen (Lasche: Gr\u00f6\u00dfe 15, Fronttasche: Gr\u00f6\u00dfe 12), Max. Fl\u00e4che f\u00fcr Druck: 20 x 10 cm (Lasche und Fronttasche)<\/p>\n","protected":false},"excerpt":{"rendered":"<p>Mit Motiv P2 vorne, klein, Mitte<\/p>\n","protected":false},"featured_media":218,"template":"","meta":{"_uag_custom_page_level_css":"","_coblocks_attr":"","_coblocks_dimensions":"","_coblocks_responsive_height":"","_coblocks_accordion_ie_support":""},"product_brand":[],"product_cat":[29],"product_tag":[],"class_list":{"0":"post-931","1":"product","2":"type-product","3":"status-publish","4":"has-post-thumbnail","6":"product_cat-rucksaecke","8":"first","9":"instock","10":"taxable","11":"shipping-taxable","12":"purchasable","13":"product-type-simple"},"uagb_featured_image_src":{"full":["https:\/\/shops.apaya.ag\/jules-verne-campus\/wp-content\/uploads\/sites\/18\/2021\/09\/ti600_21316_front.jpg",600,600,false],"thumbnail":["https:\/\/shops.apaya.ag\/jules-verne-campus\/wp-content\/uploads\/sites\/18\/2021\/09\/ti600_21316_front-150x150.jpg",150,150,true],"medium":["https:\/\/shops.apaya.ag\/jules-verne-campus\/wp-content\/uploads\/sites\/18\/2021\/09\/ti600_21316_front-300x300.jpg",300,300,true],"medium_large":["https:\/\/shops.apaya.ag\/jules-verne-campus\/wp-content\/uploads\/sites\/18\/2021\/09\/ti600_21316_front.jpg",600,600,false],"large":["https:\/\/shops.apaya.ag\/jules-verne-campus\/wp-content\/uploads\/sites\/18\/2021\/09\/ti600_21316_front.jpg",600,600,false],"1536x1536":["https:\/\/shops.apaya.ag\/jules-verne-campus\/wp-content\/uploads\/sites\/18\/2021\/09\/ti600_21316_front.jpg",600,600,false],"2048x2048":["https:\/\/shops.apaya.ag\/jules-verne-campus\/wp-content\/uploads\/sites\/18\/2021\/09\/ti600_21316_front.jpg",600,600,false],"woocommerce_thumbnail":["https:\/\/shops.apaya.ag\/jules-verne-campus\/wp-content\/uploads\/sites\/18\/2021\/09\/ti600_21316_front-324x324.jpg",324,324,true],"woocommerce_single":["https:\/\/shops.apaya.ag\/jules-verne-campus\/wp-content\/uploads\/sites\/18\/2021\/09\/ti600_21316_front-416x416.jpg",416,416,true],"woocommerce_gallery_thumbnail":["https:\/\/shops.apaya.ag\/jules-verne-campus\/wp-content\/uploads\/sites\/18\/2021\/09\/ti600_21316_front-100x100.jpg",100,100,true]},"uagb_author_info":{"display_name":"Administrator","author_link":"https:\/\/shops.apaya.ag\/jules-verne-campus\/author\/"},"uagb_comment_info":0,"uagb_excerpt":"Mit Motiv P2 vorne, klein, Mitte","_links":{"self":[{"href":"https:\/\/shops.apaya.ag\/jules-verne-campus\/wp-json\/wp\/v2\/product\/931","targetHints":{"allow":["GET"]}}],"collection":[{"href":"https:\/\/shops.apaya.ag\/jules-verne-campus\/wp-json\/wp\/v2\/product"}],"about":[{"href":"https:\/\/shops.apaya.ag\/jules-verne-campus\/wp-json\/wp\/v2\/types\/product"}],"wp:featuredmedia":[{"embeddable":true,"href":"https:\/\/shops.apaya.ag\/jules-verne-campus\/wp-json\/wp\/v2\/media\/218"}],"wp:attachment":[{"href":"https:\/\/shops.apaya.ag\/jules-verne-campus\/wp-json\/wp\/v2\/media?parent=931"}],"wp:term":[{"taxonomy":"product_brand","embeddable":true,"href":"https:\/\/shops.apaya.ag\/jules-verne-campus\/wp-json\/wp\/v2\/product_brand?post=931"},{"taxonomy":"product_cat","embeddable":true,"href":"https:\/\/shops.apaya.ag\/jules-verne-campus\/wp-json\/wp\/v2\/product_cat?post=931"},{"taxonomy":"product_tag","embeddable":true,"href":"https:\/\/shops.apaya.ag\/jules-verne-campus\/wp-json\/wp\/v2\/product_tag?post=931"}],"curies":[{"name":"wp","href":"https:\/\/api.w.org\/{rel}","templated":true}]}}