{"id":912,"date":"2021-09-10T19:02:47","date_gmt":"2021-09-10T17:02:47","guid":{"rendered":"https:\/\/shops.apaya.ag\/jules-verne-campus\/?post_type=product&#038;p=912"},"modified":"2021-09-13T15:40:26","modified_gmt":"2021-09-13T13:40:26","slug":"kids-raglan-sleeved-t-shirt-sporty","status":"publish","type":"product","link":"https:\/\/shops.apaya.ag\/jules-verne-campus\/produkt\/kids-raglan-sleeved-t-shirt-sporty\/","title":{"rendered":"Kids Raglan Sleeved T-Shirt Sporty"},"content":{"rendered":"<p>Raglan-\u00c4rmel, Doppeln\u00e4hte an \u00c4rmelenden und Saum, L\u00e4ngerer R\u00fccken<\/p>\n","protected":false},"excerpt":{"rendered":"<p>Mit Motiv Vorne klein, links (Herzseite)<\/p>\n","protected":false},"featured_media":211,"template":"","meta":{"_uag_custom_page_level_css":"","_coblocks_attr":"","_coblocks_dimensions":"","_coblocks_responsive_height":"","_coblocks_accordion_ie_support":""},"product_brand":[],"product_cat":[27],"product_tag":[],"class_list":{"0":"post-912","1":"product","2":"type-product","3":"status-publish","4":"has-post-thumbnail","6":"product_cat-sportshirts","8":"first","9":"instock","10":"taxable","11":"shipping-taxable","12":"purchasable","13":"product-type-variable","14":"has-default-attributes"},"uagb_featured_image_src":{"full":["https:\/\/shops.apaya.ag\/jules-verne-campus\/wp-content\/uploads\/sites\/18\/2021\/09\/ti600_26726_front.jpg",600,600,false],"thumbnail":["https:\/\/shops.apaya.ag\/jules-verne-campus\/wp-content\/uploads\/sites\/18\/2021\/09\/ti600_26726_front-150x150.jpg",150,150,true],"medium":["https:\/\/shops.apaya.ag\/jules-verne-campus\/wp-content\/uploads\/sites\/18\/2021\/09\/ti600_26726_front-300x300.jpg",300,300,true],"medium_large":["https:\/\/shops.apaya.ag\/jules-verne-campus\/wp-content\/uploads\/sites\/18\/2021\/09\/ti600_26726_front.jpg",600,600,false],"large":["https:\/\/shops.apaya.ag\/jules-verne-campus\/wp-content\/uploads\/sites\/18\/2021\/09\/ti600_26726_front.jpg",600,600,false],"1536x1536":["https:\/\/shops.apaya.ag\/jules-verne-campus\/wp-content\/uploads\/sites\/18\/2021\/09\/ti600_26726_front.jpg",600,600,false],"2048x2048":["https:\/\/shops.apaya.ag\/jules-verne-campus\/wp-content\/uploads\/sites\/18\/2021\/09\/ti600_26726_front.jpg",600,600,false],"woocommerce_thumbnail":["https:\/\/shops.apaya.ag\/jules-verne-campus\/wp-content\/uploads\/sites\/18\/2021\/09\/ti600_26726_front-324x324.jpg",324,324,true],"woocommerce_single":["https:\/\/shops.apaya.ag\/jules-verne-campus\/wp-content\/uploads\/sites\/18\/2021\/09\/ti600_26726_front-416x416.jpg",416,416,true],"woocommerce_gallery_thumbnail":["https:\/\/shops.apaya.ag\/jules-verne-campus\/wp-content\/uploads\/sites\/18\/2021\/09\/ti600_26726_front-100x100.jpg",100,100,true]},"uagb_author_info":{"display_name":"Administrator","author_link":"https:\/\/shops.apaya.ag\/jules-verne-campus\/author\/"},"uagb_comment_info":0,"uagb_excerpt":"Mit Motiv Vorne klein, links (Herzseite)","_links":{"self":[{"href":"https:\/\/shops.apaya.ag\/jules-verne-campus\/wp-json\/wp\/v2\/product\/912","targetHints":{"allow":["GET"]}}],"collection":[{"href":"https:\/\/shops.apaya.ag\/jules-verne-campus\/wp-json\/wp\/v2\/product"}],"about":[{"href":"https:\/\/shops.apaya.ag\/jules-verne-campus\/wp-json\/wp\/v2\/types\/product"}],"wp:featuredmedia":[{"embeddable":true,"href":"https:\/\/shops.apaya.ag\/jules-verne-campus\/wp-json\/wp\/v2\/media\/211"}],"wp:attachment":[{"href":"https:\/\/shops.apaya.ag\/jules-verne-campus\/wp-json\/wp\/v2\/media?parent=912"}],"wp:term":[{"taxonomy":"product_brand","embeddable":true,"href":"https:\/\/shops.apaya.ag\/jules-verne-campus\/wp-json\/wp\/v2\/product_brand?post=912"},{"taxonomy":"product_cat","embeddable":true,"href":"https:\/\/shops.apaya.ag\/jules-verne-campus\/wp-json\/wp\/v2\/product_cat?post=912"},{"taxonomy":"product_tag","embeddable":true,"href":"https:\/\/shops.apaya.ag\/jules-verne-campus\/wp-json\/wp\/v2\/product_tag?post=912"}],"curies":[{"name":"wp","href":"https:\/\/api.w.org\/{rel}","templated":true}]}}