{"id":1213,"date":"2025-11-07T13:41:54","date_gmt":"2025-11-07T12:41:54","guid":{"rendered":"https:\/\/shops.apaya.ag\/jules-verne-campus\/?post_type=product&#038;p=1213"},"modified":"2025-11-07T13:41:56","modified_gmt":"2025-11-07T12:41:56","slug":"two-tone-digital-messenger","status":"publish","type":"product","link":"https:\/\/shops.apaya.ag\/jules-verne-campus\/produkt\/two-tone-digital-messenger\/","title":{"rendered":"Two-Tone Digital Messenger"},"content":{"rendered":"<p>100% Polyester (600D), Verstellbare, gepolsterte Schultergurte, Gewebter Tragegriff, Gepolstertes Laptop-Fach, passend f\u00fcr nahezu alle Laptops bis 15.6 Bildschirmgr\u00f6\u00dfe, Utensilienf\u00e4cher, Zip-Tasche hinten, Leicht umzuetikettieren, Fassungsverm\u00f6gen: 11 Ltr., Ma\u00dfe: 39 x 31 x 12 cm, Max. Fl\u00e4che f\u00fcr Stick: rechteckiger Stickrahmen (Gr\u00f6\u00dfe 18), Max. Fl\u00e4che f\u00fcr Druck: 32 x 20 cm<\/p>\n","protected":false},"excerpt":{"rendered":"<p>Mit Motiv P2 vorne, klein, Mitte<\/p>\n","protected":false},"featured_media":216,"template":"","meta":{"_uag_custom_page_level_css":"","_coblocks_attr":"","_coblocks_dimensions":"","_coblocks_responsive_height":"","_coblocks_accordion_ie_support":""},"product_brand":[],"product_cat":[15],"product_tag":[],"class_list":{"0":"post-1213","1":"product","2":"type-product","3":"status-publish","4":"has-post-thumbnail","6":"product_cat-unkategorisiert","8":"first","9":"instock","10":"taxable","11":"shipping-taxable","12":"purchasable","13":"product-type-variable","14":"has-default-attributes"},"uagb_featured_image_src":{"full":["https:\/\/shops.apaya.ag\/jules-verne-campus\/wp-content\/uploads\/sites\/18\/2021\/09\/ti600_21373_front.jpg",600,600,false],"thumbnail":["https:\/\/shops.apaya.ag\/jules-verne-campus\/wp-content\/uploads\/sites\/18\/2021\/09\/ti600_21373_front-150x150.jpg",150,150,true],"medium":["https:\/\/shops.apaya.ag\/jules-verne-campus\/wp-content\/uploads\/sites\/18\/2021\/09\/ti600_21373_front-300x300.jpg",300,300,true],"medium_large":["https:\/\/shops.apaya.ag\/jules-verne-campus\/wp-content\/uploads\/sites\/18\/2021\/09\/ti600_21373_front.jpg",600,600,false],"large":["https:\/\/shops.apaya.ag\/jules-verne-campus\/wp-content\/uploads\/sites\/18\/2021\/09\/ti600_21373_front.jpg",600,600,false],"1536x1536":["https:\/\/shops.apaya.ag\/jules-verne-campus\/wp-content\/uploads\/sites\/18\/2021\/09\/ti600_21373_front.jpg",600,600,false],"2048x2048":["https:\/\/shops.apaya.ag\/jules-verne-campus\/wp-content\/uploads\/sites\/18\/2021\/09\/ti600_21373_front.jpg",600,600,false],"woocommerce_thumbnail":["https:\/\/shops.apaya.ag\/jules-verne-campus\/wp-content\/uploads\/sites\/18\/2021\/09\/ti600_21373_front-324x324.jpg",324,324,true],"woocommerce_single":["https:\/\/shops.apaya.ag\/jules-verne-campus\/wp-content\/uploads\/sites\/18\/2021\/09\/ti600_21373_front-416x416.jpg",416,416,true],"woocommerce_gallery_thumbnail":["https:\/\/shops.apaya.ag\/jules-verne-campus\/wp-content\/uploads\/sites\/18\/2021\/09\/ti600_21373_front-100x100.jpg",100,100,true]},"uagb_author_info":{"display_name":"Administrator","author_link":"https:\/\/shops.apaya.ag\/jules-verne-campus\/author\/"},"uagb_comment_info":0,"uagb_excerpt":"Mit Motiv P2 vorne, klein, Mitte","_links":{"self":[{"href":"https:\/\/shops.apaya.ag\/jules-verne-campus\/wp-json\/wp\/v2\/product\/1213","targetHints":{"allow":["GET"]}}],"collection":[{"href":"https:\/\/shops.apaya.ag\/jules-verne-campus\/wp-json\/wp\/v2\/product"}],"about":[{"href":"https:\/\/shops.apaya.ag\/jules-verne-campus\/wp-json\/wp\/v2\/types\/product"}],"wp:featuredmedia":[{"embeddable":true,"href":"https:\/\/shops.apaya.ag\/jules-verne-campus\/wp-json\/wp\/v2\/media\/216"}],"wp:attachment":[{"href":"https:\/\/shops.apaya.ag\/jules-verne-campus\/wp-json\/wp\/v2\/media?parent=1213"}],"wp:term":[{"taxonomy":"product_brand","embeddable":true,"href":"https:\/\/shops.apaya.ag\/jules-verne-campus\/wp-json\/wp\/v2\/product_brand?post=1213"},{"taxonomy":"product_cat","embeddable":true,"href":"https:\/\/shops.apaya.ag\/jules-verne-campus\/wp-json\/wp\/v2\/product_cat?post=1213"},{"taxonomy":"product_tag","embeddable":true,"href":"https:\/\/shops.apaya.ag\/jules-verne-campus\/wp-json\/wp\/v2\/product_tag?post=1213"}],"curies":[{"name":"wp","href":"https:\/\/api.w.org\/{rel}","templated":true}]}}