{"id":10,"date":"2021-04-03T14:30:37","date_gmt":"2021-04-03T12:30:37","guid":{"rendered":"https:\/\/shops.apaya.ag\/jules-verne-campus\/?page_id=10"},"modified":"2021-09-10T18:53:26","modified_gmt":"2021-09-10T16:53:26","slug":"10-2","status":"publish","type":"page","link":"https:\/\/shops.apaya.ag\/jules-verne-campus\/","title":{"rendered":""},"content":{"rendered":"\n<h2 class=\"has-text-align-center wp-block-heading\">Onlineshop Jules Verne Campus M\u00fcnchen<\/h2>\n\n\n\n<p class=\"has-text-align-center\">Wir st\u00e4rken mit nachhaltig und fair produzierter Kleidung und Merchandising-Artikeln das Gemeinschaftsgef\u00fchl an unserer Schule.<\/p>\n\n\n<div class=\"woocommerce columns-4\"><ul class=\"products columns-4\">\n<li class=\"product-category product first\">\n\t<a aria-label=\"Produktkategorie Unkategorisiert besuchen\" href=\"https:\/\/shops.apaya.ag\/jules-verne-campus\/produkt-kategorie\/unkategorisiert\/\"><img loading=\"lazy\" decoding=\"async\" src=\"https:\/\/shops.apaya.ag\/jules-verne-campus\/wp-content\/uploads\/sites\/18\/woocommerce-placeholder.png\" alt=\"Unkategorisiert\" width=\"324\" height=\"324\" \/>\t\t<h2 class=\"woocommerce-loop-category__title\">\n\t\t\tUnkategorisiert <mark class=\"count\">(3)<\/mark>\t\t<\/h2>\n\t\t<\/a><\/li>\n<li class=\"product-category product\">\n\t<a aria-label=\"Produktkategorie Kapuzen-Sweatshirts besuchen\" href=\"https:\/\/shops.apaya.ag\/jules-verne-campus\/produkt-kategorie\/kapuzen-sweatshirts\/\"><img loading=\"lazy\" decoding=\"async\" src=\"https:\/\/shops.apaya.ag\/jules-verne-campus\/wp-content\/uploads\/sites\/18\/2021\/09\/hoodie_kat-230x324-1.png\" alt=\"Kapuzen-Sweatshirts\" width=\"324\" height=\"324\" srcset=\"https:\/\/shops.apaya.ag\/jules-verne-campus\/wp-content\/uploads\/sites\/18\/2021\/09\/hoodie_kat-230x324-1.png 230w, https:\/\/shops.apaya.ag\/jules-verne-campus\/wp-content\/uploads\/sites\/18\/2021\/09\/hoodie_kat-230x324-1-213x300.png 213w\" sizes=\"auto, (max-width: 230px) 100vw, 230px\" \/>\t\t<h2 class=\"woocommerce-loop-category__title\">\n\t\t\tKapuzen-Sweatshirts <mark class=\"count\">(2)<\/mark>\t\t<\/h2>\n\t\t<\/a><\/li>\n<li class=\"product-category product\">\n\t<a aria-label=\"Produktkategorie Sweatshirts mit Rei\u00dfverschluss besuchen\" href=\"https:\/\/shops.apaya.ag\/jules-verne-campus\/produkt-kategorie\/sweatshirts-mit-reissverschluss\/\"><img loading=\"lazy\" decoding=\"async\" src=\"https:\/\/shops.apaya.ag\/jules-verne-campus\/wp-content\/uploads\/sites\/18\/2021\/09\/sweatjacke_kat-230x324-1.jpg\" alt=\"Sweatshirts mit Rei\u00dfverschluss\" width=\"324\" height=\"324\" srcset=\"https:\/\/shops.apaya.ag\/jules-verne-campus\/wp-content\/uploads\/sites\/18\/2021\/09\/sweatjacke_kat-230x324-1.jpg 230w, https:\/\/shops.apaya.ag\/jules-verne-campus\/wp-content\/uploads\/sites\/18\/2021\/09\/sweatjacke_kat-230x324-1-213x300.jpg 213w\" sizes=\"auto, (max-width: 230px) 100vw, 230px\" \/>\t\t<h2 class=\"woocommerce-loop-category__title\">\n\t\t\tSweatshirts mit Rei\u00dfverschluss <mark class=\"count\">(2)<\/mark>\t\t<\/h2>\n\t\t<\/a><\/li>\n<li class=\"product-category product last\">\n\t<a aria-label=\"Produktkategorie T-Shirts besuchen\" href=\"https:\/\/shops.apaya.ag\/jules-verne-campus\/produkt-kategorie\/t-shirts\/\"><img loading=\"lazy\" decoding=\"async\" src=\"https:\/\/shops.apaya.ag\/jules-verne-campus\/wp-content\/uploads\/sites\/18\/2021\/09\/t-shirt_kat-230x324-1.png\" alt=\"T-Shirts\" width=\"324\" height=\"324\" srcset=\"https:\/\/shops.apaya.ag\/jules-verne-campus\/wp-content\/uploads\/sites\/18\/2021\/09\/t-shirt_kat-230x324-1.png 230w, https:\/\/shops.apaya.ag\/jules-verne-campus\/wp-content\/uploads\/sites\/18\/2021\/09\/t-shirt_kat-230x324-1-213x300.png 213w\" sizes=\"auto, (max-width: 230px) 100vw, 230px\" \/>\t\t<h2 class=\"woocommerce-loop-category__title\">\n\t\t\tT-Shirts <mark class=\"count\">(6)<\/mark>\t\t<\/h2>\n\t\t<\/a><\/li>\n<li class=\"product-category product first\">\n\t<a aria-label=\"Produktkategorie Poloshirts besuchen\" href=\"https:\/\/shops.apaya.ag\/jules-verne-campus\/produkt-kategorie\/poloshirts\/\"><img loading=\"lazy\" decoding=\"async\" src=\"https:\/\/shops.apaya.ag\/jules-verne-campus\/wp-content\/uploads\/sites\/18\/2021\/09\/polos_kat-230x324-1.png\" alt=\"Poloshirts\" width=\"324\" height=\"324\" srcset=\"https:\/\/shops.apaya.ag\/jules-verne-campus\/wp-content\/uploads\/sites\/18\/2021\/09\/polos_kat-230x324-1.png 230w, https:\/\/shops.apaya.ag\/jules-verne-campus\/wp-content\/uploads\/sites\/18\/2021\/09\/polos_kat-230x324-1-213x300.png 213w\" sizes=\"auto, (max-width: 230px) 100vw, 230px\" \/>\t\t<h2 class=\"woocommerce-loop-category__title\">\n\t\t\tPoloshirts <mark class=\"count\">(2)<\/mark>\t\t<\/h2>\n\t\t<\/a><\/li>\n<li class=\"product-category product\">\n\t<a aria-label=\"Produktkategorie Taschen &amp; Rucks\u00e4cke besuchen\" href=\"https:\/\/shops.apaya.ag\/jules-verne-campus\/produkt-kategorie\/rucksaecke\/\"><img loading=\"lazy\" decoding=\"async\" src=\"https:\/\/shops.apaya.ag\/jules-verne-campus\/wp-content\/uploads\/sites\/18\/2021\/09\/taschen_kat-230x324.png\" alt=\"Taschen &amp; Rucks\u00e4cke\" width=\"324\" height=\"324\" \/>\t\t<h2 class=\"woocommerce-loop-category__title\">\n\t\t\tTaschen &amp; Rucks\u00e4cke <mark class=\"count\">(1)<\/mark>\t\t<\/h2>\n\t\t<\/a><\/li>\n<li class=\"product-category product\">\n\t<a aria-label=\"Produktkategorie Sportshirts besuchen\" href=\"https:\/\/shops.apaya.ag\/jules-verne-campus\/produkt-kategorie\/sportshirts\/\"><img loading=\"lazy\" decoding=\"async\" src=\"https:\/\/shops.apaya.ag\/jules-verne-campus\/wp-content\/uploads\/sites\/18\/2021\/09\/sport_kat-230x324-2.png\" alt=\"Sportshirts\" width=\"324\" height=\"324\" srcset=\"https:\/\/shops.apaya.ag\/jules-verne-campus\/wp-content\/uploads\/sites\/18\/2021\/09\/sport_kat-230x324-2.png 230w, https:\/\/shops.apaya.ag\/jules-verne-campus\/wp-content\/uploads\/sites\/18\/2021\/09\/sport_kat-230x324-2-213x300.png 213w\" sizes=\"auto, (max-width: 230px) 100vw, 230px\" \/>\t\t<h2 class=\"woocommerce-loop-category__title\">\n\t\t\tSportshirts <mark class=\"count\">(3)<\/mark>\t\t<\/h2>\n\t\t<\/a><\/li>\n<\/ul>\n<\/div>\n\n\n\n<p class=\"has-text-align-center\">Schulkleidung soll stylisch sein, funktionell aber auch nachhaltig &amp; zu menschenw\u00fcrdigen Bedingungen produziert werden. Wir legen deshalb gr\u00f6\u00dften Wert auf &#8222;Nachhaltige Produktion&#8220; &#8211; &#8222;Fairen Handel&#8220; &#8211; &#8222;\u00d6kologische Verantwortung&#8220; .<\/p>\n\n\n\n<div class=\"wp-block-coblocks-logos apaya-homepage-logos\"><div class=\"wp-block-coblocks-logos__row\"><div style=\"width:22.6463%\"><img decoding=\"async\" src=\"https:\/\/shops.apaya.ag\/jules-verne-campus\/wp-content\/uploads\/sites\/18\/2021\/04\/startseite-zertifikat-fair-wear.png\" alt=\"Zertifikat Fair Wear\" data-id=\"44\" data-width=\"22.6463%\"\/><\/div><div style=\"width:22.0102%\"><img decoding=\"async\" src=\"https:\/\/shops.apaya.ag\/jules-verne-campus\/wp-content\/uploads\/sites\/18\/2021\/04\/startseite-zertifikat-oeko-tex.png\" alt=\"Zertifikat Oeko Tex\" data-id=\"43\" data-width=\"22.0102%\"\/><\/div><div style=\"width:14.7583%\"><img decoding=\"async\" src=\"https:\/\/shops.apaya.ag\/jules-verne-campus\/wp-content\/uploads\/sites\/18\/2021\/04\/startseite-zertifikat-bio.png\" alt=\"Zertifikat Bio\" data-id=\"42\" data-width=\"14.7583%\"\/><\/div><\/div><\/div>\n\n\n\n<div class=\"wp-block-columns is-layout-flex wp-container-core-columns-is-layout-28f84493 wp-block-columns-is-layout-flex\">\n<div class=\"wp-block-column is-layout-flow wp-block-column-is-layout-flow\">\n<ul class=\"is-style-default apaya-homepage-list wp-block-list\"><li>Einhaltung von \u00d6kotex Standard (neutrale Textilien ohne Giftstoffe die Hautreizungen hervorrufen k\u00f6nnen)<\/li><li>Herstellung aus zertifizierter Bio-Baumwolle<\/li><li>Sozialvertr\u00e4gliche Arbeitsbedingungen &amp;soziale Verantwortung im Sinne des Fair Trade<\/li><\/ul>\n<\/div>\n\n\n\n<div class=\"wp-block-column is-layout-flow wp-block-column-is-layout-flow\">\n<ul class=\"is-style-default apaya-homepage-list wp-block-list\"><li>Zahlung von fairen Preisen<\/li><li>Transparenz entlang der gesamten Lieferkette<\/li><li>Einhaltung ethischer Herstellungsrichtlinien (z.B. keine Kinderarbeit, Gleichberechtigung von Frauen)<\/li><\/ul>\n<\/div>\n<\/div>\n","protected":false},"excerpt":{"rendered":"<p>Onlineshop Jules Verne Campus M\u00fcnchen Wir st\u00e4rken mit nachhaltig und fair produzierter Kleidung und Merchandising-Artikeln das Gemeinschaftsgef\u00fchl an unserer Schule. Schulkleidung soll stylisch sein, funktionell aber auch nachhaltig &amp; zu menschenw\u00fcrdigen Bedingungen produziert werden. Wir legen deshalb gr\u00f6\u00dften Wert auf &#8222;Nachhaltige Produktion&#8220; &#8211; &#8222;Fairen Handel&#8220; &#8211; &#8222;\u00d6kologische Verantwortung&#8220; . Einhaltung von \u00d6kotex Standard (neutrale Textilien [&hellip;]<\/p>\n","protected":false},"author":1,"featured_media":0,"parent":0,"menu_order":0,"comment_status":"closed","ping_status":"closed","template":"","meta":{"_uag_custom_page_level_css":"","_coblocks_attr":"","_coblocks_dimensions":"","_coblocks_responsive_height":"","_coblocks_accordion_ie_support":"","footnotes":""},"class_list":["post-10","page","type-page","status-publish","hentry"],"uagb_featured_image_src":{"full":false,"thumbnail":false,"medium":false,"medium_large":false,"large":false,"1536x1536":false,"2048x2048":false,"woocommerce_thumbnail":false,"woocommerce_single":false,"woocommerce_gallery_thumbnail":false},"uagb_author_info":{"display_name":"Administrator","author_link":"https:\/\/shops.apaya.ag\/jules-verne-campus\/author\/admin-apaya\/"},"uagb_comment_info":0,"uagb_excerpt":"Onlineshop Jules Verne Campus M\u00fcnchen Wir st\u00e4rken mit nachhaltig und fair produzierter Kleidung und Merchandising-Artikeln das Gemeinschaftsgef\u00fchl an unserer Schule. Schulkleidung soll stylisch sein, funktionell aber auch nachhaltig &amp; zu menschenw\u00fcrdigen Bedingungen produziert werden. Wir legen deshalb gr\u00f6\u00dften Wert auf &#8222;Nachhaltige Produktion&#8220; &#8211; &#8222;Fairen Handel&#8220; &#8211; &#8222;\u00d6kologische Verantwortung&#8220; . Einhaltung von \u00d6kotex Standard (neutrale Textilien&hellip;","_links":{"self":[{"href":"https:\/\/shops.apaya.ag\/jules-verne-campus\/wp-json\/wp\/v2\/pages\/10","targetHints":{"allow":["GET"]}}],"collection":[{"href":"https:\/\/shops.apaya.ag\/jules-verne-campus\/wp-json\/wp\/v2\/pages"}],"about":[{"href":"https:\/\/shops.apaya.ag\/jules-verne-campus\/wp-json\/wp\/v2\/types\/page"}],"author":[{"embeddable":true,"href":"https:\/\/shops.apaya.ag\/jules-verne-campus\/wp-json\/wp\/v2\/users\/1"}],"replies":[{"embeddable":true,"href":"https:\/\/shops.apaya.ag\/jules-verne-campus\/wp-json\/wp\/v2\/comments?post=10"}],"version-history":[{"count":3,"href":"https:\/\/shops.apaya.ag\/jules-verne-campus\/wp-json\/wp\/v2\/pages\/10\/revisions"}],"predecessor-version":[{"id":72,"href":"https:\/\/shops.apaya.ag\/jules-verne-campus\/wp-json\/wp\/v2\/pages\/10\/revisions\/72"}],"wp:attachment":[{"href":"https:\/\/shops.apaya.ag\/jules-verne-campus\/wp-json\/wp\/v2\/media?parent=10"}],"curies":[{"name":"wp","href":"https:\/\/api.w.org\/{rel}","templated":true}]}}