{"id":1664,"date":"2026-02-25T13:18:35","date_gmt":"2026-02-25T12:18:35","guid":{"rendered":"https:\/\/shops.apaya.ag\/isr\/?post_type=product&#038;p=1664"},"modified":"2026-04-29T14:34:12","modified_gmt":"2026-04-29T12:34:12","slug":"kids-contrast-cool-t","status":"publish","type":"product","link":"https:\/\/shops.apaya.ag\/isr\/produkt\/kids-contrast-cool-t\/","title":{"rendered":"Kids Contrast Cool T (inkl. \u00c4rmeldruck)"},"content":{"rendered":"<p>Kontrasteins\u00e4tze vorne und hinten an den \u00c4rmeln, Rundhals, Raglan-\u00c4rmel, Just Cool\u2019s Neoteric TM-Material, feuchtigkeitsregulierend, Gleichfarbiges Nackenband, Gleichfarbiger Kragen, Nacken bedruckt<\/p>\n","protected":false},"excerpt":{"rendered":"<p>Mit Motiv hinten gro\u00df, mittig und T-Shirt &#8211; linker \u00c4rmel<\/p>\n","protected":false},"featured_media":1390,"template":"","meta":{"_uag_custom_page_level_css":"","_coblocks_attr":"","_coblocks_dimensions":"","_coblocks_responsive_height":"","_coblocks_accordion_ie_support":""},"product_brand":[],"product_cat":[15],"product_tag":[],"class_list":{"0":"post-1664","1":"product","2":"type-product","3":"status-publish","4":"has-post-thumbnail","6":"product_cat-sportshirts","8":"first","9":"instock","10":"taxable","11":"shipping-taxable","12":"purchasable","13":"product-type-variable","14":"has-default-attributes"},"uagb_featured_image_src":{"full":["https:\/\/shops.apaya.ag\/isr\/wp-content\/uploads\/sites\/16\/2026\/02\/feature-6KInFf-front-back-ti600_57753_front.jpg",600,600,false],"thumbnail":["https:\/\/shops.apaya.ag\/isr\/wp-content\/uploads\/sites\/16\/2026\/02\/feature-6KInFf-front-back-ti600_57753_front-150x150.jpg",150,150,true],"medium":["https:\/\/shops.apaya.ag\/isr\/wp-content\/uploads\/sites\/16\/2026\/02\/feature-6KInFf-front-back-ti600_57753_front-300x300.jpg",300,300,true],"medium_large":["https:\/\/shops.apaya.ag\/isr\/wp-content\/uploads\/sites\/16\/2026\/02\/feature-6KInFf-front-back-ti600_57753_front.jpg",600,600,false],"large":["https:\/\/shops.apaya.ag\/isr\/wp-content\/uploads\/sites\/16\/2026\/02\/feature-6KInFf-front-back-ti600_57753_front.jpg",600,600,false],"1536x1536":["https:\/\/shops.apaya.ag\/isr\/wp-content\/uploads\/sites\/16\/2026\/02\/feature-6KInFf-front-back-ti600_57753_front.jpg",600,600,false],"2048x2048":["https:\/\/shops.apaya.ag\/isr\/wp-content\/uploads\/sites\/16\/2026\/02\/feature-6KInFf-front-back-ti600_57753_front.jpg",600,600,false],"woocommerce_thumbnail":["https:\/\/shops.apaya.ag\/isr\/wp-content\/uploads\/sites\/16\/2026\/02\/feature-6KInFf-front-back-ti600_57753_front-324x324.jpg",324,324,true],"woocommerce_single":["https:\/\/shops.apaya.ag\/isr\/wp-content\/uploads\/sites\/16\/2026\/02\/feature-6KInFf-front-back-ti600_57753_front-416x416.jpg",416,416,true],"woocommerce_gallery_thumbnail":["https:\/\/shops.apaya.ag\/isr\/wp-content\/uploads\/sites\/16\/2026\/02\/feature-6KInFf-front-back-ti600_57753_front-100x100.jpg",100,100,true]},"uagb_author_info":{"display_name":"Administrator","author_link":"https:\/\/shops.apaya.ag\/isr\/author\/"},"uagb_comment_info":0,"uagb_excerpt":"Mit Motiv hinten gro\u00df, mittig und T-Shirt - linker \u00c4rmel","_links":{"self":[{"href":"https:\/\/shops.apaya.ag\/isr\/wp-json\/wp\/v2\/product\/1664","targetHints":{"allow":["GET"]}}],"collection":[{"href":"https:\/\/shops.apaya.ag\/isr\/wp-json\/wp\/v2\/product"}],"about":[{"href":"https:\/\/shops.apaya.ag\/isr\/wp-json\/wp\/v2\/types\/product"}],"wp:featuredmedia":[{"embeddable":true,"href":"https:\/\/shops.apaya.ag\/isr\/wp-json\/wp\/v2\/media\/1390"}],"wp:attachment":[{"href":"https:\/\/shops.apaya.ag\/isr\/wp-json\/wp\/v2\/media?parent=1664"}],"wp:term":[{"taxonomy":"product_brand","embeddable":true,"href":"https:\/\/shops.apaya.ag\/isr\/wp-json\/wp\/v2\/product_brand?post=1664"},{"taxonomy":"product_cat","embeddable":true,"href":"https:\/\/shops.apaya.ag\/isr\/wp-json\/wp\/v2\/product_cat?post=1664"},{"taxonomy":"product_tag","embeddable":true,"href":"https:\/\/shops.apaya.ag\/isr\/wp-json\/wp\/v2\/product_tag?post=1664"}],"curies":[{"name":"wp","href":"https:\/\/api.w.org\/{rel}","templated":true}]}}