{"id":6170,"date":"2026-01-10T01:46:50","date_gmt":"2026-01-10T00:46:50","guid":{"rendered":"https:\/\/shops.apaya.ag\/gymnasium-speicher\/?post_type=product&#038;p=6170"},"modified":"2026-01-10T02:02:04","modified_gmt":"2026-01-10T01:02:04","slug":"microfleece-jacket-horizon","status":"publish","type":"product","link":"https:\/\/shops.apaya.ag\/gymnasium-speicher\/produkt\/microfleece-jacket-horizon\/","title":{"rendered":"Microfleece Jacket Horizon"},"content":{"rendered":"<p>modisch geschnitten, mit Polyesterb\u00fcndchen eingefasster Kragen, Ton-in-Ton Full Zip, zwei seitliche Eingrifftaschen mit Zip, Seitenschlitze, verl\u00e4ngertes R\u00fcckenteil, kann mit R125 (485.33) zu einer tollen 3-in-1 Jacke kombiniert werden.<\/p>\n","protected":false},"excerpt":{"rendered":"<p>Mit Motiv vorne klein, links (Herzseite)<\/p>\n","protected":false},"featured_media":3622,"template":"","meta":{"_uag_custom_page_level_css":"","_coblocks_attr":"","_coblocks_dimensions":"","_coblocks_responsive_height":"","_coblocks_accordion_ie_support":""},"product_brand":[],"product_cat":[23],"product_tag":[],"class_list":{"0":"post-6170","1":"product","2":"type-product","3":"status-publish","4":"has-post-thumbnail","6":"product_cat-jacken","8":"first","9":"instock","10":"taxable","11":"shipping-taxable","12":"purchasable","13":"product-type-variable","14":"has-default-attributes"},"uagb_featured_image_src":{"full":["https:\/\/shops.apaya.ag\/gymnasium-speicher\/wp-content\/uploads\/sites\/75\/2024\/07\/ti600_46940_front.jpg",600,600,false],"thumbnail":["https:\/\/shops.apaya.ag\/gymnasium-speicher\/wp-content\/uploads\/sites\/75\/2024\/07\/ti600_46940_front-150x150.jpg",150,150,true],"medium":["https:\/\/shops.apaya.ag\/gymnasium-speicher\/wp-content\/uploads\/sites\/75\/2024\/07\/ti600_46940_front-300x300.jpg",300,300,true],"medium_large":["https:\/\/shops.apaya.ag\/gymnasium-speicher\/wp-content\/uploads\/sites\/75\/2024\/07\/ti600_46940_front.jpg",600,600,false],"large":["https:\/\/shops.apaya.ag\/gymnasium-speicher\/wp-content\/uploads\/sites\/75\/2024\/07\/ti600_46940_front.jpg",600,600,false],"1536x1536":["https:\/\/shops.apaya.ag\/gymnasium-speicher\/wp-content\/uploads\/sites\/75\/2024\/07\/ti600_46940_front.jpg",600,600,false],"2048x2048":["https:\/\/shops.apaya.ag\/gymnasium-speicher\/wp-content\/uploads\/sites\/75\/2024\/07\/ti600_46940_front.jpg",600,600,false],"woocommerce_thumbnail":["https:\/\/shops.apaya.ag\/gymnasium-speicher\/wp-content\/uploads\/sites\/75\/2024\/07\/ti600_46940_front-324x324.jpg",324,324,true],"woocommerce_single":["https:\/\/shops.apaya.ag\/gymnasium-speicher\/wp-content\/uploads\/sites\/75\/2024\/07\/ti600_46940_front-416x416.jpg",416,416,true],"woocommerce_gallery_thumbnail":["https:\/\/shops.apaya.ag\/gymnasium-speicher\/wp-content\/uploads\/sites\/75\/2024\/07\/ti600_46940_front-100x100.jpg",100,100,true]},"uagb_author_info":{"display_name":"Administrator","author_link":"https:\/\/shops.apaya.ag\/gymnasium-speicher\/author\/"},"uagb_comment_info":0,"uagb_excerpt":"Mit Motiv vorne klein, links (Herzseite)","_links":{"self":[{"href":"https:\/\/shops.apaya.ag\/gymnasium-speicher\/wp-json\/wp\/v2\/product\/6170","targetHints":{"allow":["GET"]}}],"collection":[{"href":"https:\/\/shops.apaya.ag\/gymnasium-speicher\/wp-json\/wp\/v2\/product"}],"about":[{"href":"https:\/\/shops.apaya.ag\/gymnasium-speicher\/wp-json\/wp\/v2\/types\/product"}],"wp:featuredmedia":[{"embeddable":true,"href":"https:\/\/shops.apaya.ag\/gymnasium-speicher\/wp-json\/wp\/v2\/media\/3622"}],"wp:attachment":[{"href":"https:\/\/shops.apaya.ag\/gymnasium-speicher\/wp-json\/wp\/v2\/media?parent=6170"}],"wp:term":[{"taxonomy":"product_brand","embeddable":true,"href":"https:\/\/shops.apaya.ag\/gymnasium-speicher\/wp-json\/wp\/v2\/product_brand?post=6170"},{"taxonomy":"product_cat","embeddable":true,"href":"https:\/\/shops.apaya.ag\/gymnasium-speicher\/wp-json\/wp\/v2\/product_cat?post=6170"},{"taxonomy":"product_tag","embeddable":true,"href":"https:\/\/shops.apaya.ag\/gymnasium-speicher\/wp-json\/wp\/v2\/product_tag?post=6170"}],"curies":[{"name":"wp","href":"https:\/\/api.w.org\/{rel}","templated":true}]}}