{"id":5750,"date":"2026-01-10T01:46:02","date_gmt":"2026-01-10T00:46:02","guid":{"rendered":"https:\/\/shops.apaya.ag\/gymnasium-speicher\/?post_type=product&#038;p=5750"},"modified":"2026-01-10T02:06:12","modified_gmt":"2026-01-10T01:06:12","slug":"absolut-buegelfreie-bluse-la-956f-2","status":"publish","type":"product","link":"https:\/\/shops.apaya.ag\/gymnasium-speicher\/produkt\/absolut-buegelfreie-bluse-la-956f-2\/","title":{"rendered":"Absolut b\u00fcgelfreie Bluse LA 956F"},"content":{"rendered":"<p>Absolut b\u00fcgelfrei, Langarm, bequemer Kragen mit langen Spitzen, Ton-in-Ton Kn\u00f6pfe, modische Knopfleiste mit Doppelkn\u00f6pfen, Manschette mit 1 Knopf, wahlweise mit Manschettenkn\u00f6pfen tragbar, tailliert, abgerundeter Saum.<br \/>\nKonfektionsgr\u00f6\u00dfe Damen (cm)<br \/>\nXS\/34 S\/36 M\/38 L\/40 XL\/42 XXL\/44 3XL\/46 4XL\/48<br \/>\nBrustumfang Damen (cm)<br \/>\nXS 77\/82, S 82\/87, M 87\/92, L 92\/97, XL 97\/104, XXL 104\/112, 3XL 112\/120, 4XL 120\/130<\/p>\n","protected":false},"excerpt":{"rendered":"<p>Mit Motiv vorne klein, links (Herzseite)<\/p>\n","protected":false},"featured_media":1783,"template":"","meta":{"_uag_custom_page_level_css":"","_coblocks_attr":"","_coblocks_dimensions":"","_coblocks_responsive_height":"","_coblocks_accordion_ie_support":""},"product_brand":[],"product_cat":[26],"product_tag":[],"class_list":{"0":"post-5750","1":"product","2":"type-product","3":"status-publish","4":"has-post-thumbnail","6":"product_cat-hemden-blusen","8":"first","9":"instock","10":"taxable","11":"shipping-taxable","12":"purchasable","13":"product-type-variable","14":"has-default-attributes"},"uagb_featured_image_src":{"full":["https:\/\/shops.apaya.ag\/gymnasium-speicher\/wp-content\/uploads\/sites\/75\/2023\/10\/ti600_38748_front.jpg",600,600,false],"thumbnail":["https:\/\/shops.apaya.ag\/gymnasium-speicher\/wp-content\/uploads\/sites\/75\/2023\/10\/ti600_38748_front-150x150.jpg",150,150,true],"medium":["https:\/\/shops.apaya.ag\/gymnasium-speicher\/wp-content\/uploads\/sites\/75\/2023\/10\/ti600_38748_front-300x300.jpg",300,300,true],"medium_large":["https:\/\/shops.apaya.ag\/gymnasium-speicher\/wp-content\/uploads\/sites\/75\/2023\/10\/ti600_38748_front.jpg",600,600,false],"large":["https:\/\/shops.apaya.ag\/gymnasium-speicher\/wp-content\/uploads\/sites\/75\/2023\/10\/ti600_38748_front.jpg",600,600,false],"1536x1536":["https:\/\/shops.apaya.ag\/gymnasium-speicher\/wp-content\/uploads\/sites\/75\/2023\/10\/ti600_38748_front.jpg",600,600,false],"2048x2048":["https:\/\/shops.apaya.ag\/gymnasium-speicher\/wp-content\/uploads\/sites\/75\/2023\/10\/ti600_38748_front.jpg",600,600,false],"woocommerce_thumbnail":["https:\/\/shops.apaya.ag\/gymnasium-speicher\/wp-content\/uploads\/sites\/75\/2023\/10\/ti600_38748_front-324x324.jpg",324,324,true],"woocommerce_single":["https:\/\/shops.apaya.ag\/gymnasium-speicher\/wp-content\/uploads\/sites\/75\/2023\/10\/ti600_38748_front-416x416.jpg",416,416,true],"woocommerce_gallery_thumbnail":["https:\/\/shops.apaya.ag\/gymnasium-speicher\/wp-content\/uploads\/sites\/75\/2023\/10\/ti600_38748_front-100x100.jpg",100,100,true]},"uagb_author_info":{"display_name":"Administrator","author_link":"https:\/\/shops.apaya.ag\/gymnasium-speicher\/author\/"},"uagb_comment_info":0,"uagb_excerpt":"Mit Motiv vorne klein, links (Herzseite)","_links":{"self":[{"href":"https:\/\/shops.apaya.ag\/gymnasium-speicher\/wp-json\/wp\/v2\/product\/5750","targetHints":{"allow":["GET"]}}],"collection":[{"href":"https:\/\/shops.apaya.ag\/gymnasium-speicher\/wp-json\/wp\/v2\/product"}],"about":[{"href":"https:\/\/shops.apaya.ag\/gymnasium-speicher\/wp-json\/wp\/v2\/types\/product"}],"wp:featuredmedia":[{"embeddable":true,"href":"https:\/\/shops.apaya.ag\/gymnasium-speicher\/wp-json\/wp\/v2\/media\/1783"}],"wp:attachment":[{"href":"https:\/\/shops.apaya.ag\/gymnasium-speicher\/wp-json\/wp\/v2\/media?parent=5750"}],"wp:term":[{"taxonomy":"product_brand","embeddable":true,"href":"https:\/\/shops.apaya.ag\/gymnasium-speicher\/wp-json\/wp\/v2\/product_brand?post=5750"},{"taxonomy":"product_cat","embeddable":true,"href":"https:\/\/shops.apaya.ag\/gymnasium-speicher\/wp-json\/wp\/v2\/product_cat?post=5750"},{"taxonomy":"product_tag","embeddable":true,"href":"https:\/\/shops.apaya.ag\/gymnasium-speicher\/wp-json\/wp\/v2\/product_tag?post=5750"}],"curies":[{"name":"wp","href":"https:\/\/api.w.org\/{rel}","templated":true}]}}