{"id":5722,"date":"2026-01-10T01:45:59","date_gmt":"2026-01-10T00:45:59","guid":{"rendered":"https:\/\/shops.apaya.ag\/gymnasium-speicher\/?post_type=product&#038;p=5722"},"modified":"2026-01-10T02:06:02","modified_gmt":"2026-01-10T01:06:02","slug":"buegelfreies-tailliertes-hemd-958m-2","status":"publish","type":"product","link":"https:\/\/shops.apaya.ag\/gymnasium-speicher\/produkt\/buegelfreies-tailliertes-hemd-958m-2\/","title":{"rendered":"B\u00fcgelfreies tailliertes Hemd 958M"},"content":{"rendered":"<p>Absolut b\u00fcgelfreies Herrenhemd, langarm, st\u00e4bchenverst\u00e4rkter Kragen, Schulterpasse, Ton-in-Ton Kn\u00f6pfe, Ersatzknopf, Manschette mit 2 Kn\u00f6pfen, plus Knopf an der Leiste, k\u00f6rpernah geschnitten<br \/>\nKragenweiten Herren (cm)<br \/>\nS 37\/38, M 39\/40, L 41\/42, XL 43\/44, XXL 45\/46, 3XL 47\/48, 4XL 49\/50<br \/>\nBrustumfang Herren (cm)<br \/>\nS 92\/97, M 97\/102, L 102\/107, XL 107\/112, XXL 112\/117, 3XL 117\/122, 4XL 122\/127<\/p>\n","protected":false},"excerpt":{"rendered":"<p>Mit Motiv vorne klein, links (Herzseite)<\/p>\n","protected":false},"featured_media":1780,"template":"","meta":{"_uag_custom_page_level_css":"","_coblocks_attr":"","_coblocks_dimensions":"","_coblocks_responsive_height":"","_coblocks_accordion_ie_support":""},"product_brand":[],"product_cat":[26],"product_tag":[],"class_list":{"0":"post-5722","1":"product","2":"type-product","3":"status-publish","4":"has-post-thumbnail","6":"product_cat-hemden-blusen","8":"first","9":"instock","10":"taxable","11":"shipping-taxable","12":"purchasable","13":"product-type-variable","14":"has-default-attributes"},"uagb_featured_image_src":{"full":["https:\/\/shops.apaya.ag\/gymnasium-speicher\/wp-content\/uploads\/sites\/75\/2023\/10\/ti600_38746_front.jpg",600,600,false],"thumbnail":["https:\/\/shops.apaya.ag\/gymnasium-speicher\/wp-content\/uploads\/sites\/75\/2023\/10\/ti600_38746_front-150x150.jpg",150,150,true],"medium":["https:\/\/shops.apaya.ag\/gymnasium-speicher\/wp-content\/uploads\/sites\/75\/2023\/10\/ti600_38746_front-300x300.jpg",300,300,true],"medium_large":["https:\/\/shops.apaya.ag\/gymnasium-speicher\/wp-content\/uploads\/sites\/75\/2023\/10\/ti600_38746_front.jpg",600,600,false],"large":["https:\/\/shops.apaya.ag\/gymnasium-speicher\/wp-content\/uploads\/sites\/75\/2023\/10\/ti600_38746_front.jpg",600,600,false],"1536x1536":["https:\/\/shops.apaya.ag\/gymnasium-speicher\/wp-content\/uploads\/sites\/75\/2023\/10\/ti600_38746_front.jpg",600,600,false],"2048x2048":["https:\/\/shops.apaya.ag\/gymnasium-speicher\/wp-content\/uploads\/sites\/75\/2023\/10\/ti600_38746_front.jpg",600,600,false],"woocommerce_thumbnail":["https:\/\/shops.apaya.ag\/gymnasium-speicher\/wp-content\/uploads\/sites\/75\/2023\/10\/ti600_38746_front-324x324.jpg",324,324,true],"woocommerce_single":["https:\/\/shops.apaya.ag\/gymnasium-speicher\/wp-content\/uploads\/sites\/75\/2023\/10\/ti600_38746_front-416x416.jpg",416,416,true],"woocommerce_gallery_thumbnail":["https:\/\/shops.apaya.ag\/gymnasium-speicher\/wp-content\/uploads\/sites\/75\/2023\/10\/ti600_38746_front-100x100.jpg",100,100,true]},"uagb_author_info":{"display_name":"Administrator","author_link":"https:\/\/shops.apaya.ag\/gymnasium-speicher\/author\/"},"uagb_comment_info":0,"uagb_excerpt":"Mit Motiv vorne klein, links (Herzseite)","_links":{"self":[{"href":"https:\/\/shops.apaya.ag\/gymnasium-speicher\/wp-json\/wp\/v2\/product\/5722","targetHints":{"allow":["GET"]}}],"collection":[{"href":"https:\/\/shops.apaya.ag\/gymnasium-speicher\/wp-json\/wp\/v2\/product"}],"about":[{"href":"https:\/\/shops.apaya.ag\/gymnasium-speicher\/wp-json\/wp\/v2\/types\/product"}],"wp:featuredmedia":[{"embeddable":true,"href":"https:\/\/shops.apaya.ag\/gymnasium-speicher\/wp-json\/wp\/v2\/media\/1780"}],"wp:attachment":[{"href":"https:\/\/shops.apaya.ag\/gymnasium-speicher\/wp-json\/wp\/v2\/media?parent=5722"}],"wp:term":[{"taxonomy":"product_brand","embeddable":true,"href":"https:\/\/shops.apaya.ag\/gymnasium-speicher\/wp-json\/wp\/v2\/product_brand?post=5722"},{"taxonomy":"product_cat","embeddable":true,"href":"https:\/\/shops.apaya.ag\/gymnasium-speicher\/wp-json\/wp\/v2\/product_cat?post=5722"},{"taxonomy":"product_tag","embeddable":true,"href":"https:\/\/shops.apaya.ag\/gymnasium-speicher\/wp-json\/wp\/v2\/product_tag?post=5722"}],"curies":[{"name":"wp","href":"https:\/\/api.w.org\/{rel}","templated":true}]}}