{"id":1695,"date":"2025-06-30T02:55:40","date_gmt":"2025-06-30T00:55:40","guid":{"rendered":"https:\/\/shops.apaya.ag\/gsambahnhof\/?post_type=product&#038;p=1695"},"modified":"2025-06-30T03:00:25","modified_gmt":"2025-06-30T01:00:25","slug":"bluse-vario-%c2%be-arm-performance-2","status":"publish","type":"product","link":"https:\/\/shops.apaya.ag\/gsambahnhof\/produkt\/bluse-vario-%c2%be-arm-performance-2\/","title":{"rendered":"Bluse Vario-\u00be-Arm Performance"},"content":{"rendered":"<p>Besonders strapazierf\u00e4hige Bluse mit Vario-\u00be-Arm mit Kent-Kragen, leicht gerundetem Saum, Knopfleiste mit 4-Loch-Kn\u00f6pfen &#8211; \u00fcber Kreuz vern\u00e4ht und doppelt verknotet f\u00fcr extrafesten Halt -, Ersatzknopf, Doppelkappnaht an den Seitenn\u00e4hten und weitenverstellbaren Manschetten. Kann durch Vario-\u00c4rmel leicht zur \u00bd-Arm-Bluse umfunktioniert werden, wobei sich der aufgekrempelte \u00c4rmel durch eine Lasche sicher fixieren l\u00e4sst. Hergestellt aus dem besonders pflegeleichten und funktionellen HAKRO-Performance-Materialmix MikraLinar\u00ae mit angenehm weichem Griff. Gewebtes HAKRO-Necklabel aus hochwertigem Kettsatin mit weichen, ultraschallgeschnittenen Bandkanten f\u00fcr h\u00f6chsten Tragekomfort.<\/p>\n<p>\u2022 Material: MikraLinar\u00ae, Gewebe aus 50 % Baumwolle und 50 % Polyester<br \/>\n\u2022 Gewicht: 120 g\/m2<br \/>\n\u2022 Ausr\u00fcstung: einlaufvorbehandelt<br \/>\n\u2022 Eigenschaften: pflegeleicht<br \/>\n\u2022 Passform: No. 120 Regular Fit; No. 122 Comfort Fit<br \/>\n\u2022 Zertifikate: OEKO-TEX\u00ae STANDARD 100<br \/>\n\u2022 Waschtemperatur: max. 40 \u00b0C<br \/>\n\u2022 Gr\u00f6\u00dfen: XS-6XL<\/p>\n","protected":false},"excerpt":{"rendered":"<p>Mit Motiv vorne klein, links (Herzseite)<\/p>\n","protected":false},"featured_media":1427,"template":"","meta":{"_uag_custom_page_level_css":"","_coblocks_attr":"","_coblocks_dimensions":"","_coblocks_responsive_height":"","_coblocks_accordion_ie_support":""},"product_brand":[],"product_cat":[24],"product_tag":[],"class_list":{"0":"post-1695","1":"product","2":"type-product","3":"status-publish","4":"has-post-thumbnail","6":"product_cat-fleece-herren","8":"first","9":"instock","10":"taxable","11":"shipping-taxable","12":"purchasable","13":"product-type-variable","14":"has-default-attributes"},"uagb_featured_image_src":{"full":["https:\/\/shops.apaya.ag\/gsambahnhof\/wp-content\/uploads\/sites\/14\/2025\/06\/ti600_53936_front.jpg",600,600,false],"thumbnail":["https:\/\/shops.apaya.ag\/gsambahnhof\/wp-content\/uploads\/sites\/14\/2025\/06\/ti600_53936_front-150x150.jpg",150,150,true],"medium":["https:\/\/shops.apaya.ag\/gsambahnhof\/wp-content\/uploads\/sites\/14\/2025\/06\/ti600_53936_front-300x300.jpg",300,300,true],"medium_large":["https:\/\/shops.apaya.ag\/gsambahnhof\/wp-content\/uploads\/sites\/14\/2025\/06\/ti600_53936_front.jpg",600,600,false],"large":["https:\/\/shops.apaya.ag\/gsambahnhof\/wp-content\/uploads\/sites\/14\/2025\/06\/ti600_53936_front.jpg",600,600,false],"1536x1536":["https:\/\/shops.apaya.ag\/gsambahnhof\/wp-content\/uploads\/sites\/14\/2025\/06\/ti600_53936_front.jpg",600,600,false],"2048x2048":["https:\/\/shops.apaya.ag\/gsambahnhof\/wp-content\/uploads\/sites\/14\/2025\/06\/ti600_53936_front.jpg",600,600,false],"woocommerce_thumbnail":["https:\/\/shops.apaya.ag\/gsambahnhof\/wp-content\/uploads\/sites\/14\/2025\/06\/ti600_53936_front-324x324.jpg",324,324,true],"woocommerce_single":["https:\/\/shops.apaya.ag\/gsambahnhof\/wp-content\/uploads\/sites\/14\/2025\/06\/ti600_53936_front-416x416.jpg",416,416,true],"woocommerce_gallery_thumbnail":["https:\/\/shops.apaya.ag\/gsambahnhof\/wp-content\/uploads\/sites\/14\/2025\/06\/ti600_53936_front-100x100.jpg",100,100,true]},"uagb_author_info":{"display_name":"Administrator","author_link":"https:\/\/shops.apaya.ag\/gsambahnhof\/author\/"},"uagb_comment_info":0,"uagb_excerpt":"Mit Motiv vorne klein, links (Herzseite)","_links":{"self":[{"href":"https:\/\/shops.apaya.ag\/gsambahnhof\/wp-json\/wp\/v2\/product\/1695","targetHints":{"allow":["GET"]}}],"collection":[{"href":"https:\/\/shops.apaya.ag\/gsambahnhof\/wp-json\/wp\/v2\/product"}],"about":[{"href":"https:\/\/shops.apaya.ag\/gsambahnhof\/wp-json\/wp\/v2\/types\/product"}],"wp:featuredmedia":[{"embeddable":true,"href":"https:\/\/shops.apaya.ag\/gsambahnhof\/wp-json\/wp\/v2\/media\/1427"}],"wp:attachment":[{"href":"https:\/\/shops.apaya.ag\/gsambahnhof\/wp-json\/wp\/v2\/media?parent=1695"}],"wp:term":[{"taxonomy":"product_brand","embeddable":true,"href":"https:\/\/shops.apaya.ag\/gsambahnhof\/wp-json\/wp\/v2\/product_brand?post=1695"},{"taxonomy":"product_cat","embeddable":true,"href":"https:\/\/shops.apaya.ag\/gsambahnhof\/wp-json\/wp\/v2\/product_cat?post=1695"},{"taxonomy":"product_tag","embeddable":true,"href":"https:\/\/shops.apaya.ag\/gsambahnhof\/wp-json\/wp\/v2\/product_tag?post=1695"}],"curies":[{"name":"wp","href":"https:\/\/api.w.org\/{rel}","templated":true}]}}