{"id":10,"date":"2021-04-03T14:30:37","date_gmt":"2021-04-03T12:30:37","guid":{"rendered":"https:\/\/shops.apaya.ag\/gs-windmuehlenweg\/?page_id=10"},"modified":"2026-03-18T09:47:01","modified_gmt":"2026-03-18T08:47:01","slug":"10-2","status":"publish","type":"page","link":"https:\/\/shops.apaya.ag\/gs-windmuehlenweg\/","title":{"rendered":""},"content":{"rendered":"\n<h2 class=\"wp-block-heading has-text-align-center\">Onlineshop Grundschule Windm\u00fchlenweg<\/h2>\n\n\n\n<p class=\"has-text-align-center coblocks-animate\" data-coblocks-animation=\"zoomIn\" style=\"font-size:22px\">Der Shop ist bis zum 29.03.2026 ge\u00f6ffnet.&nbsp;<\/p>\n\n\n\n<p><\/p>\n\n\n\n<p class=\"has-text-align-center coblocks-animate\" data-coblocks-animation=\"zoomIn\" style=\"font-size:22px\"><\/p>\n\n\n\n<p class=\"has-text-align-center coblocks-animate\" data-coblocks-animation=\"zoomIn\" style=\"font-size:22px\">Zur Abholung kommt ihr bitte&nbsp; am Mittwoch den 22.04.2026 oder Freitag den 24.04.2026 von 13:00 bis 14:00 Uhr&nbsp;zur Pausenhalle.&nbsp;<\/p>\n\n\n\n<p class=\"has-text-align-center coblocks-animate\" data-coblocks-animation=\"zoomIn\" style=\"font-size:22px\"><\/p>\n\n\n\n<p class=\"has-text-align-center\">Die neue Kollektion unserer Schulkleidung ist da und kann hier bestellt werden<strong>.&nbsp;<\/strong><\/p>\n\n\n\n<p class=\"has-text-align-center\">Mit jedem Kauf eines Kleidungsst\u00fcckes gehen automatisch 3,-\u20ac als Spende an den Schulverein des Windm\u00fchlenwegs. Unsere Kleidung ist nachhaltig und fair produziert und st\u00e4rkt das Gemeinschaftsgef\u00fchl an unserer Schule.<\/p>\n\n\n\n<p class=\"has-text-align-center\">Schulkleidung soll stylisch sein, funktionell aber auch nachhaltig &amp; zu menschenw\u00fcrdigen Bedingungen produziert werden. Wir legen deshalb gr\u00f6\u00dften Wert auf &#8222;Nachhaltige Produktion&#8220; &#8211; &#8222;Fairen Handel&#8220; &#8211; &#8222;\u00d6kologische Verantwortung&#8220; .<\/p>\n\n\n<div class=\"woocommerce columns-4\"><ul class=\"products columns-4\">\n<li class=\"product-category product first\">\n\t<a aria-label=\"Produktkategorie T-Shirts Kinder besuchen\" href=\"https:\/\/shops.apaya.ag\/gs-windmuehlenweg\/produkt-kategorie\/t-shirts\/\"><img loading=\"lazy\" decoding=\"async\" src=\"https:\/\/shops.apaya.ag\/gs-windmuehlenweg\/wp-content\/uploads\/sites\/98\/2024\/05\/t-shirt_kinder_kat-230x324-1.png\" alt=\"T-Shirts Kinder\" width=\"324\" height=\"324\" srcset=\"https:\/\/shops.apaya.ag\/gs-windmuehlenweg\/wp-content\/uploads\/sites\/98\/2024\/05\/t-shirt_kinder_kat-230x324-1.png 230w, https:\/\/shops.apaya.ag\/gs-windmuehlenweg\/wp-content\/uploads\/sites\/98\/2024\/05\/t-shirt_kinder_kat-230x324-1-213x300.png 213w\" sizes=\"auto, (max-width: 230px) 100vw, 230px\" \/>\t\t<h2 class=\"woocommerce-loop-category__title\">\n\t\t\tT-Shirts Kinder <mark class=\"count\">(4)<\/mark>\t\t<\/h2>\n\t\t<\/a><\/li>\n<li class=\"product-category product\">\n\t<a aria-label=\"Produktkategorie Sweatshirts Kinder besuchen\" href=\"https:\/\/shops.apaya.ag\/gs-windmuehlenweg\/produkt-kategorie\/sweatshirts\/\"><img loading=\"lazy\" decoding=\"async\" src=\"https:\/\/shops.apaya.ag\/gs-windmuehlenweg\/wp-content\/uploads\/sites\/98\/2025\/11\/pulli_kinder_kat-230x324-1.png\" alt=\"Sweatshirts Kinder\" width=\"324\" height=\"324\" srcset=\"https:\/\/shops.apaya.ag\/gs-windmuehlenweg\/wp-content\/uploads\/sites\/98\/2025\/11\/pulli_kinder_kat-230x324-1.png 230w, https:\/\/shops.apaya.ag\/gs-windmuehlenweg\/wp-content\/uploads\/sites\/98\/2025\/11\/pulli_kinder_kat-230x324-1-213x300.png 213w\" sizes=\"auto, (max-width: 230px) 100vw, 230px\" \/>\t\t<h2 class=\"woocommerce-loop-category__title\">\n\t\t\tSweatshirts Kinder <mark class=\"count\">(4)<\/mark>\t\t<\/h2>\n\t\t<\/a><\/li>\n<li class=\"product-category product\">\n\t<a aria-label=\"Produktkategorie Hoodies Kinder besuchen\" href=\"https:\/\/shops.apaya.ag\/gs-windmuehlenweg\/produkt-kategorie\/hoodies\/\"><img loading=\"lazy\" decoding=\"async\" src=\"https:\/\/shops.apaya.ag\/gs-windmuehlenweg\/wp-content\/uploads\/sites\/98\/2024\/06\/hoodie_kinder_kat-230x324-1.jpg\" alt=\"Hoodies Kinder\" width=\"324\" height=\"324\" srcset=\"https:\/\/shops.apaya.ag\/gs-windmuehlenweg\/wp-content\/uploads\/sites\/98\/2024\/06\/hoodie_kinder_kat-230x324-1.jpg 230w, https:\/\/shops.apaya.ag\/gs-windmuehlenweg\/wp-content\/uploads\/sites\/98\/2024\/06\/hoodie_kinder_kat-230x324-1-213x300.jpg 213w\" sizes=\"auto, (max-width: 230px) 100vw, 230px\" \/>\t\t<h2 class=\"woocommerce-loop-category__title\">\n\t\t\tHoodies Kinder <mark class=\"count\">(4)<\/mark>\t\t<\/h2>\n\t\t<\/a><\/li>\n<li class=\"product-category product last\">\n\t<a aria-label=\"Produktkategorie Caps Kinder besuchen\" href=\"https:\/\/shops.apaya.ag\/gs-windmuehlenweg\/produkt-kategorie\/caps-kinder\/\"><img loading=\"lazy\" decoding=\"async\" src=\"https:\/\/shops.apaya.ag\/gs-windmuehlenweg\/wp-content\/uploads\/sites\/98\/2024\/05\/caps_kat-230x324.png\" alt=\"Caps Kinder\" width=\"324\" height=\"324\" \/>\t\t<h2 class=\"woocommerce-loop-category__title\">\n\t\t\tCaps Kinder <mark class=\"count\">(1)<\/mark>\t\t<\/h2>\n\t\t<\/a><\/li>\n<li class=\"product-category product first\">\n\t<a aria-label=\"Produktkategorie M\u00fctzen besuchen\" href=\"https:\/\/shops.apaya.ag\/gs-windmuehlenweg\/produkt-kategorie\/muetzen\/\"><img loading=\"lazy\" decoding=\"async\" src=\"https:\/\/shops.apaya.ag\/gs-windmuehlenweg\/wp-content\/uploads\/sites\/98\/2024\/11\/muetzen_kat-230x324.png\" alt=\"M\u00fctzen\" width=\"324\" height=\"324\" \/>\t\t<h2 class=\"woocommerce-loop-category__title\">\n\t\t\tM\u00fctzen <mark class=\"count\">(1)<\/mark>\t\t<\/h2>\n\t\t<\/a><\/li>\n<li class=\"product-category product\">\n\t<a aria-label=\"Produktkategorie T-Shirts Erwachsene besuchen\" href=\"https:\/\/shops.apaya.ag\/gs-windmuehlenweg\/produkt-kategorie\/t-shirts-erwachsene\/\"><img loading=\"lazy\" decoding=\"async\" src=\"https:\/\/shops.apaya.ag\/gs-windmuehlenweg\/wp-content\/uploads\/sites\/98\/2024\/05\/t-shirt_kat-230x324-1.png\" alt=\"T-Shirts Erwachsene\" width=\"324\" height=\"324\" srcset=\"https:\/\/shops.apaya.ag\/gs-windmuehlenweg\/wp-content\/uploads\/sites\/98\/2024\/05\/t-shirt_kat-230x324-1.png 230w, https:\/\/shops.apaya.ag\/gs-windmuehlenweg\/wp-content\/uploads\/sites\/98\/2024\/05\/t-shirt_kat-230x324-1-213x300.png 213w\" sizes=\"auto, (max-width: 230px) 100vw, 230px\" \/>\t\t<h2 class=\"woocommerce-loop-category__title\">\n\t\t\tT-Shirts Erwachsene <mark class=\"count\">(8)<\/mark>\t\t<\/h2>\n\t\t<\/a><\/li>\n<li class=\"product-category product\">\n\t<a aria-label=\"Produktkategorie Sweatshirts Erwachsene besuchen\" href=\"https:\/\/shops.apaya.ag\/gs-windmuehlenweg\/produkt-kategorie\/sweatshirts-erwachsene\/\"><img loading=\"lazy\" decoding=\"async\" src=\"https:\/\/shops.apaya.ag\/gs-windmuehlenweg\/wp-content\/uploads\/sites\/98\/2024\/05\/sweatshirt_kat-230x324-1.jpg\" alt=\"Sweatshirts Erwachsene\" width=\"324\" height=\"324\" srcset=\"https:\/\/shops.apaya.ag\/gs-windmuehlenweg\/wp-content\/uploads\/sites\/98\/2024\/05\/sweatshirt_kat-230x324-1.jpg 230w, https:\/\/shops.apaya.ag\/gs-windmuehlenweg\/wp-content\/uploads\/sites\/98\/2024\/05\/sweatshirt_kat-230x324-1-213x300.jpg 213w\" sizes=\"auto, (max-width: 230px) 100vw, 230px\" \/>\t\t<h2 class=\"woocommerce-loop-category__title\">\n\t\t\tSweatshirts Erwachsene <mark class=\"count\">(4)<\/mark>\t\t<\/h2>\n\t\t<\/a><\/li>\n<li class=\"product-category product last\">\n\t<a aria-label=\"Produktkategorie Hoodies Erwachsene besuchen\" href=\"https:\/\/shops.apaya.ag\/gs-windmuehlenweg\/produkt-kategorie\/hoodies-erwachsene\/\"><img loading=\"lazy\" decoding=\"async\" src=\"https:\/\/shops.apaya.ag\/gs-windmuehlenweg\/wp-content\/uploads\/sites\/98\/2024\/05\/hoodie_kat-230x324-1.png\" alt=\"Hoodies Erwachsene\" width=\"324\" height=\"324\" srcset=\"https:\/\/shops.apaya.ag\/gs-windmuehlenweg\/wp-content\/uploads\/sites\/98\/2024\/05\/hoodie_kat-230x324-1.png 230w, https:\/\/shops.apaya.ag\/gs-windmuehlenweg\/wp-content\/uploads\/sites\/98\/2024\/05\/hoodie_kat-230x324-1-213x300.png 213w\" sizes=\"auto, (max-width: 230px) 100vw, 230px\" \/>\t\t<h2 class=\"woocommerce-loop-category__title\">\n\t\t\tHoodies Erwachsene <mark class=\"count\">(4)<\/mark>\t\t<\/h2>\n\t\t<\/a><\/li>\n<li class=\"product-category product first\">\n\t<a aria-label=\"Produktkategorie Polos Erwachsene besuchen\" href=\"https:\/\/shops.apaya.ag\/gs-windmuehlenweg\/produkt-kategorie\/polos-erwachsene\/\"><img loading=\"lazy\" decoding=\"async\" src=\"https:\/\/shops.apaya.ag\/gs-windmuehlenweg\/wp-content\/uploads\/sites\/98\/2024\/05\/polos_kat-230x324-1.png\" alt=\"Polos Erwachsene\" width=\"324\" height=\"324\" srcset=\"https:\/\/shops.apaya.ag\/gs-windmuehlenweg\/wp-content\/uploads\/sites\/98\/2024\/05\/polos_kat-230x324-1.png 230w, https:\/\/shops.apaya.ag\/gs-windmuehlenweg\/wp-content\/uploads\/sites\/98\/2024\/05\/polos_kat-230x324-1-213x300.png 213w\" sizes=\"auto, (max-width: 230px) 100vw, 230px\" \/>\t\t<h2 class=\"woocommerce-loop-category__title\">\n\t\t\tPolos Erwachsene <mark class=\"count\">(8)<\/mark>\t\t<\/h2>\n\t\t<\/a><\/li>\n<\/ul>\n<\/div>\n\n\n\n<div aria-label=\"List of logos\" class=\"wp-block-coblocks-logos apaya-homepage-logos\"><div class=\"wp-block-coblocks-logos__row\"><div style=\"width:22.6463%\"><img decoding=\"async\" alt=\"Zertifikat Fair Wear\" data-id=\"44\" data-width=\"22.6463%\" src=\"https:\/\/shops.apaya.ag\/gs-windmuehlenweg\/wp-content\/uploads\/sites\/98\/2021\/04\/startseite-zertifikat-fair-wear.png\" \/><\/div><div style=\"width:22.0102%\"><img decoding=\"async\" alt=\"Zertifikat Oeko Tex\" data-id=\"43\" data-width=\"22.0102%\" src=\"https:\/\/shops.apaya.ag\/gs-windmuehlenweg\/wp-content\/uploads\/sites\/98\/2021\/04\/startseite-zertifikat-oeko-tex.png\" \/><\/div><div style=\"width:14.7583%\"><img decoding=\"async\" alt=\"Zertifikat Bio\" data-id=\"42\" data-width=\"14.7583%\" src=\"https:\/\/shops.apaya.ag\/gs-windmuehlenweg\/wp-content\/uploads\/sites\/98\/2021\/04\/startseite-zertifikat-bio.png\" \/><\/div><\/div><\/div>\n\n\n\n<div class=\"wp-block-columns is-layout-flex wp-container-core-columns-is-layout-28f84493 wp-block-columns-is-layout-flex\">\n<div class=\"wp-block-column is-layout-flow wp-block-column-is-layout-flow\">\n<ul class=\"wp-block-list is-style-default apaya-homepage-list\">\n<li>Einhaltung von \u00d6kotex Standard (neutrale Textilien ohne Giftstoffe die Hautreizungen hervorrufen k\u00f6nnen)<\/li>\n\n\n\n<li>Herstellung aus zertifizierter Bio-Baumwolle<\/li>\n\n\n\n<li>Sozialvertr\u00e4gliche Arbeitsbedingungen &amp;soziale Verantwortung im Sinne des Fair Trade<\/li>\n<\/ul>\n<\/div>\n\n\n\n<div class=\"wp-block-column is-layout-flow wp-block-column-is-layout-flow\">\n<ul class=\"wp-block-list is-style-default apaya-homepage-list\">\n<li>Zahlung von fairen Preisen<\/li>\n\n\n\n<li>Transparenz entlang der gesamten Lieferkette<\/li>\n\n\n\n<li>Einhaltung ethischer Herstellungsrichtlinien (z.B. keine Kinderarbeit, Gleichberechtigung von Frauen)<\/li>\n<\/ul>\n<\/div>\n<\/div>\n","protected":false},"excerpt":{"rendered":"<p>Onlineshop Grundschule Windm\u00fchlenweg Der Shop ist bis zum 29.03.2026 ge\u00f6ffnet.&nbsp; Zur Abholung kommt ihr bitte&nbsp; am Mittwoch den 22.04.2026 oder Freitag den 24.04.2026 von 13:00 bis 14:00 Uhr&nbsp;zur Pausenhalle.&nbsp; Die neue Kollektion unserer Schulkleidung ist da und kann hier bestellt werden.&nbsp; Mit jedem Kauf eines Kleidungsst\u00fcckes gehen automatisch 3,-\u20ac als Spende an den Schulverein des [&hellip;]<\/p>\n","protected":false},"author":1,"featured_media":0,"parent":0,"menu_order":0,"comment_status":"closed","ping_status":"closed","template":"","meta":{"_uag_custom_page_level_css":"","_coblocks_attr":"","_coblocks_dimensions":"","_coblocks_responsive_height":"","_coblocks_accordion_ie_support":"","footnotes":""},"class_list":["post-10","page","type-page","status-publish","hentry"],"uagb_featured_image_src":{"full":false,"thumbnail":false,"medium":false,"medium_large":false,"large":false,"1536x1536":false,"2048x2048":false,"woocommerce_thumbnail":false,"woocommerce_single":false,"woocommerce_gallery_thumbnail":false},"uagb_author_info":{"display_name":"Administrator","author_link":"https:\/\/shops.apaya.ag\/gs-windmuehlenweg\/author\/admin-apaya\/"},"uagb_comment_info":0,"uagb_excerpt":"Onlineshop Grundschule Windm\u00fchlenweg Der Shop ist bis zum 29.03.2026 ge\u00f6ffnet.&nbsp; Zur Abholung kommt ihr bitte&nbsp; am Mittwoch den 22.04.2026 oder Freitag den 24.04.2026 von 13:00 bis 14:00 Uhr&nbsp;zur Pausenhalle.&nbsp; Die neue Kollektion unserer Schulkleidung ist da und kann hier bestellt werden.&nbsp; Mit jedem Kauf eines Kleidungsst\u00fcckes gehen automatisch 3,-\u20ac als Spende an den Schulverein des&hellip;","_links":{"self":[{"href":"https:\/\/shops.apaya.ag\/gs-windmuehlenweg\/wp-json\/wp\/v2\/pages\/10","targetHints":{"allow":["GET"]}}],"collection":[{"href":"https:\/\/shops.apaya.ag\/gs-windmuehlenweg\/wp-json\/wp\/v2\/pages"}],"about":[{"href":"https:\/\/shops.apaya.ag\/gs-windmuehlenweg\/wp-json\/wp\/v2\/types\/page"}],"author":[{"embeddable":true,"href":"https:\/\/shops.apaya.ag\/gs-windmuehlenweg\/wp-json\/wp\/v2\/users\/1"}],"replies":[{"embeddable":true,"href":"https:\/\/shops.apaya.ag\/gs-windmuehlenweg\/wp-json\/wp\/v2\/comments?post=10"}],"version-history":[{"count":26,"href":"https:\/\/shops.apaya.ag\/gs-windmuehlenweg\/wp-json\/wp\/v2\/pages\/10\/revisions"}],"predecessor-version":[{"id":2888,"href":"https:\/\/shops.apaya.ag\/gs-windmuehlenweg\/wp-json\/wp\/v2\/pages\/10\/revisions\/2888"}],"wp:attachment":[{"href":"https:\/\/shops.apaya.ag\/gs-windmuehlenweg\/wp-json\/wp\/v2\/media?parent=10"}],"curies":[{"name":"wp","href":"https:\/\/api.w.org\/{rel}","templated":true}]}}