{"id":758,"date":"2024-10-03T06:19:51","date_gmt":"2024-10-03T04:19:51","guid":{"rendered":"https:\/\/shops.apaya.ag\/gs-ottobrunn\/?post_type=product&#038;p=758"},"modified":"2024-10-03T06:20:06","modified_gmt":"2024-10-03T04:20:06","slug":"basic-sweater-unisex","status":"publish","type":"product","link":"https:\/\/shops.apaya.ag\/gs-ottobrunn\/produkt\/basic-sweater-unisex\/","title":{"rendered":"Basic Sweater \/unisex"},"content":{"rendered":"<p>Rundhals Sweat Shirt, Set In \u00c4rmel, Nackenband, Heraustrennbares Label (Easy Tear) f\u00fcr Rebranding, Doppelnaht, Gerippte B\u00fcndchen und Saum, Zertifizierte Herstellung (WRAP)<\/p>\n","protected":false},"excerpt":{"rendered":"<p>Mit Motiv vorne klein, links (Herzseite)<\/p>\n","protected":false},"featured_media":753,"template":"","meta":{"_uag_custom_page_level_css":"","_coblocks_attr":"","_coblocks_dimensions":"","_coblocks_responsive_height":"","_coblocks_accordion_ie_support":""},"product_brand":[],"product_cat":[20],"product_tag":[],"class_list":{"0":"post-758","1":"product","2":"type-product","3":"status-publish","4":"has-post-thumbnail","6":"product_cat-sweatshirts","8":"first","9":"instock","10":"taxable","11":"shipping-taxable","12":"purchasable","13":"product-type-variable","14":"has-default-attributes"},"uagb_featured_image_src":{"full":["https:\/\/shops.apaya.ag\/gs-ottobrunn\/wp-content\/uploads\/sites\/92\/2024\/10\/ti600_48737_front.jpg",600,600,false],"thumbnail":["https:\/\/shops.apaya.ag\/gs-ottobrunn\/wp-content\/uploads\/sites\/92\/2024\/10\/ti600_48737_front-150x150.jpg",150,150,true],"medium":["https:\/\/shops.apaya.ag\/gs-ottobrunn\/wp-content\/uploads\/sites\/92\/2024\/10\/ti600_48737_front-300x300.jpg",300,300,true],"medium_large":["https:\/\/shops.apaya.ag\/gs-ottobrunn\/wp-content\/uploads\/sites\/92\/2024\/10\/ti600_48737_front.jpg",600,600,false],"large":["https:\/\/shops.apaya.ag\/gs-ottobrunn\/wp-content\/uploads\/sites\/92\/2024\/10\/ti600_48737_front.jpg",600,600,false],"1536x1536":["https:\/\/shops.apaya.ag\/gs-ottobrunn\/wp-content\/uploads\/sites\/92\/2024\/10\/ti600_48737_front.jpg",600,600,false],"2048x2048":["https:\/\/shops.apaya.ag\/gs-ottobrunn\/wp-content\/uploads\/sites\/92\/2024\/10\/ti600_48737_front.jpg",600,600,false],"woocommerce_thumbnail":["https:\/\/shops.apaya.ag\/gs-ottobrunn\/wp-content\/uploads\/sites\/92\/2024\/10\/ti600_48737_front-324x324.jpg",324,324,true],"woocommerce_single":["https:\/\/shops.apaya.ag\/gs-ottobrunn\/wp-content\/uploads\/sites\/92\/2024\/10\/ti600_48737_front-416x416.jpg",416,416,true],"woocommerce_gallery_thumbnail":["https:\/\/shops.apaya.ag\/gs-ottobrunn\/wp-content\/uploads\/sites\/92\/2024\/10\/ti600_48737_front-100x100.jpg",100,100,true]},"uagb_author_info":{"display_name":"Administrator","author_link":"https:\/\/shops.apaya.ag\/gs-ottobrunn\/author\/"},"uagb_comment_info":0,"uagb_excerpt":"Mit Motiv vorne klein, links (Herzseite)","_links":{"self":[{"href":"https:\/\/shops.apaya.ag\/gs-ottobrunn\/wp-json\/wp\/v2\/product\/758","targetHints":{"allow":["GET"]}}],"collection":[{"href":"https:\/\/shops.apaya.ag\/gs-ottobrunn\/wp-json\/wp\/v2\/product"}],"about":[{"href":"https:\/\/shops.apaya.ag\/gs-ottobrunn\/wp-json\/wp\/v2\/types\/product"}],"wp:featuredmedia":[{"embeddable":true,"href":"https:\/\/shops.apaya.ag\/gs-ottobrunn\/wp-json\/wp\/v2\/media\/753"}],"wp:attachment":[{"href":"https:\/\/shops.apaya.ag\/gs-ottobrunn\/wp-json\/wp\/v2\/media?parent=758"}],"wp:term":[{"taxonomy":"product_brand","embeddable":true,"href":"https:\/\/shops.apaya.ag\/gs-ottobrunn\/wp-json\/wp\/v2\/product_brand?post=758"},{"taxonomy":"product_cat","embeddable":true,"href":"https:\/\/shops.apaya.ag\/gs-ottobrunn\/wp-json\/wp\/v2\/product_cat?post=758"},{"taxonomy":"product_tag","embeddable":true,"href":"https:\/\/shops.apaya.ag\/gs-ottobrunn\/wp-json\/wp\/v2\/product_tag?post=758"}],"curies":[{"name":"wp","href":"https:\/\/api.w.org\/{rel}","templated":true}]}}