{"id":639,"date":"2024-10-03T06:16:06","date_gmt":"2024-10-03T04:16:06","guid":{"rendered":"https:\/\/shops.apaya.ag\/gs-ottobrunn\/produkt\/longsleeve-performance\/"},"modified":"2024-10-03T06:18:18","modified_gmt":"2024-10-03T04:18:18","slug":"longsleeve-performance","status":"publish","type":"product","link":"https:\/\/shops.apaya.ag\/gs-ottobrunn\/produkt\/longsleeve-performance\/","title":{"rendered":"Longsleeve Performance"},"content":{"rendered":"<p>Besonders strapazierf\u00e4higes Langarmshirt mit rundem Halsausschnitt, geripptem Halsb\u00fcndchen und Nackenband. Leasingkoller zur einfachen Kennzeichnung in der gewerblichen W\u00e4scherei und Aufh\u00e4ngeb\u00e4nder im Saum. Hergestellt aus schwerem, besonders pflegeleichtem und funktionellem Single-Jersey aus dem HAKRO-Performance-Materialmix MikraLinar\u00ae. Gewebtes HAKRO-Necklabel aus hochwertigem Kettsatin mit weichen, ultraschallgeschnittenen Bandkanten f\u00fcr h\u00f6chsten Tragekomfort und gewebtes HAKRO-Flaglabel an der linken Seitennaht.<\/p>\n<p>\u2022 Material: MikraLinar\u00ae, Single-Jersey aus 50 % Baumwolle und 50 % Polyester<br \/>\n\u2022 Gewicht: 190 g\/m2<br \/>\n\u2022 Ausr\u00fcstung: einlaufvorbehandelt<br \/>\n\u2022 Eigenschaften: geeignet f\u00fcr die Industriew\u00e4sche nach ISO 15797, pflegeleicht<br \/>\n\u2022 Passform: Regular Fit<br \/>\n\u2022 Zertifikate: OEKO-TEX\u00ae STANDARD 100, UV-Standard 801<br \/>\n\u2022 Waschtemperatur: max. 60 \u00b0C<br \/>\n\u2022 Gr\u00f6\u00dfe: XS-6XL<\/p>\n","protected":false},"excerpt":{"rendered":"<p>Mit Motiv vorne klein, links (Herzseite)<\/p>\n","protected":false},"featured_media":595,"template":"","meta":{"_uag_custom_page_level_css":"","_coblocks_attr":"","_coblocks_dimensions":"","_coblocks_responsive_height":"","_coblocks_accordion_ie_support":""},"product_brand":[],"product_cat":[21],"product_tag":[],"class_list":{"0":"post-639","1":"product","2":"type-product","3":"status-publish","4":"has-post-thumbnail","6":"product_cat-t-shirts","8":"first","9":"instock","10":"taxable","11":"shipping-taxable","12":"purchasable","13":"product-type-variable","14":"has-default-attributes"},"uagb_featured_image_src":{"full":["https:\/\/shops.apaya.ag\/gs-ottobrunn\/wp-content\/uploads\/sites\/92\/2024\/10\/ti600_48725_front.jpg",600,600,false],"thumbnail":["https:\/\/shops.apaya.ag\/gs-ottobrunn\/wp-content\/uploads\/sites\/92\/2024\/10\/ti600_48725_front-150x150.jpg",150,150,true],"medium":["https:\/\/shops.apaya.ag\/gs-ottobrunn\/wp-content\/uploads\/sites\/92\/2024\/10\/ti600_48725_front-300x300.jpg",300,300,true],"medium_large":["https:\/\/shops.apaya.ag\/gs-ottobrunn\/wp-content\/uploads\/sites\/92\/2024\/10\/ti600_48725_front.jpg",600,600,false],"large":["https:\/\/shops.apaya.ag\/gs-ottobrunn\/wp-content\/uploads\/sites\/92\/2024\/10\/ti600_48725_front.jpg",600,600,false],"1536x1536":["https:\/\/shops.apaya.ag\/gs-ottobrunn\/wp-content\/uploads\/sites\/92\/2024\/10\/ti600_48725_front.jpg",600,600,false],"2048x2048":["https:\/\/shops.apaya.ag\/gs-ottobrunn\/wp-content\/uploads\/sites\/92\/2024\/10\/ti600_48725_front.jpg",600,600,false],"woocommerce_thumbnail":["https:\/\/shops.apaya.ag\/gs-ottobrunn\/wp-content\/uploads\/sites\/92\/2024\/10\/ti600_48725_front-324x324.jpg",324,324,true],"woocommerce_single":["https:\/\/shops.apaya.ag\/gs-ottobrunn\/wp-content\/uploads\/sites\/92\/2024\/10\/ti600_48725_front-416x416.jpg",416,416,true],"woocommerce_gallery_thumbnail":["https:\/\/shops.apaya.ag\/gs-ottobrunn\/wp-content\/uploads\/sites\/92\/2024\/10\/ti600_48725_front-100x100.jpg",100,100,true]},"uagb_author_info":{"display_name":"Administrator","author_link":"https:\/\/shops.apaya.ag\/gs-ottobrunn\/author\/"},"uagb_comment_info":0,"uagb_excerpt":"Mit Motiv vorne klein, links (Herzseite)","_links":{"self":[{"href":"https:\/\/shops.apaya.ag\/gs-ottobrunn\/wp-json\/wp\/v2\/product\/639","targetHints":{"allow":["GET"]}}],"collection":[{"href":"https:\/\/shops.apaya.ag\/gs-ottobrunn\/wp-json\/wp\/v2\/product"}],"about":[{"href":"https:\/\/shops.apaya.ag\/gs-ottobrunn\/wp-json\/wp\/v2\/types\/product"}],"wp:featuredmedia":[{"embeddable":true,"href":"https:\/\/shops.apaya.ag\/gs-ottobrunn\/wp-json\/wp\/v2\/media\/595"}],"wp:attachment":[{"href":"https:\/\/shops.apaya.ag\/gs-ottobrunn\/wp-json\/wp\/v2\/media?parent=639"}],"wp:term":[{"taxonomy":"product_brand","embeddable":true,"href":"https:\/\/shops.apaya.ag\/gs-ottobrunn\/wp-json\/wp\/v2\/product_brand?post=639"},{"taxonomy":"product_cat","embeddable":true,"href":"https:\/\/shops.apaya.ag\/gs-ottobrunn\/wp-json\/wp\/v2\/product_cat?post=639"},{"taxonomy":"product_tag","embeddable":true,"href":"https:\/\/shops.apaya.ag\/gs-ottobrunn\/wp-json\/wp\/v2\/product_tag?post=639"}],"curies":[{"name":"wp","href":"https:\/\/api.w.org\/{rel}","templated":true}]}}