{"id":3079,"date":"2026-01-06T00:18:15","date_gmt":"2026-01-05T23:18:15","guid":{"rendered":"https:\/\/shops.apaya.ag\/fronhofer\/?post_type=product&#038;p=3079"},"modified":"2026-04-05T10:12:47","modified_gmt":"2026-04-05T08:12:47","slug":"kids-classic-hooded-sweat-2","status":"publish","type":"product","link":"https:\/\/shops.apaya.ag\/fronhofer\/produkt\/kids-classic-hooded-sweat-2\/","title":{"rendered":"Kids Classic Hooded Sweat"},"content":{"rendered":"<p>Kinder-Kapuzen-Sweatshirt, doppelt gelegte Kapuze, K\u00e4ngurutasche, Rippstrickb\u00fcndchen an \u00c4rmelabschluss und Bund<\/p>\n","protected":false},"excerpt":{"rendered":"<p>Mit Motiv vorne klein, links (Herzseite)<\/p>\n","protected":false},"featured_media":392,"template":"","meta":{"_uag_custom_page_level_css":"","_coblocks_attr":"","_coblocks_dimensions":"","_coblocks_responsive_height":"","_coblocks_accordion_ie_support":""},"product_brand":[],"product_cat":[20],"product_tag":[],"class_list":{"0":"post-3079","1":"product","2":"type-product","3":"status-publish","4":"has-post-thumbnail","6":"product_cat-pullis-kinder","8":"first","9":"instock","10":"taxable","11":"shipping-taxable","12":"purchasable","13":"product-type-variable","14":"has-default-attributes"},"uagb_featured_image_src":{"full":["https:\/\/shops.apaya.ag\/fronhofer\/wp-content\/uploads\/sites\/77\/2023\/12\/ti600_39552_front.jpg",600,600,false],"thumbnail":["https:\/\/shops.apaya.ag\/fronhofer\/wp-content\/uploads\/sites\/77\/2023\/12\/ti600_39552_front-150x150.jpg",150,150,true],"medium":["https:\/\/shops.apaya.ag\/fronhofer\/wp-content\/uploads\/sites\/77\/2023\/12\/ti600_39552_front-300x300.jpg",300,300,true],"medium_large":["https:\/\/shops.apaya.ag\/fronhofer\/wp-content\/uploads\/sites\/77\/2023\/12\/ti600_39552_front.jpg",600,600,false],"large":["https:\/\/shops.apaya.ag\/fronhofer\/wp-content\/uploads\/sites\/77\/2023\/12\/ti600_39552_front.jpg",600,600,false],"1536x1536":["https:\/\/shops.apaya.ag\/fronhofer\/wp-content\/uploads\/sites\/77\/2023\/12\/ti600_39552_front.jpg",600,600,false],"2048x2048":["https:\/\/shops.apaya.ag\/fronhofer\/wp-content\/uploads\/sites\/77\/2023\/12\/ti600_39552_front.jpg",600,600,false],"woocommerce_thumbnail":["https:\/\/shops.apaya.ag\/fronhofer\/wp-content\/uploads\/sites\/77\/2023\/12\/ti600_39552_front-324x324.jpg",324,324,true],"woocommerce_single":["https:\/\/shops.apaya.ag\/fronhofer\/wp-content\/uploads\/sites\/77\/2023\/12\/ti600_39552_front-416x416.jpg",416,416,true],"woocommerce_gallery_thumbnail":["https:\/\/shops.apaya.ag\/fronhofer\/wp-content\/uploads\/sites\/77\/2023\/12\/ti600_39552_front-100x100.jpg",100,100,true]},"uagb_author_info":{"display_name":"Administrator","author_link":"https:\/\/shops.apaya.ag\/fronhofer\/author\/"},"uagb_comment_info":0,"uagb_excerpt":"Mit Motiv vorne klein, links (Herzseite)","_links":{"self":[{"href":"https:\/\/shops.apaya.ag\/fronhofer\/wp-json\/wp\/v2\/product\/3079","targetHints":{"allow":["GET"]}}],"collection":[{"href":"https:\/\/shops.apaya.ag\/fronhofer\/wp-json\/wp\/v2\/product"}],"about":[{"href":"https:\/\/shops.apaya.ag\/fronhofer\/wp-json\/wp\/v2\/types\/product"}],"wp:featuredmedia":[{"embeddable":true,"href":"https:\/\/shops.apaya.ag\/fronhofer\/wp-json\/wp\/v2\/media\/392"}],"wp:attachment":[{"href":"https:\/\/shops.apaya.ag\/fronhofer\/wp-json\/wp\/v2\/media?parent=3079"}],"wp:term":[{"taxonomy":"product_brand","embeddable":true,"href":"https:\/\/shops.apaya.ag\/fronhofer\/wp-json\/wp\/v2\/product_brand?post=3079"},{"taxonomy":"product_cat","embeddable":true,"href":"https:\/\/shops.apaya.ag\/fronhofer\/wp-json\/wp\/v2\/product_cat?post=3079"},{"taxonomy":"product_tag","embeddable":true,"href":"https:\/\/shops.apaya.ag\/fronhofer\/wp-json\/wp\/v2\/product_tag?post=3079"}],"curies":[{"name":"wp","href":"https:\/\/api.w.org\/{rel}","templated":true}]}}