{"id":10,"date":"2021-04-03T14:30:37","date_gmt":"2021-04-03T12:30:37","guid":{"rendered":"https:\/\/shops.apaya.ag\/fronhofer\/?page_id=10"},"modified":"2026-02-20T13:29:57","modified_gmt":"2026-02-20T12:29:57","slug":"10-2","status":"publish","type":"page","link":"https:\/\/shops.apaya.ag\/fronhofer\/","title":{"rendered":""},"content":{"rendered":"\n<h2 class=\"wp-block-heading has-text-align-center\">Onlineshop Ludwig-Fronhofer-Realschule<\/h2>\n\n\n\n<p>Ablauf Bestellungen Schulkleidung:<\/p>\n\n\n\n<p>F\u00fcr Sie zur Info, es handelt sich beim FRI Schulshop um einen Sammelshop, d.h. die eingegangenen,&nbsp;<strong>bezahlten&nbsp;<\/strong>Bestellungen werden&nbsp;<strong>alle 2 Wochen<\/strong>&nbsp;von uns geb\u00fcndelt bearbeitet und dann gesammelt an die Schule versendet.<\/p>\n\n\n\n<p>Der n\u00e4chste Bearbeitungstermin ist aktuell z.B. der&nbsp;<strong>2. M\u00e4rz 2026<\/strong>, unsere Lieferzeit betr\u00e4gt ca. 2 Wochen, d.h. die Bestellungen kommen ca. in KW12 an der Schule an.<\/p>\n\n\n\n<p>Am Versandtag erh\u00e4lt jede\/r BestellerIn eine Infomail. In der Regel dauert die Auslieferung 1-2 Tage, man kann also ca. 2 Tage nach der Versandmail an der Schule nachfragen.<\/p>\n\n\n\n<p>Die n\u00e4chsten Bearbeitungstermine sind: 16.03. | 30.03. | 13.04. | 27.04. usw.<\/p>\n\n\n\n<p>WICHTIG: Die Schulkleidung kann immer <strong>dienstags und donnerstags <\/strong>in der <strong>2.Pause <\/strong>und <strong>von 13-14 Uhr<\/strong> \u00a0in der <strong>Sch\u00fclerfirma Raum P112<\/strong> abgeholt werden kann!<\/p>\n\n\n\n<p><\/p>\n\n\n\n<p class=\"has-text-align-center\">Wir st\u00e4rken mit nachhaltig und fair produzierter Kleidung und Merchandising-Artikeln das Gemeinschaftsgef\u00fchl an unserer Schule.<\/p>\n\n\n<div class=\"woocommerce columns-4\"><ul class=\"products columns-4\">\n<li class=\"product-category product first\">\n\t<a aria-label=\"Produktkategorie Kinder besuchen\" href=\"https:\/\/shops.apaya.ag\/fronhofer\/produkt-kategorie\/kinder\/\"><img loading=\"lazy\" decoding=\"async\" src=\"https:\/\/shops.apaya.ag\/fronhofer\/wp-content\/uploads\/sites\/77\/2024\/02\/kinder_kat.png\" alt=\"Kinder\" width=\"324\" height=\"324\" srcset=\"https:\/\/shops.apaya.ag\/fronhofer\/wp-content\/uploads\/sites\/77\/2024\/02\/kinder_kat.png 230w, https:\/\/shops.apaya.ag\/fronhofer\/wp-content\/uploads\/sites\/77\/2024\/02\/kinder_kat-213x300.png 213w\" sizes=\"auto, (max-width: 230px) 100vw, 230px\" \/>\t\t<h2 class=\"woocommerce-loop-category__title\">\n\t\t\tKinder <mark class=\"count\">(14)<\/mark>\t\t<\/h2>\n\t\t<\/a><\/li>\n<li class=\"product-category product\">\n\t<a aria-label=\"Produktkategorie Damen besuchen\" href=\"https:\/\/shops.apaya.ag\/fronhofer\/produkt-kategorie\/damen\/\"><img loading=\"lazy\" decoding=\"async\" src=\"https:\/\/shops.apaya.ag\/fronhofer\/wp-content\/uploads\/sites\/77\/2024\/02\/damen_kat.png\" alt=\"Damen\" width=\"324\" height=\"324\" srcset=\"https:\/\/shops.apaya.ag\/fronhofer\/wp-content\/uploads\/sites\/77\/2024\/02\/damen_kat.png 230w, https:\/\/shops.apaya.ag\/fronhofer\/wp-content\/uploads\/sites\/77\/2024\/02\/damen_kat-213x300.png 213w\" sizes=\"auto, (max-width: 230px) 100vw, 230px\" \/>\t\t<h2 class=\"woocommerce-loop-category__title\">\n\t\t\tDamen <mark class=\"count\">(11)<\/mark>\t\t<\/h2>\n\t\t<\/a><\/li>\n<li class=\"product-category product\">\n\t<a aria-label=\"Produktkategorie Herren besuchen\" href=\"https:\/\/shops.apaya.ag\/fronhofer\/produkt-kategorie\/herren\/\"><img loading=\"lazy\" decoding=\"async\" src=\"https:\/\/shops.apaya.ag\/fronhofer\/wp-content\/uploads\/sites\/77\/2024\/02\/herren_kat.png\" alt=\"Herren\" width=\"324\" height=\"324\" srcset=\"https:\/\/shops.apaya.ag\/fronhofer\/wp-content\/uploads\/sites\/77\/2024\/02\/herren_kat.png 230w, https:\/\/shops.apaya.ag\/fronhofer\/wp-content\/uploads\/sites\/77\/2024\/02\/herren_kat-213x300.png 213w\" sizes=\"auto, (max-width: 230px) 100vw, 230px\" \/>\t\t<h2 class=\"woocommerce-loop-category__title\">\n\t\t\tHerren <mark class=\"count\">(16)<\/mark>\t\t<\/h2>\n\t\t<\/a><\/li>\n<li class=\"product-category product last\">\n\t<a aria-label=\"Produktkategorie Taschen &amp; Rucks\u00e4cke besuchen\" href=\"https:\/\/shops.apaya.ag\/fronhofer\/produkt-kategorie\/taschen-rucksaecke\/\"><img loading=\"lazy\" decoding=\"async\" src=\"https:\/\/shops.apaya.ag\/fronhofer\/wp-content\/uploads\/sites\/77\/2023\/11\/taschen_kat-230x324.png\" alt=\"Taschen &amp; Rucks\u00e4cke\" width=\"324\" height=\"324\" \/>\t\t<h2 class=\"woocommerce-loop-category__title\">\n\t\t\tTaschen &amp; Rucks\u00e4cke <mark class=\"count\">(3)<\/mark>\t\t<\/h2>\n\t\t<\/a><\/li>\n<\/ul>\n<\/div>\n\n\n\n<p class=\"has-text-align-center\">Schulkleidung soll stylisch sein, funktionell aber auch nachhaltig &amp; zu menschenw\u00fcrdigen Bedingungen produziert werden. Wir legen deshalb gr\u00f6\u00dften Wert auf &#8222;Nachhaltige Produktion&#8220; &#8211; &#8222;Fairen Handel&#8220; &#8211; &#8222;\u00d6kologische Verantwortung&#8220; .<\/p>\n\n\n\n<div aria-label=\"List of logos\" class=\"wp-block-coblocks-logos apaya-homepage-logos\"><div class=\"wp-block-coblocks-logos__row\"><div style=\"width:22.6463%\"><img decoding=\"async\" alt=\"Zertifikat Fair Wear\" data-id=\"44\" data-width=\"22.6463%\" src=\"https:\/\/shops.apaya.ag\/fronhofer\/wp-content\/uploads\/sites\/77\/2021\/04\/startseite-zertifikat-fair-wear.png\" \/><\/div><div style=\"width:22.0102%\"><img decoding=\"async\" alt=\"Zertifikat Oeko Tex\" data-id=\"43\" data-width=\"22.0102%\" src=\"https:\/\/shops.apaya.ag\/fronhofer\/wp-content\/uploads\/sites\/77\/2021\/04\/startseite-zertifikat-oeko-tex.png\" \/><\/div><div style=\"width:14.7583%\"><img decoding=\"async\" alt=\"Zertifikat Bio\" data-id=\"42\" data-width=\"14.7583%\" src=\"https:\/\/shops.apaya.ag\/fronhofer\/wp-content\/uploads\/sites\/77\/2021\/04\/startseite-zertifikat-bio.png\" \/><\/div><\/div><\/div>\n\n\n\n<div class=\"wp-block-columns is-layout-flex wp-container-core-columns-is-layout-28f84493 wp-block-columns-is-layout-flex\">\n<div class=\"wp-block-column is-layout-flow wp-block-column-is-layout-flow\">\n<ul class=\"wp-block-list is-style-default apaya-homepage-list\">\n<li>Einhaltung von \u00d6kotex Standard (neutrale Textilien ohne Giftstoffe die Hautreizungen hervorrufen k\u00f6nnen)<\/li>\n\n\n\n<li>Herstellung aus zertifizierter Bio-Baumwolle<\/li>\n\n\n\n<li>Sozialvertr\u00e4gliche Arbeitsbedingungen &amp;soziale Verantwortung im Sinne des Fair Trade<\/li>\n<\/ul>\n<\/div>\n\n\n\n<div class=\"wp-block-column is-layout-flow wp-block-column-is-layout-flow\">\n<ul class=\"wp-block-list is-style-default apaya-homepage-list\">\n<li>Zahlung von fairen Preisen<\/li>\n\n\n\n<li>Transparenz entlang der gesamten Lieferkette<\/li>\n\n\n\n<li>Einhaltung ethischer Herstellungsrichtlinien (z.B. keine Kinderarbeit, Gleichberechtigung von Frauen)<\/li>\n<\/ul>\n<\/div>\n<\/div>\n\n\n\n\n\n\n","protected":false},"excerpt":{"rendered":"<p>Onlineshop Ludwig-Fronhofer-Realschule Ablauf Bestellungen Schulkleidung: F\u00fcr Sie zur Info, es handelt sich beim FRI Schulshop um einen Sammelshop, d.h. die eingegangenen,&nbsp;bezahlten&nbsp;Bestellungen werden&nbsp;alle 2 Wochen&nbsp;von uns geb\u00fcndelt bearbeitet und dann gesammelt an die Schule versendet. Der n\u00e4chste Bearbeitungstermin ist aktuell z.B. der&nbsp;2. M\u00e4rz 2026, unsere Lieferzeit betr\u00e4gt ca. 2 Wochen, d.h. die Bestellungen kommen ca. in [&hellip;]<\/p>\n","protected":false},"author":1,"featured_media":0,"parent":0,"menu_order":0,"comment_status":"closed","ping_status":"closed","template":"","meta":{"_uag_custom_page_level_css":"","_coblocks_attr":"","_coblocks_dimensions":"","_coblocks_responsive_height":"","_coblocks_accordion_ie_support":"","footnotes":""},"class_list":["post-10","page","type-page","status-publish","hentry"],"uagb_featured_image_src":{"full":false,"thumbnail":false,"medium":false,"medium_large":false,"large":false,"1536x1536":false,"2048x2048":false,"woocommerce_thumbnail":false,"woocommerce_single":false,"woocommerce_gallery_thumbnail":false},"uagb_author_info":{"display_name":"Administrator","author_link":"https:\/\/shops.apaya.ag\/fronhofer\/author\/admin-apaya\/"},"uagb_comment_info":0,"uagb_excerpt":"Onlineshop Ludwig-Fronhofer-Realschule Ablauf Bestellungen Schulkleidung: F\u00fcr Sie zur Info, es handelt sich beim FRI Schulshop um einen Sammelshop, d.h. die eingegangenen,&nbsp;bezahlten&nbsp;Bestellungen werden&nbsp;alle 2 Wochen&nbsp;von uns geb\u00fcndelt bearbeitet und dann gesammelt an die Schule versendet. Der n\u00e4chste Bearbeitungstermin ist aktuell z.B. der&nbsp;2. M\u00e4rz 2026, unsere Lieferzeit betr\u00e4gt ca. 2 Wochen, d.h. die Bestellungen kommen ca. in&hellip;","_links":{"self":[{"href":"https:\/\/shops.apaya.ag\/fronhofer\/wp-json\/wp\/v2\/pages\/10","targetHints":{"allow":["GET"]}}],"collection":[{"href":"https:\/\/shops.apaya.ag\/fronhofer\/wp-json\/wp\/v2\/pages"}],"about":[{"href":"https:\/\/shops.apaya.ag\/fronhofer\/wp-json\/wp\/v2\/types\/page"}],"author":[{"embeddable":true,"href":"https:\/\/shops.apaya.ag\/fronhofer\/wp-json\/wp\/v2\/users\/1"}],"replies":[{"embeddable":true,"href":"https:\/\/shops.apaya.ag\/fronhofer\/wp-json\/wp\/v2\/comments?post=10"}],"version-history":[{"count":29,"href":"https:\/\/shops.apaya.ag\/fronhofer\/wp-json\/wp\/v2\/pages\/10\/revisions"}],"predecessor-version":[{"id":3625,"href":"https:\/\/shops.apaya.ag\/fronhofer\/wp-json\/wp\/v2\/pages\/10\/revisions\/3625"}],"wp:attachment":[{"href":"https:\/\/shops.apaya.ag\/fronhofer\/wp-json\/wp\/v2\/media?parent=10"}],"curies":[{"name":"wp","href":"https:\/\/api.w.org\/{rel}","templated":true}]}}