{"id":856,"date":"2024-12-12T00:03:45","date_gmt":"2024-12-11T23:03:45","guid":{"rendered":"https:\/\/shops.apaya.ag\/esv-ingolstadt\/?post_type=product&#038;p=856"},"modified":"2024-12-12T00:05:35","modified_gmt":"2024-12-11T23:05:35","slug":"trainingsjacke-mit-reissverschluss-fuer-kinder","status":"publish","type":"product","link":"https:\/\/shops.apaya.ag\/esv-ingolstadt\/produkt\/trainingsjacke-mit-reissverschluss-fuer-kinder\/","title":{"rendered":"Trainingsjacke mit Rei\u00dfverschluss f\u00fcr Kinder"},"content":{"rendered":"<p>100\u00a0% mattes Polyester-Interlock. Gerader Schnitt. Verschluss vorne mit umgekehrtem Rei\u00dfverschluss aus farblich abgestimmtem Nylon. Raglan\u00e4rmel mit farblich abgesetzten Schultereins\u00e4tzen. Farblich abgesetzter Brust- und Schulterausschnitt. Aus dem Hauptstoff angesetztes Band f\u00fcr \u00c4rmelb\u00fcndchen und Bund. 2 Taschen mit Rei\u00dfverschluss vorne. Eins\u00e4tze aus strukturiertem Stoff an den Seiten und im R\u00fccken. Rei\u00dfverschlussabdeckung am oberen Rand des Kragens f\u00fcr zus\u00e4tzlichen Komfort. Abtrennbares Marken-Label f\u00fcr eine einfache Veredelung.<\/p>\n","protected":false},"excerpt":{"rendered":"<p>Mit Motiv vorne klein, links (Herzseite)<\/p>\n","protected":false},"featured_media":784,"template":"","meta":{"_uag_custom_page_level_css":"","_coblocks_attr":"","_coblocks_dimensions":"","_coblocks_responsive_height":"","_coblocks_accordion_ie_support":""},"product_brand":[],"product_cat":[22],"product_tag":[],"class_list":{"0":"post-856","1":"product","2":"type-product","3":"status-publish","4":"has-post-thumbnail","6":"product_cat-trainingsanzuege","8":"first","9":"instock","10":"taxable","11":"shipping-taxable","12":"purchasable","13":"product-type-variable","14":"has-default-attributes"},"uagb_featured_image_src":{"full":["https:\/\/shops.apaya.ag\/esv-ingolstadt\/wp-content\/uploads\/sites\/49\/2024\/12\/ti600_50449_front.jpg",600,600,false],"thumbnail":["https:\/\/shops.apaya.ag\/esv-ingolstadt\/wp-content\/uploads\/sites\/49\/2024\/12\/ti600_50449_front-150x150.jpg",150,150,true],"medium":["https:\/\/shops.apaya.ag\/esv-ingolstadt\/wp-content\/uploads\/sites\/49\/2024\/12\/ti600_50449_front-300x300.jpg",300,300,true],"medium_large":["https:\/\/shops.apaya.ag\/esv-ingolstadt\/wp-content\/uploads\/sites\/49\/2024\/12\/ti600_50449_front.jpg",600,600,false],"large":["https:\/\/shops.apaya.ag\/esv-ingolstadt\/wp-content\/uploads\/sites\/49\/2024\/12\/ti600_50449_front.jpg",600,600,false],"1536x1536":["https:\/\/shops.apaya.ag\/esv-ingolstadt\/wp-content\/uploads\/sites\/49\/2024\/12\/ti600_50449_front.jpg",600,600,false],"2048x2048":["https:\/\/shops.apaya.ag\/esv-ingolstadt\/wp-content\/uploads\/sites\/49\/2024\/12\/ti600_50449_front.jpg",600,600,false],"woocommerce_thumbnail":["https:\/\/shops.apaya.ag\/esv-ingolstadt\/wp-content\/uploads\/sites\/49\/2024\/12\/ti600_50449_front-324x324.jpg",324,324,true],"woocommerce_single":["https:\/\/shops.apaya.ag\/esv-ingolstadt\/wp-content\/uploads\/sites\/49\/2024\/12\/ti600_50449_front-416x416.jpg",416,416,true],"woocommerce_gallery_thumbnail":["https:\/\/shops.apaya.ag\/esv-ingolstadt\/wp-content\/uploads\/sites\/49\/2024\/12\/ti600_50449_front-100x100.jpg",100,100,true]},"uagb_author_info":{"display_name":"Administrator","author_link":"https:\/\/shops.apaya.ag\/esv-ingolstadt\/author\/"},"uagb_comment_info":0,"uagb_excerpt":"Mit Motiv vorne klein, links (Herzseite)","_links":{"self":[{"href":"https:\/\/shops.apaya.ag\/esv-ingolstadt\/wp-json\/wp\/v2\/product\/856","targetHints":{"allow":["GET"]}}],"collection":[{"href":"https:\/\/shops.apaya.ag\/esv-ingolstadt\/wp-json\/wp\/v2\/product"}],"about":[{"href":"https:\/\/shops.apaya.ag\/esv-ingolstadt\/wp-json\/wp\/v2\/types\/product"}],"wp:featuredmedia":[{"embeddable":true,"href":"https:\/\/shops.apaya.ag\/esv-ingolstadt\/wp-json\/wp\/v2\/media\/784"}],"wp:attachment":[{"href":"https:\/\/shops.apaya.ag\/esv-ingolstadt\/wp-json\/wp\/v2\/media?parent=856"}],"wp:term":[{"taxonomy":"product_brand","embeddable":true,"href":"https:\/\/shops.apaya.ag\/esv-ingolstadt\/wp-json\/wp\/v2\/product_brand?post=856"},{"taxonomy":"product_cat","embeddable":true,"href":"https:\/\/shops.apaya.ag\/esv-ingolstadt\/wp-json\/wp\/v2\/product_cat?post=856"},{"taxonomy":"product_tag","embeddable":true,"href":"https:\/\/shops.apaya.ag\/esv-ingolstadt\/wp-json\/wp\/v2\/product_tag?post=856"}],"curies":[{"name":"wp","href":"https:\/\/api.w.org\/{rel}","templated":true}]}}