{"id":634,"date":"2023-03-10T01:09:38","date_gmt":"2023-03-10T00:09:38","guid":{"rendered":"https:\/\/shops.apaya.ag\/esv-ingolstadt\/?post_type=product&#038;p=634"},"modified":"2023-03-10T01:52:58","modified_gmt":"2023-03-10T00:52:58","slug":"umweltfreundliches-damen-sportshirt","status":"publish","type":"product","link":"https:\/\/shops.apaya.ag\/esv-ingolstadt\/produkt\/umweltfreundliches-damen-sportshirt\/","title":{"rendered":"Umweltfreundliches Damen-Sportshirt"},"content":{"rendered":"<p>88 % Polyester \/ 12 % Elasthan. Aus 85 % recyceltem Polyester und 12 % Elasthan. Material mit weicher Textur. Slim Fit. V-Ausschnitt mit Ziersteppn\u00e4hten Raglan\u00e4rmel. \u00dcberdecknaht an Halsausschnitt, \u00c4rmeln, \u00c4rmelabschl\u00fcssen und Saum. Gr\u00f6\u00dfenschild im Halsausschnitt. Herausrei\u00dfbares Markenetikett zur leichteren Veredelung.<\/p>\n","protected":false},"excerpt":{"rendered":"<p>Mit Motiv Vorne klein, links (Herzseite)<\/p>\n","protected":false},"featured_media":116,"template":"","meta":{"_uag_custom_page_level_css":"","_coblocks_attr":"","_coblocks_dimensions":"","_coblocks_responsive_height":"","_coblocks_accordion_ie_support":""},"product_brand":[],"product_cat":[19],"product_tag":[],"class_list":{"0":"post-634","1":"product","2":"type-product","3":"status-publish","4":"has-post-thumbnail","6":"product_cat-t-shirts","8":"first","9":"instock","10":"taxable","11":"shipping-taxable","12":"purchasable","13":"product-type-variable","14":"has-default-attributes"},"uagb_featured_image_src":{"full":["https:\/\/shops.apaya.ag\/esv-ingolstadt\/wp-content\/uploads\/sites\/49\/2022\/12\/ti600_33739_front.jpg",600,600,false],"thumbnail":["https:\/\/shops.apaya.ag\/esv-ingolstadt\/wp-content\/uploads\/sites\/49\/2022\/12\/ti600_33739_front-150x150.jpg",150,150,true],"medium":["https:\/\/shops.apaya.ag\/esv-ingolstadt\/wp-content\/uploads\/sites\/49\/2022\/12\/ti600_33739_front-300x300.jpg",300,300,true],"medium_large":["https:\/\/shops.apaya.ag\/esv-ingolstadt\/wp-content\/uploads\/sites\/49\/2022\/12\/ti600_33739_front.jpg",600,600,false],"large":["https:\/\/shops.apaya.ag\/esv-ingolstadt\/wp-content\/uploads\/sites\/49\/2022\/12\/ti600_33739_front.jpg",600,600,false],"1536x1536":["https:\/\/shops.apaya.ag\/esv-ingolstadt\/wp-content\/uploads\/sites\/49\/2022\/12\/ti600_33739_front.jpg",600,600,false],"2048x2048":["https:\/\/shops.apaya.ag\/esv-ingolstadt\/wp-content\/uploads\/sites\/49\/2022\/12\/ti600_33739_front.jpg",600,600,false],"woocommerce_thumbnail":["https:\/\/shops.apaya.ag\/esv-ingolstadt\/wp-content\/uploads\/sites\/49\/2022\/12\/ti600_33739_front-324x324.jpg",324,324,true],"woocommerce_single":["https:\/\/shops.apaya.ag\/esv-ingolstadt\/wp-content\/uploads\/sites\/49\/2022\/12\/ti600_33739_front-416x416.jpg",416,416,true],"woocommerce_gallery_thumbnail":["https:\/\/shops.apaya.ag\/esv-ingolstadt\/wp-content\/uploads\/sites\/49\/2022\/12\/ti600_33739_front-100x100.jpg",100,100,true]},"uagb_author_info":{"display_name":"Administrator","author_link":"https:\/\/shops.apaya.ag\/esv-ingolstadt\/author\/"},"uagb_comment_info":0,"uagb_excerpt":"Mit Motiv Vorne klein, links (Herzseite)","_links":{"self":[{"href":"https:\/\/shops.apaya.ag\/esv-ingolstadt\/wp-json\/wp\/v2\/product\/634","targetHints":{"allow":["GET"]}}],"collection":[{"href":"https:\/\/shops.apaya.ag\/esv-ingolstadt\/wp-json\/wp\/v2\/product"}],"about":[{"href":"https:\/\/shops.apaya.ag\/esv-ingolstadt\/wp-json\/wp\/v2\/types\/product"}],"wp:featuredmedia":[{"embeddable":true,"href":"https:\/\/shops.apaya.ag\/esv-ingolstadt\/wp-json\/wp\/v2\/media\/116"}],"wp:attachment":[{"href":"https:\/\/shops.apaya.ag\/esv-ingolstadt\/wp-json\/wp\/v2\/media?parent=634"}],"wp:term":[{"taxonomy":"product_brand","embeddable":true,"href":"https:\/\/shops.apaya.ag\/esv-ingolstadt\/wp-json\/wp\/v2\/product_brand?post=634"},{"taxonomy":"product_cat","embeddable":true,"href":"https:\/\/shops.apaya.ag\/esv-ingolstadt\/wp-json\/wp\/v2\/product_cat?post=634"},{"taxonomy":"product_tag","embeddable":true,"href":"https:\/\/shops.apaya.ag\/esv-ingolstadt\/wp-json\/wp\/v2\/product_tag?post=634"}],"curies":[{"name":"wp","href":"https:\/\/api.w.org\/{rel}","templated":true}]}}