{"id":575,"date":"2023-03-10T01:09:35","date_gmt":"2023-03-10T00:09:35","guid":{"rendered":"https:\/\/shops.apaya.ag\/esv-ingolstadt\/?post_type=product&#038;p=575"},"modified":"2023-03-10T02:03:05","modified_gmt":"2023-03-10T01:03:05","slug":"herren-funktions-hoodie","status":"publish","type":"product","link":"https:\/\/shops.apaya.ag\/esv-ingolstadt\/produkt\/herren-funktions-hoodie\/","title":{"rendered":"Herren-Funktions-Hoodie"},"content":{"rendered":"<p>94% Polyester\/ 6% Elasthan (Melierte Farben : 79 % Polyester\/ 15 % Viskose\/ 6 % Elasthan). Besonders bequemes Material. Rei\u00dfverschluss. 2 geschwei\u00dfte Rei\u00dfverschlusstaschen vorne. Kapuze mit Jerseyfutter aus 65% Polyester\/ 35% Viskose mit zweifarbigem Kordelzug mit Kunststoffkappen an den Enden. Schmale \u00c4rmelb\u00fcndchen mit kontrastfarbenem Elastikeinsatz. Kontrastfarbenes Schr\u00e4gband am Saum. Black auf allen Farben und Dark Grey auf der Ash Heather (auch Verschl\u00fcsse).<\/p>\n","protected":false},"excerpt":{"rendered":"<p>Mit Motiv Vorne klein, links (Herzseite)<\/p>\n","protected":false},"featured_media":108,"template":"","meta":{"_uag_custom_page_level_css":"","_coblocks_attr":"","_coblocks_dimensions":"","_coblocks_responsive_height":"","_coblocks_accordion_ie_support":""},"product_brand":[],"product_cat":[20],"product_tag":[],"class_list":{"0":"post-575","1":"product","2":"type-product","3":"status-publish","4":"has-post-thumbnail","6":"product_cat-sweatshirts","8":"first","9":"instock","10":"taxable","11":"shipping-taxable","12":"purchasable","13":"product-type-variable","14":"has-default-attributes"},"uagb_featured_image_src":{"full":["https:\/\/shops.apaya.ag\/esv-ingolstadt\/wp-content\/uploads\/sites\/49\/2022\/12\/ti600_33733_front.jpg",600,600,false],"thumbnail":["https:\/\/shops.apaya.ag\/esv-ingolstadt\/wp-content\/uploads\/sites\/49\/2022\/12\/ti600_33733_front-150x150.jpg",150,150,true],"medium":["https:\/\/shops.apaya.ag\/esv-ingolstadt\/wp-content\/uploads\/sites\/49\/2022\/12\/ti600_33733_front-300x300.jpg",300,300,true],"medium_large":["https:\/\/shops.apaya.ag\/esv-ingolstadt\/wp-content\/uploads\/sites\/49\/2022\/12\/ti600_33733_front.jpg",600,600,false],"large":["https:\/\/shops.apaya.ag\/esv-ingolstadt\/wp-content\/uploads\/sites\/49\/2022\/12\/ti600_33733_front.jpg",600,600,false],"1536x1536":["https:\/\/shops.apaya.ag\/esv-ingolstadt\/wp-content\/uploads\/sites\/49\/2022\/12\/ti600_33733_front.jpg",600,600,false],"2048x2048":["https:\/\/shops.apaya.ag\/esv-ingolstadt\/wp-content\/uploads\/sites\/49\/2022\/12\/ti600_33733_front.jpg",600,600,false],"woocommerce_thumbnail":["https:\/\/shops.apaya.ag\/esv-ingolstadt\/wp-content\/uploads\/sites\/49\/2022\/12\/ti600_33733_front-324x324.jpg",324,324,true],"woocommerce_single":["https:\/\/shops.apaya.ag\/esv-ingolstadt\/wp-content\/uploads\/sites\/49\/2022\/12\/ti600_33733_front-416x416.jpg",416,416,true],"woocommerce_gallery_thumbnail":["https:\/\/shops.apaya.ag\/esv-ingolstadt\/wp-content\/uploads\/sites\/49\/2022\/12\/ti600_33733_front-100x100.jpg",100,100,true]},"uagb_author_info":{"display_name":"Administrator","author_link":"https:\/\/shops.apaya.ag\/esv-ingolstadt\/author\/"},"uagb_comment_info":0,"uagb_excerpt":"Mit Motiv Vorne klein, links (Herzseite)","_links":{"self":[{"href":"https:\/\/shops.apaya.ag\/esv-ingolstadt\/wp-json\/wp\/v2\/product\/575","targetHints":{"allow":["GET"]}}],"collection":[{"href":"https:\/\/shops.apaya.ag\/esv-ingolstadt\/wp-json\/wp\/v2\/product"}],"about":[{"href":"https:\/\/shops.apaya.ag\/esv-ingolstadt\/wp-json\/wp\/v2\/types\/product"}],"wp:featuredmedia":[{"embeddable":true,"href":"https:\/\/shops.apaya.ag\/esv-ingolstadt\/wp-json\/wp\/v2\/media\/108"}],"wp:attachment":[{"href":"https:\/\/shops.apaya.ag\/esv-ingolstadt\/wp-json\/wp\/v2\/media?parent=575"}],"wp:term":[{"taxonomy":"product_brand","embeddable":true,"href":"https:\/\/shops.apaya.ag\/esv-ingolstadt\/wp-json\/wp\/v2\/product_brand?post=575"},{"taxonomy":"product_cat","embeddable":true,"href":"https:\/\/shops.apaya.ag\/esv-ingolstadt\/wp-json\/wp\/v2\/product_cat?post=575"},{"taxonomy":"product_tag","embeddable":true,"href":"https:\/\/shops.apaya.ag\/esv-ingolstadt\/wp-json\/wp\/v2\/product_tag?post=575"}],"curies":[{"name":"wp","href":"https:\/\/api.w.org\/{rel}","templated":true}]}}