{"id":544,"date":"2023-03-10T01:09:33","date_gmt":"2023-03-10T00:09:33","guid":{"rendered":"https:\/\/shops.apaya.ag\/esv-ingolstadt\/?post_type=product&#038;p=544"},"modified":"2023-03-10T02:02:49","modified_gmt":"2023-03-10T01:02:49","slug":"kurzarm-sportshirt","status":"publish","type":"product","link":"https:\/\/shops.apaya.ag\/esv-ingolstadt\/produkt\/kurzarm-sportshirt\/","title":{"rendered":"KURZARM SPORTSHIRT"},"content":{"rendered":"<p>100 % Polyester. Leichtes und schnelltrocknendes Gewebe. Rundhalsshirt mit Nackenband. Raglan\u00e4rmel mit Flachn\u00e4hten. Doppelnahtverarbeitung an \u00c4rmeln und Bund. Zertifizierte STANDARD 100 by OEKO-TEX\u00ae N\u00b0 CQ 1007\/7, IFTH.<\/p>\n","protected":false},"excerpt":{"rendered":"<p>Mit Motiv Vorne klein, links (Herzseite)<\/p>\n","protected":false},"featured_media":96,"template":"","meta":{"_uag_custom_page_level_css":"","_coblocks_attr":"","_coblocks_dimensions":"","_coblocks_responsive_height":"","_coblocks_accordion_ie_support":""},"product_brand":[],"product_cat":[19],"product_tag":[],"class_list":{"0":"post-544","1":"product","2":"type-product","3":"status-publish","4":"has-post-thumbnail","6":"product_cat-t-shirts","8":"first","9":"instock","10":"taxable","11":"shipping-taxable","12":"purchasable","13":"product-type-variable","14":"has-default-attributes"},"uagb_featured_image_src":{"full":["https:\/\/shops.apaya.ag\/esv-ingolstadt\/wp-content\/uploads\/sites\/49\/2022\/12\/ti600_33725_front.jpg",600,600,false],"thumbnail":["https:\/\/shops.apaya.ag\/esv-ingolstadt\/wp-content\/uploads\/sites\/49\/2022\/12\/ti600_33725_front-150x150.jpg",150,150,true],"medium":["https:\/\/shops.apaya.ag\/esv-ingolstadt\/wp-content\/uploads\/sites\/49\/2022\/12\/ti600_33725_front-300x300.jpg",300,300,true],"medium_large":["https:\/\/shops.apaya.ag\/esv-ingolstadt\/wp-content\/uploads\/sites\/49\/2022\/12\/ti600_33725_front.jpg",600,600,false],"large":["https:\/\/shops.apaya.ag\/esv-ingolstadt\/wp-content\/uploads\/sites\/49\/2022\/12\/ti600_33725_front.jpg",600,600,false],"1536x1536":["https:\/\/shops.apaya.ag\/esv-ingolstadt\/wp-content\/uploads\/sites\/49\/2022\/12\/ti600_33725_front.jpg",600,600,false],"2048x2048":["https:\/\/shops.apaya.ag\/esv-ingolstadt\/wp-content\/uploads\/sites\/49\/2022\/12\/ti600_33725_front.jpg",600,600,false],"woocommerce_thumbnail":["https:\/\/shops.apaya.ag\/esv-ingolstadt\/wp-content\/uploads\/sites\/49\/2022\/12\/ti600_33725_front-324x324.jpg",324,324,true],"woocommerce_single":["https:\/\/shops.apaya.ag\/esv-ingolstadt\/wp-content\/uploads\/sites\/49\/2022\/12\/ti600_33725_front-416x416.jpg",416,416,true],"woocommerce_gallery_thumbnail":["https:\/\/shops.apaya.ag\/esv-ingolstadt\/wp-content\/uploads\/sites\/49\/2022\/12\/ti600_33725_front-100x100.jpg",100,100,true]},"uagb_author_info":{"display_name":"Administrator","author_link":"https:\/\/shops.apaya.ag\/esv-ingolstadt\/author\/"},"uagb_comment_info":0,"uagb_excerpt":"Mit Motiv Vorne klein, links (Herzseite)","_links":{"self":[{"href":"https:\/\/shops.apaya.ag\/esv-ingolstadt\/wp-json\/wp\/v2\/product\/544","targetHints":{"allow":["GET"]}}],"collection":[{"href":"https:\/\/shops.apaya.ag\/esv-ingolstadt\/wp-json\/wp\/v2\/product"}],"about":[{"href":"https:\/\/shops.apaya.ag\/esv-ingolstadt\/wp-json\/wp\/v2\/types\/product"}],"wp:featuredmedia":[{"embeddable":true,"href":"https:\/\/shops.apaya.ag\/esv-ingolstadt\/wp-json\/wp\/v2\/media\/96"}],"wp:attachment":[{"href":"https:\/\/shops.apaya.ag\/esv-ingolstadt\/wp-json\/wp\/v2\/media?parent=544"}],"wp:term":[{"taxonomy":"product_brand","embeddable":true,"href":"https:\/\/shops.apaya.ag\/esv-ingolstadt\/wp-json\/wp\/v2\/product_brand?post=544"},{"taxonomy":"product_cat","embeddable":true,"href":"https:\/\/shops.apaya.ag\/esv-ingolstadt\/wp-json\/wp\/v2\/product_cat?post=544"},{"taxonomy":"product_tag","embeddable":true,"href":"https:\/\/shops.apaya.ag\/esv-ingolstadt\/wp-json\/wp\/v2\/product_tag?post=544"}],"curies":[{"name":"wp","href":"https:\/\/api.w.org\/{rel}","templated":true}]}}