{"id":7653,"date":"2026-02-22T16:33:06","date_gmt":"2026-02-22T15:33:06","guid":{"rendered":"https:\/\/shops.apaya.ag\/ellentalgymnasien\/?post_type=product&#038;p=7653"},"modified":"2026-04-21T12:29:13","modified_gmt":"2026-04-21T10:29:13","slug":"junior-fashion-rucksack","status":"publish","type":"product","link":"https:\/\/shops.apaya.ag\/ellentalgymnasien\/produkt\/junior-fashion-rucksack\/","title":{"rendered":"Junior Fashion Rucksack"},"content":{"rendered":"<p>Gepolsterte Schultergurte, gewerbter Tragegriff, Hauptfach mit Zip, Ger\u00e4umige Fronttasche mit Zip, Gepolsterters R\u00fcckenteil, Fassungsverm\u00f6gen: 14 Ltr., Ma\u00dfe: 38 x 28 x 19 cm, Veredelbare Fl\u00e4che: 16 x 10 cm.<\/p>\n","protected":false},"excerpt":{"rendered":"<p>Mit Motiv Tasche &#8211; vorne, mittig klein<\/p>\n","protected":false},"featured_media":125,"template":"","meta":{"_uag_custom_page_level_css":"","_coblocks_attr":"","_coblocks_dimensions":"","_coblocks_responsive_height":"","_coblocks_accordion_ie_support":""},"product_brand":[],"product_cat":[24],"product_tag":[],"class_list":{"0":"post-7653","1":"product","2":"type-product","3":"status-publish","4":"has-post-thumbnail","6":"product_cat-caps-muetzen","8":"first","9":"instock","10":"taxable","11":"shipping-taxable","12":"purchasable","13":"product-type-variable","14":"has-default-attributes"},"uagb_featured_image_src":{"full":["https:\/\/shops.apaya.ag\/ellentalgymnasien\/wp-content\/uploads\/sites\/3\/2021\/02\/ti600_24076_front.jpg",600,600,false],"thumbnail":["https:\/\/shops.apaya.ag\/ellentalgymnasien\/wp-content\/uploads\/sites\/3\/2021\/02\/ti600_24076_front-150x150.jpg",150,150,true],"medium":["https:\/\/shops.apaya.ag\/ellentalgymnasien\/wp-content\/uploads\/sites\/3\/2021\/02\/ti600_24076_front-300x300.jpg",300,300,true],"medium_large":["https:\/\/shops.apaya.ag\/ellentalgymnasien\/wp-content\/uploads\/sites\/3\/2021\/02\/ti600_24076_front.jpg",600,600,false],"large":["https:\/\/shops.apaya.ag\/ellentalgymnasien\/wp-content\/uploads\/sites\/3\/2021\/02\/ti600_24076_front.jpg",600,600,false],"1536x1536":["https:\/\/shops.apaya.ag\/ellentalgymnasien\/wp-content\/uploads\/sites\/3\/2021\/02\/ti600_24076_front.jpg",600,600,false],"2048x2048":["https:\/\/shops.apaya.ag\/ellentalgymnasien\/wp-content\/uploads\/sites\/3\/2021\/02\/ti600_24076_front.jpg",600,600,false],"woocommerce_thumbnail":["https:\/\/shops.apaya.ag\/ellentalgymnasien\/wp-content\/uploads\/sites\/3\/2021\/02\/ti600_24076_front-324x324.jpg",324,324,true],"woocommerce_single":["https:\/\/shops.apaya.ag\/ellentalgymnasien\/wp-content\/uploads\/sites\/3\/2021\/02\/ti600_24076_front-416x416.jpg",416,416,true],"woocommerce_gallery_thumbnail":["https:\/\/shops.apaya.ag\/ellentalgymnasien\/wp-content\/uploads\/sites\/3\/2021\/02\/ti600_24076_front-100x100.jpg",100,100,true]},"uagb_author_info":{"display_name":"Administrator","author_link":"https:\/\/shops.apaya.ag\/ellentalgymnasien\/author\/"},"uagb_comment_info":0,"uagb_excerpt":"Mit Motiv Tasche - vorne, mittig klein","_links":{"self":[{"href":"https:\/\/shops.apaya.ag\/ellentalgymnasien\/wp-json\/wp\/v2\/product\/7653","targetHints":{"allow":["GET"]}}],"collection":[{"href":"https:\/\/shops.apaya.ag\/ellentalgymnasien\/wp-json\/wp\/v2\/product"}],"about":[{"href":"https:\/\/shops.apaya.ag\/ellentalgymnasien\/wp-json\/wp\/v2\/types\/product"}],"wp:featuredmedia":[{"embeddable":true,"href":"https:\/\/shops.apaya.ag\/ellentalgymnasien\/wp-json\/wp\/v2\/media\/125"}],"wp:attachment":[{"href":"https:\/\/shops.apaya.ag\/ellentalgymnasien\/wp-json\/wp\/v2\/media?parent=7653"}],"wp:term":[{"taxonomy":"product_brand","embeddable":true,"href":"https:\/\/shops.apaya.ag\/ellentalgymnasien\/wp-json\/wp\/v2\/product_brand?post=7653"},{"taxonomy":"product_cat","embeddable":true,"href":"https:\/\/shops.apaya.ag\/ellentalgymnasien\/wp-json\/wp\/v2\/product_cat?post=7653"},{"taxonomy":"product_tag","embeddable":true,"href":"https:\/\/shops.apaya.ag\/ellentalgymnasien\/wp-json\/wp\/v2\/product_tag?post=7653"}],"curies":[{"name":"wp","href":"https:\/\/api.w.org\/{rel}","templated":true}]}}