{"id":6374,"date":"2024-07-03T12:16:59","date_gmt":"2024-07-03T10:16:59","guid":{"rendered":"https:\/\/shops.apaya.ag\/ellentalgymnasien\/?post_type=product&#038;p=6374"},"modified":"2024-07-03T12:17:11","modified_gmt":"2024-07-03T10:17:11","slug":"tasse-ellental-weiss-gruen","status":"publish","type":"product","link":"https:\/\/shops.apaya.ag\/ellentalgymnasien\/produkt\/tasse-ellental-weiss-gruen\/","title":{"rendered":"Tasse Ellental wei\u00df\/gr\u00fcn"},"content":{"rendered":"<p>Keramiktasse, 400 ml Tasse mit gl\u00e4nzender Au\u00dfenoberfl\u00e4che und farbigem Akzent innen. Sp\u00fclmaschinenfest EN02875-0 konform<\/p>\n","protected":false},"excerpt":{"rendered":"<p>Keramiktasse, 400 ml Tasse mit gl\u00e4nzender Au\u00dfenoberfl\u00e4che und farbigem Akzent innen. Sp\u00fclmaschinenfest EN02875-0 konform<\/p>\n","protected":false},"featured_media":133,"template":"","meta":{"_uag_custom_page_level_css":"","_coblocks_attr":"","_coblocks_dimensions":"","_coblocks_responsive_height":"","_coblocks_accordion_ie_support":""},"product_brand":[],"product_cat":[44],"product_tag":[],"class_list":{"0":"post-6374","1":"product","2":"type-product","3":"status-publish","4":"has-post-thumbnail","6":"product_cat-accessoires","8":"first","9":"instock","10":"taxable","11":"shipping-taxable","12":"purchasable","13":"product-type-variable","14":"has-default-attributes"},"uagb_featured_image_src":{"full":["https:\/\/shops.apaya.ag\/ellentalgymnasien\/wp-content\/uploads\/sites\/3\/2021\/02\/ti600_24081_front.jpg",600,600,false],"thumbnail":["https:\/\/shops.apaya.ag\/ellentalgymnasien\/wp-content\/uploads\/sites\/3\/2021\/02\/ti600_24081_front-150x150.jpg",150,150,true],"medium":["https:\/\/shops.apaya.ag\/ellentalgymnasien\/wp-content\/uploads\/sites\/3\/2021\/02\/ti600_24081_front-300x300.jpg",300,300,true],"medium_large":["https:\/\/shops.apaya.ag\/ellentalgymnasien\/wp-content\/uploads\/sites\/3\/2021\/02\/ti600_24081_front.jpg",600,600,false],"large":["https:\/\/shops.apaya.ag\/ellentalgymnasien\/wp-content\/uploads\/sites\/3\/2021\/02\/ti600_24081_front.jpg",600,600,false],"1536x1536":["https:\/\/shops.apaya.ag\/ellentalgymnasien\/wp-content\/uploads\/sites\/3\/2021\/02\/ti600_24081_front.jpg",600,600,false],"2048x2048":["https:\/\/shops.apaya.ag\/ellentalgymnasien\/wp-content\/uploads\/sites\/3\/2021\/02\/ti600_24081_front.jpg",600,600,false],"woocommerce_thumbnail":["https:\/\/shops.apaya.ag\/ellentalgymnasien\/wp-content\/uploads\/sites\/3\/2021\/02\/ti600_24081_front-324x324.jpg",324,324,true],"woocommerce_single":["https:\/\/shops.apaya.ag\/ellentalgymnasien\/wp-content\/uploads\/sites\/3\/2021\/02\/ti600_24081_front-416x416.jpg",416,416,true],"woocommerce_gallery_thumbnail":["https:\/\/shops.apaya.ag\/ellentalgymnasien\/wp-content\/uploads\/sites\/3\/2021\/02\/ti600_24081_front-100x100.jpg",100,100,true]},"uagb_author_info":{"display_name":"Administrator","author_link":"https:\/\/shops.apaya.ag\/ellentalgymnasien\/author\/"},"uagb_comment_info":0,"uagb_excerpt":"Keramiktasse, 400 ml Tasse mit gl\u00e4nzender Au\u00dfenoberfl\u00e4che und farbigem Akzent innen. Sp\u00fclmaschinenfest EN02875-0 konform","_links":{"self":[{"href":"https:\/\/shops.apaya.ag\/ellentalgymnasien\/wp-json\/wp\/v2\/product\/6374","targetHints":{"allow":["GET"]}}],"collection":[{"href":"https:\/\/shops.apaya.ag\/ellentalgymnasien\/wp-json\/wp\/v2\/product"}],"about":[{"href":"https:\/\/shops.apaya.ag\/ellentalgymnasien\/wp-json\/wp\/v2\/types\/product"}],"wp:featuredmedia":[{"embeddable":true,"href":"https:\/\/shops.apaya.ag\/ellentalgymnasien\/wp-json\/wp\/v2\/media\/133"}],"wp:attachment":[{"href":"https:\/\/shops.apaya.ag\/ellentalgymnasien\/wp-json\/wp\/v2\/media?parent=6374"}],"wp:term":[{"taxonomy":"product_brand","embeddable":true,"href":"https:\/\/shops.apaya.ag\/ellentalgymnasien\/wp-json\/wp\/v2\/product_brand?post=6374"},{"taxonomy":"product_cat","embeddable":true,"href":"https:\/\/shops.apaya.ag\/ellentalgymnasien\/wp-json\/wp\/v2\/product_cat?post=6374"},{"taxonomy":"product_tag","embeddable":true,"href":"https:\/\/shops.apaya.ag\/ellentalgymnasien\/wp-json\/wp\/v2\/product_tag?post=6374"}],"curies":[{"name":"wp","href":"https:\/\/api.w.org\/{rel}","templated":true}]}}