{"id":1559,"date":"2025-04-10T18:03:59","date_gmt":"2025-04-10T16:03:59","guid":{"rendered":"https:\/\/shops.apaya.ag\/clay-schule\/?post_type=product&#038;p=1559"},"modified":"2026-04-11T19:15:19","modified_gmt":"2026-04-11T17:15:19","slug":"duffle-bag","status":"publish","type":"product","link":"https:\/\/shops.apaya.ag\/clay-schule\/produkt\/duffle-bag\/","title":{"rendered":"DUFFLE BAG"},"content":{"rendered":"<p>Canvas Sporttasche<br \/>\nTragegriffe aus l\u00e4ngs zusammengen\u00e4htem Baumwoll-Ripsband<br \/>\nAbnehmbare Ripsband-Gurte<br \/>\nTasche auf Vorderseite zwischen Gurten<br \/>\nInnentasche<br \/>\nNylon-Spiralrei\u00dfverschluss mit silberfarbenem Metallschieber an oberer Taschen\u00f6ffnung und Innentasche<br \/>\nRei\u00dfverschluss\u00f6ffnung innen erm\u00f6glicht einfache Dekoration<br \/>\nEinfache Absteppung an der Tragegriffbefestigung<br \/>\nRipsband-Gurt mit verst\u00e4rkendem Kreuzstich<\/p>\n","protected":false},"excerpt":{"rendered":"<p>Mit Motiv Tasche &#8211; vorne, mittig klein<\/p>\n","protected":false},"featured_media":1374,"template":"","meta":{"_uag_custom_page_level_css":"","_coblocks_attr":"","_coblocks_dimensions":"","_coblocks_responsive_height":"","_coblocks_accordion_ie_support":""},"product_brand":[],"product_cat":[20],"product_tag":[],"class_list":{"0":"post-1559","1":"product","2":"type-product","3":"status-publish","4":"has-post-thumbnail","6":"product_cat-taschen-rucksaecke","8":"first","9":"instock","10":"taxable","11":"shipping-taxable","12":"purchasable","13":"product-type-variable","14":"has-default-attributes"},"uagb_featured_image_src":{"full":["https:\/\/shops.apaya.ag\/clay-schule\/wp-content\/uploads\/sites\/31\/2025\/04\/ti600_52079_front.jpg",600,600,false],"thumbnail":["https:\/\/shops.apaya.ag\/clay-schule\/wp-content\/uploads\/sites\/31\/2025\/04\/ti600_52079_front-150x150.jpg",150,150,true],"medium":["https:\/\/shops.apaya.ag\/clay-schule\/wp-content\/uploads\/sites\/31\/2025\/04\/ti600_52079_front-300x300.jpg",300,300,true],"medium_large":["https:\/\/shops.apaya.ag\/clay-schule\/wp-content\/uploads\/sites\/31\/2025\/04\/ti600_52079_front.jpg",600,600,false],"large":["https:\/\/shops.apaya.ag\/clay-schule\/wp-content\/uploads\/sites\/31\/2025\/04\/ti600_52079_front.jpg",600,600,false],"1536x1536":["https:\/\/shops.apaya.ag\/clay-schule\/wp-content\/uploads\/sites\/31\/2025\/04\/ti600_52079_front.jpg",600,600,false],"2048x2048":["https:\/\/shops.apaya.ag\/clay-schule\/wp-content\/uploads\/sites\/31\/2025\/04\/ti600_52079_front.jpg",600,600,false],"woocommerce_thumbnail":["https:\/\/shops.apaya.ag\/clay-schule\/wp-content\/uploads\/sites\/31\/2025\/04\/ti600_52079_front-324x324.jpg",324,324,true],"woocommerce_single":["https:\/\/shops.apaya.ag\/clay-schule\/wp-content\/uploads\/sites\/31\/2025\/04\/ti600_52079_front-416x416.jpg",416,416,true],"woocommerce_gallery_thumbnail":["https:\/\/shops.apaya.ag\/clay-schule\/wp-content\/uploads\/sites\/31\/2025\/04\/ti600_52079_front-100x100.jpg",100,100,true]},"uagb_author_info":{"display_name":"Administrator","author_link":"https:\/\/shops.apaya.ag\/clay-schule\/author\/"},"uagb_comment_info":0,"uagb_excerpt":"Mit Motiv Tasche - vorne, mittig klein","_links":{"self":[{"href":"https:\/\/shops.apaya.ag\/clay-schule\/wp-json\/wp\/v2\/product\/1559","targetHints":{"allow":["GET"]}}],"collection":[{"href":"https:\/\/shops.apaya.ag\/clay-schule\/wp-json\/wp\/v2\/product"}],"about":[{"href":"https:\/\/shops.apaya.ag\/clay-schule\/wp-json\/wp\/v2\/types\/product"}],"wp:featuredmedia":[{"embeddable":true,"href":"https:\/\/shops.apaya.ag\/clay-schule\/wp-json\/wp\/v2\/media\/1374"}],"wp:attachment":[{"href":"https:\/\/shops.apaya.ag\/clay-schule\/wp-json\/wp\/v2\/media?parent=1559"}],"wp:term":[{"taxonomy":"product_brand","embeddable":true,"href":"https:\/\/shops.apaya.ag\/clay-schule\/wp-json\/wp\/v2\/product_brand?post=1559"},{"taxonomy":"product_cat","embeddable":true,"href":"https:\/\/shops.apaya.ag\/clay-schule\/wp-json\/wp\/v2\/product_cat?post=1559"},{"taxonomy":"product_tag","embeddable":true,"href":"https:\/\/shops.apaya.ag\/clay-schule\/wp-json\/wp\/v2\/product_tag?post=1559"}],"curies":[{"name":"wp","href":"https:\/\/api.w.org\/{rel}","templated":true}]}}