{"id":270,"date":"2024-10-16T23:33:46","date_gmt":"2024-10-16T21:33:46","guid":{"rendered":"https:\/\/shops.apaya.ag\/cjb\/?post_type=product&#038;p=270"},"modified":"2024-10-16T23:39:49","modified_gmt":"2024-10-16T21:39:49","slug":"eco-tote-bag","status":"publish","type":"product","link":"https:\/\/shops.apaya.ag\/cjb\/produkt\/eco-tote-bag\/","title":{"rendered":"ECO TOTE BAG"},"content":{"rendered":"<p>Tote Bag aus Canvas mit zwei langen Henkeln, 80 % recycelte, gek\u00e4mmte Ringspinn-Baumwolle und 20% recyceltes Polyester,  Fair Wear + \u00d6ko-Tex Standard 100 zertifiziert, Ma\u00dfe: 37 x 39 cm, Henkell\u00e4nge 65 cm<\/p>\n","protected":false},"excerpt":{"rendered":"<p>Mit Motiv vorne gro\u00df, mittig<\/p>\n","protected":false},"featured_media":80,"template":"","meta":{"_uag_custom_page_level_css":"","_coblocks_attr":"","_coblocks_dimensions":"","_coblocks_responsive_height":"","_coblocks_accordion_ie_support":""},"product_brand":[],"product_cat":[21],"product_tag":[],"class_list":{"0":"post-270","1":"product","2":"type-product","3":"status-publish","4":"has-post-thumbnail","6":"product_cat-taschen-rucksaecke","8":"first","9":"instock","10":"taxable","11":"shipping-taxable","12":"purchasable","13":"product-type-variable","14":"has-default-attributes"},"uagb_featured_image_src":{"full":["https:\/\/shops.apaya.ag\/cjb\/wp-content\/uploads\/sites\/113\/2024\/10\/ti600_49063_front.jpg",600,600,false],"thumbnail":["https:\/\/shops.apaya.ag\/cjb\/wp-content\/uploads\/sites\/113\/2024\/10\/ti600_49063_front-150x150.jpg",150,150,true],"medium":["https:\/\/shops.apaya.ag\/cjb\/wp-content\/uploads\/sites\/113\/2024\/10\/ti600_49063_front-300x300.jpg",300,300,true],"medium_large":["https:\/\/shops.apaya.ag\/cjb\/wp-content\/uploads\/sites\/113\/2024\/10\/ti600_49063_front.jpg",600,600,false],"large":["https:\/\/shops.apaya.ag\/cjb\/wp-content\/uploads\/sites\/113\/2024\/10\/ti600_49063_front.jpg",600,600,false],"1536x1536":["https:\/\/shops.apaya.ag\/cjb\/wp-content\/uploads\/sites\/113\/2024\/10\/ti600_49063_front.jpg",600,600,false],"2048x2048":["https:\/\/shops.apaya.ag\/cjb\/wp-content\/uploads\/sites\/113\/2024\/10\/ti600_49063_front.jpg",600,600,false],"woocommerce_thumbnail":["https:\/\/shops.apaya.ag\/cjb\/wp-content\/uploads\/sites\/113\/2024\/10\/ti600_49063_front-324x324.jpg",324,324,true],"woocommerce_single":["https:\/\/shops.apaya.ag\/cjb\/wp-content\/uploads\/sites\/113\/2024\/10\/ti600_49063_front-416x416.jpg",416,416,true],"woocommerce_gallery_thumbnail":["https:\/\/shops.apaya.ag\/cjb\/wp-content\/uploads\/sites\/113\/2024\/10\/ti600_49063_front-100x100.jpg",100,100,true]},"uagb_author_info":{"display_name":"Administrator","author_link":"https:\/\/shops.apaya.ag\/cjb\/author\/"},"uagb_comment_info":0,"uagb_excerpt":"Mit Motiv vorne gro\u00df, mittig","_links":{"self":[{"href":"https:\/\/shops.apaya.ag\/cjb\/wp-json\/wp\/v2\/product\/270","targetHints":{"allow":["GET"]}}],"collection":[{"href":"https:\/\/shops.apaya.ag\/cjb\/wp-json\/wp\/v2\/product"}],"about":[{"href":"https:\/\/shops.apaya.ag\/cjb\/wp-json\/wp\/v2\/types\/product"}],"wp:featuredmedia":[{"embeddable":true,"href":"https:\/\/shops.apaya.ag\/cjb\/wp-json\/wp\/v2\/media\/80"}],"wp:attachment":[{"href":"https:\/\/shops.apaya.ag\/cjb\/wp-json\/wp\/v2\/media?parent=270"}],"wp:term":[{"taxonomy":"product_brand","embeddable":true,"href":"https:\/\/shops.apaya.ag\/cjb\/wp-json\/wp\/v2\/product_brand?post=270"},{"taxonomy":"product_cat","embeddable":true,"href":"https:\/\/shops.apaya.ag\/cjb\/wp-json\/wp\/v2\/product_cat?post=270"},{"taxonomy":"product_tag","embeddable":true,"href":"https:\/\/shops.apaya.ag\/cjb\/wp-json\/wp\/v2\/product_tag?post=270"}],"curies":[{"name":"wp","href":"https:\/\/api.w.org\/{rel}","templated":true}]}}