{"id":5675,"date":"2026-01-08T09:31:47","date_gmt":"2026-01-08T08:31:47","guid":{"rendered":"https:\/\/shops.apaya.ag\/carolinenschule\/?post_type=product&#038;p=5675"},"modified":"2026-01-08T09:36:01","modified_gmt":"2026-01-08T08:36:01","slug":"texas-tank-top-men","status":"publish","type":"product","link":"https:\/\/shops.apaya.ag\/carolinenschule\/produkt\/texas-tank-top-men\/","title":{"rendered":"Texas Tank Top Men"},"content":{"rendered":"<p>Single Jersey, Breite Tr\u00e4ger, Leicht taillierter Schnitt, Jersey Einfassung an Hals- und \u00c4rmelausschnitten, Seitenn\u00e4hte verst\u00e4rkt mit 4 Faden-Overlock N\u00e4hten, Herausrei\u00dfbares Label<\/p>\n","protected":false},"excerpt":{"rendered":"<p>Mit Motiv vorne klein, links (Herzseite)<\/p>\n","protected":false},"featured_media":3268,"template":"","meta":{"_uag_custom_page_level_css":"","_coblocks_attr":"","_coblocks_dimensions":"","_coblocks_responsive_height":"","_coblocks_accordion_ie_support":""},"product_brand":[],"product_cat":[34],"product_tag":[],"class_list":{"0":"post-5675","1":"product","2":"type-product","3":"status-publish","4":"has-post-thumbnail","6":"product_cat-shirts-damen-herren","8":"first","9":"instock","10":"taxable","11":"shipping-taxable","12":"purchasable","13":"product-type-variable","14":"has-default-attributes"},"uagb_featured_image_src":{"full":["https:\/\/shops.apaya.ag\/carolinenschule\/wp-content\/uploads\/sites\/85\/2025\/07\/ti600_54175_front.jpg",600,600,false],"thumbnail":["https:\/\/shops.apaya.ag\/carolinenschule\/wp-content\/uploads\/sites\/85\/2025\/07\/ti600_54175_front-150x150.jpg",150,150,true],"medium":["https:\/\/shops.apaya.ag\/carolinenschule\/wp-content\/uploads\/sites\/85\/2025\/07\/ti600_54175_front-300x300.jpg",300,300,true],"medium_large":["https:\/\/shops.apaya.ag\/carolinenschule\/wp-content\/uploads\/sites\/85\/2025\/07\/ti600_54175_front.jpg",600,600,false],"large":["https:\/\/shops.apaya.ag\/carolinenschule\/wp-content\/uploads\/sites\/85\/2025\/07\/ti600_54175_front.jpg",600,600,false],"1536x1536":["https:\/\/shops.apaya.ag\/carolinenschule\/wp-content\/uploads\/sites\/85\/2025\/07\/ti600_54175_front.jpg",600,600,false],"2048x2048":["https:\/\/shops.apaya.ag\/carolinenschule\/wp-content\/uploads\/sites\/85\/2025\/07\/ti600_54175_front.jpg",600,600,false],"woocommerce_thumbnail":["https:\/\/shops.apaya.ag\/carolinenschule\/wp-content\/uploads\/sites\/85\/2025\/07\/ti600_54175_front-324x324.jpg",324,324,true],"woocommerce_single":["https:\/\/shops.apaya.ag\/carolinenschule\/wp-content\/uploads\/sites\/85\/2025\/07\/ti600_54175_front-416x416.jpg",416,416,true],"woocommerce_gallery_thumbnail":["https:\/\/shops.apaya.ag\/carolinenschule\/wp-content\/uploads\/sites\/85\/2025\/07\/ti600_54175_front-100x100.jpg",100,100,true]},"uagb_author_info":{"display_name":"Administrator","author_link":"https:\/\/shops.apaya.ag\/carolinenschule\/author\/"},"uagb_comment_info":0,"uagb_excerpt":"Mit Motiv vorne klein, links (Herzseite)","_links":{"self":[{"href":"https:\/\/shops.apaya.ag\/carolinenschule\/wp-json\/wp\/v2\/product\/5675","targetHints":{"allow":["GET"]}}],"collection":[{"href":"https:\/\/shops.apaya.ag\/carolinenschule\/wp-json\/wp\/v2\/product"}],"about":[{"href":"https:\/\/shops.apaya.ag\/carolinenschule\/wp-json\/wp\/v2\/types\/product"}],"wp:featuredmedia":[{"embeddable":true,"href":"https:\/\/shops.apaya.ag\/carolinenschule\/wp-json\/wp\/v2\/media\/3268"}],"wp:attachment":[{"href":"https:\/\/shops.apaya.ag\/carolinenschule\/wp-json\/wp\/v2\/media?parent=5675"}],"wp:term":[{"taxonomy":"product_brand","embeddable":true,"href":"https:\/\/shops.apaya.ag\/carolinenschule\/wp-json\/wp\/v2\/product_brand?post=5675"},{"taxonomy":"product_cat","embeddable":true,"href":"https:\/\/shops.apaya.ag\/carolinenschule\/wp-json\/wp\/v2\/product_cat?post=5675"},{"taxonomy":"product_tag","embeddable":true,"href":"https:\/\/shops.apaya.ag\/carolinenschule\/wp-json\/wp\/v2\/product_tag?post=5675"}],"curies":[{"name":"wp","href":"https:\/\/api.w.org\/{rel}","templated":true}]}}