{"id":5495,"date":"2026-01-08T09:31:23","date_gmt":"2026-01-08T08:31:23","guid":{"rendered":"https:\/\/shops.apaya.ag\/carolinenschule\/?post_type=product&#038;p=5495"},"modified":"2026-01-08T09:39:34","modified_gmt":"2026-01-08T08:39:34","slug":"mens-hooded-jacket","status":"publish","type":"product","link":"https:\/\/shops.apaya.ag\/carolinenschule\/produkt\/mens-hooded-jacket\/","title":{"rendered":"Mens Hooded Jacket"},"content":{"rendered":"<p>Kapuzen-Jacke aus formbest\u00e4ndiger Sweat-Qualit\u00e4t, Doppellagige Kapuze mit Kordelzug, Doppeln\u00e4hte garantieren l\u00e4ngere Haltbarkeit, Fischgr\u00e4t-Necktape, Innenseite angeraut, B\u00fcndchen mit Elastan, K\u00e4ngurutasche<\/p>\n","protected":false},"excerpt":{"rendered":"<p>Mit Motiv vorne klein, links (Herzseite)<\/p>\n","protected":false},"featured_media":2303,"template":"","meta":{"_uag_custom_page_level_css":"","_coblocks_attr":"","_coblocks_dimensions":"","_coblocks_responsive_height":"","_coblocks_accordion_ie_support":""},"product_brand":[],"product_cat":[26],"product_tag":[],"class_list":{"0":"post-5495","1":"product","2":"type-product","3":"status-publish","4":"has-post-thumbnail","6":"product_cat-sweat-damen-herren","8":"first","9":"instock","10":"taxable","11":"shipping-taxable","12":"purchasable","13":"product-type-variable","14":"has-default-attributes"},"uagb_featured_image_src":{"full":["https:\/\/shops.apaya.ag\/carolinenschule\/wp-content\/uploads\/sites\/85\/2024\/03\/ti600_41606_front.jpg",600,600,false],"thumbnail":["https:\/\/shops.apaya.ag\/carolinenschule\/wp-content\/uploads\/sites\/85\/2024\/03\/ti600_41606_front-150x150.jpg",150,150,true],"medium":["https:\/\/shops.apaya.ag\/carolinenschule\/wp-content\/uploads\/sites\/85\/2024\/03\/ti600_41606_front-300x300.jpg",300,300,true],"medium_large":["https:\/\/shops.apaya.ag\/carolinenschule\/wp-content\/uploads\/sites\/85\/2024\/03\/ti600_41606_front.jpg",600,600,false],"large":["https:\/\/shops.apaya.ag\/carolinenschule\/wp-content\/uploads\/sites\/85\/2024\/03\/ti600_41606_front.jpg",600,600,false],"1536x1536":["https:\/\/shops.apaya.ag\/carolinenschule\/wp-content\/uploads\/sites\/85\/2024\/03\/ti600_41606_front.jpg",600,600,false],"2048x2048":["https:\/\/shops.apaya.ag\/carolinenschule\/wp-content\/uploads\/sites\/85\/2024\/03\/ti600_41606_front.jpg",600,600,false],"woocommerce_thumbnail":["https:\/\/shops.apaya.ag\/carolinenschule\/wp-content\/uploads\/sites\/85\/2024\/03\/ti600_41606_front-324x324.jpg",324,324,true],"woocommerce_single":["https:\/\/shops.apaya.ag\/carolinenschule\/wp-content\/uploads\/sites\/85\/2024\/03\/ti600_41606_front-416x416.jpg",416,416,true],"woocommerce_gallery_thumbnail":["https:\/\/shops.apaya.ag\/carolinenschule\/wp-content\/uploads\/sites\/85\/2024\/03\/ti600_41606_front-100x100.jpg",100,100,true]},"uagb_author_info":{"display_name":"Administrator","author_link":"https:\/\/shops.apaya.ag\/carolinenschule\/author\/"},"uagb_comment_info":0,"uagb_excerpt":"Mit Motiv vorne klein, links (Herzseite)","_links":{"self":[{"href":"https:\/\/shops.apaya.ag\/carolinenschule\/wp-json\/wp\/v2\/product\/5495","targetHints":{"allow":["GET"]}}],"collection":[{"href":"https:\/\/shops.apaya.ag\/carolinenschule\/wp-json\/wp\/v2\/product"}],"about":[{"href":"https:\/\/shops.apaya.ag\/carolinenschule\/wp-json\/wp\/v2\/types\/product"}],"wp:featuredmedia":[{"embeddable":true,"href":"https:\/\/shops.apaya.ag\/carolinenschule\/wp-json\/wp\/v2\/media\/2303"}],"wp:attachment":[{"href":"https:\/\/shops.apaya.ag\/carolinenschule\/wp-json\/wp\/v2\/media?parent=5495"}],"wp:term":[{"taxonomy":"product_brand","embeddable":true,"href":"https:\/\/shops.apaya.ag\/carolinenschule\/wp-json\/wp\/v2\/product_brand?post=5495"},{"taxonomy":"product_cat","embeddable":true,"href":"https:\/\/shops.apaya.ag\/carolinenschule\/wp-json\/wp\/v2\/product_cat?post=5495"},{"taxonomy":"product_tag","embeddable":true,"href":"https:\/\/shops.apaya.ag\/carolinenschule\/wp-json\/wp\/v2\/product_tag?post=5495"}],"curies":[{"name":"wp","href":"https:\/\/api.w.org\/{rel}","templated":true}]}}