{"id":4835,"date":"2026-01-08T09:30:13","date_gmt":"2026-01-08T08:30:13","guid":{"rendered":"https:\/\/shops.apaya.ag\/carolinenschule\/?post_type=product&#038;p=4835"},"modified":"2026-01-08T09:44:54","modified_gmt":"2026-01-08T08:44:54","slug":"varsity-jacket","status":"publish","type":"product","link":"https:\/\/shops.apaya.ag\/carolinenschule\/produkt\/varsity-jacket\/","title":{"rendered":"Varsity Jacket"},"content":{"rendered":"<p>Kontrastfarbene \u00c4rmel, Kragen, \u00c4rmelb\u00fcndchen und Taillenbund aus gestreiftem Strick, Druckknopfverschluss, Kontrastfarbene Verzierungen, eingesetzte kontrastfarbige Taschen, Nackenband, Aufh\u00e4nge\u00f6se am Nacken, Tasche mit kleiner \u00d6ffnung f\u00fcr Kopfh\u00f6rerkabel, versteckte Kopfh\u00f6rer-Aufh\u00e4ngung<\/p>\n","protected":false},"excerpt":{"rendered":"<p>Mit Motiv vorne klein, links (Herzseite)<\/p>\n","protected":false},"featured_media":1268,"template":"","meta":{"_uag_custom_page_level_css":"","_coblocks_attr":"","_coblocks_dimensions":"","_coblocks_responsive_height":"","_coblocks_accordion_ie_support":""},"product_brand":[],"product_cat":[29],"product_tag":[],"class_list":{"0":"post-4835","1":"product","2":"type-product","3":"status-publish","4":"has-post-thumbnail","6":"product_cat-jacken-damen-herren","8":"first","9":"instock","10":"taxable","11":"shipping-taxable","12":"purchasable","13":"product-type-variable","14":"has-default-attributes"},"uagb_featured_image_src":{"full":["https:\/\/shops.apaya.ag\/carolinenschule\/wp-content\/uploads\/sites\/85\/2024\/03\/ti600_41490_front.jpg",600,600,false],"thumbnail":["https:\/\/shops.apaya.ag\/carolinenschule\/wp-content\/uploads\/sites\/85\/2024\/03\/ti600_41490_front-150x150.jpg",150,150,true],"medium":["https:\/\/shops.apaya.ag\/carolinenschule\/wp-content\/uploads\/sites\/85\/2024\/03\/ti600_41490_front-300x300.jpg",300,300,true],"medium_large":["https:\/\/shops.apaya.ag\/carolinenschule\/wp-content\/uploads\/sites\/85\/2024\/03\/ti600_41490_front.jpg",600,600,false],"large":["https:\/\/shops.apaya.ag\/carolinenschule\/wp-content\/uploads\/sites\/85\/2024\/03\/ti600_41490_front.jpg",600,600,false],"1536x1536":["https:\/\/shops.apaya.ag\/carolinenschule\/wp-content\/uploads\/sites\/85\/2024\/03\/ti600_41490_front.jpg",600,600,false],"2048x2048":["https:\/\/shops.apaya.ag\/carolinenschule\/wp-content\/uploads\/sites\/85\/2024\/03\/ti600_41490_front.jpg",600,600,false],"woocommerce_thumbnail":["https:\/\/shops.apaya.ag\/carolinenschule\/wp-content\/uploads\/sites\/85\/2024\/03\/ti600_41490_front-324x324.jpg",324,324,true],"woocommerce_single":["https:\/\/shops.apaya.ag\/carolinenschule\/wp-content\/uploads\/sites\/85\/2024\/03\/ti600_41490_front-416x416.jpg",416,416,true],"woocommerce_gallery_thumbnail":["https:\/\/shops.apaya.ag\/carolinenschule\/wp-content\/uploads\/sites\/85\/2024\/03\/ti600_41490_front-100x100.jpg",100,100,true]},"uagb_author_info":{"display_name":"Administrator","author_link":"https:\/\/shops.apaya.ag\/carolinenschule\/author\/"},"uagb_comment_info":0,"uagb_excerpt":"Mit Motiv vorne klein, links (Herzseite)","_links":{"self":[{"href":"https:\/\/shops.apaya.ag\/carolinenschule\/wp-json\/wp\/v2\/product\/4835","targetHints":{"allow":["GET"]}}],"collection":[{"href":"https:\/\/shops.apaya.ag\/carolinenschule\/wp-json\/wp\/v2\/product"}],"about":[{"href":"https:\/\/shops.apaya.ag\/carolinenschule\/wp-json\/wp\/v2\/types\/product"}],"wp:featuredmedia":[{"embeddable":true,"href":"https:\/\/shops.apaya.ag\/carolinenschule\/wp-json\/wp\/v2\/media\/1268"}],"wp:attachment":[{"href":"https:\/\/shops.apaya.ag\/carolinenschule\/wp-json\/wp\/v2\/media?parent=4835"}],"wp:term":[{"taxonomy":"product_brand","embeddable":true,"href":"https:\/\/shops.apaya.ag\/carolinenschule\/wp-json\/wp\/v2\/product_brand?post=4835"},{"taxonomy":"product_cat","embeddable":true,"href":"https:\/\/shops.apaya.ag\/carolinenschule\/wp-json\/wp\/v2\/product_cat?post=4835"},{"taxonomy":"product_tag","embeddable":true,"href":"https:\/\/shops.apaya.ag\/carolinenschule\/wp-json\/wp\/v2\/product_tag?post=4835"}],"curies":[{"name":"wp","href":"https:\/\/api.w.org\/{rel}","templated":true}]}}