{"id":4775,"date":"2026-01-08T09:30:07","date_gmt":"2026-01-08T08:30:07","guid":{"rendered":"https:\/\/shops.apaya.ag\/carolinenschule\/?post_type=product&#038;p=4775"},"modified":"2026-01-08T09:45:30","modified_gmt":"2026-01-08T08:45:30","slug":"classic-polo-junior","status":"publish","type":"product","link":"https:\/\/shops.apaya.ag\/carolinenschule\/produkt\/classic-polo-junior\/","title":{"rendered":"Classic Polo Junior"},"content":{"rendered":"<p>Hochwertiges Polohemd mit Armb\u00fcndchen f\u00fcr Kinder, sehr feine Piqu\u00e9-Qualit\u00e4t, sportlicher Schnitt mit Seitenschlitzen, gestrickter Kragen und Armb\u00fcndchen, Doppeln\u00e4hte an Schultern und Armausschnitt, Kn\u00f6pfe Ton-in-Ton<\/p>\n<p>XS: 98\/104 l S: 110\/116 l M: 122\/128 l L: 134\/140 l XL: 146\/152 l XXL: 158\/164<\/p>\n","protected":false},"excerpt":{"rendered":"<p>Mit Motiv vorne klein, links (Herzseite)<\/p>\n","protected":false},"featured_media":1233,"template":"","meta":{"_uag_custom_page_level_css":"","_coblocks_attr":"","_coblocks_dimensions":"","_coblocks_responsive_height":"","_coblocks_accordion_ie_support":""},"product_brand":[],"product_cat":[27],"product_tag":[],"class_list":{"0":"post-4775","1":"product","2":"type-product","3":"status-publish","4":"has-post-thumbnail","6":"product_cat-shirts-kinder","8":"first","9":"instock","10":"taxable","11":"shipping-taxable","12":"purchasable","13":"product-type-variable","14":"has-default-attributes"},"uagb_featured_image_src":{"full":["https:\/\/shops.apaya.ag\/carolinenschule\/wp-content\/uploads\/sites\/85\/2024\/03\/ti600_41455_front.jpg",600,600,false],"thumbnail":["https:\/\/shops.apaya.ag\/carolinenschule\/wp-content\/uploads\/sites\/85\/2024\/03\/ti600_41455_front-150x150.jpg",150,150,true],"medium":["https:\/\/shops.apaya.ag\/carolinenschule\/wp-content\/uploads\/sites\/85\/2024\/03\/ti600_41455_front-300x300.jpg",300,300,true],"medium_large":["https:\/\/shops.apaya.ag\/carolinenschule\/wp-content\/uploads\/sites\/85\/2024\/03\/ti600_41455_front.jpg",600,600,false],"large":["https:\/\/shops.apaya.ag\/carolinenschule\/wp-content\/uploads\/sites\/85\/2024\/03\/ti600_41455_front.jpg",600,600,false],"1536x1536":["https:\/\/shops.apaya.ag\/carolinenschule\/wp-content\/uploads\/sites\/85\/2024\/03\/ti600_41455_front.jpg",600,600,false],"2048x2048":["https:\/\/shops.apaya.ag\/carolinenschule\/wp-content\/uploads\/sites\/85\/2024\/03\/ti600_41455_front.jpg",600,600,false],"woocommerce_thumbnail":["https:\/\/shops.apaya.ag\/carolinenschule\/wp-content\/uploads\/sites\/85\/2024\/03\/ti600_41455_front-324x324.jpg",324,324,true],"woocommerce_single":["https:\/\/shops.apaya.ag\/carolinenschule\/wp-content\/uploads\/sites\/85\/2024\/03\/ti600_41455_front-416x416.jpg",416,416,true],"woocommerce_gallery_thumbnail":["https:\/\/shops.apaya.ag\/carolinenschule\/wp-content\/uploads\/sites\/85\/2024\/03\/ti600_41455_front-100x100.jpg",100,100,true]},"uagb_author_info":{"display_name":"Administrator","author_link":"https:\/\/shops.apaya.ag\/carolinenschule\/author\/"},"uagb_comment_info":0,"uagb_excerpt":"Mit Motiv vorne klein, links (Herzseite)","_links":{"self":[{"href":"https:\/\/shops.apaya.ag\/carolinenschule\/wp-json\/wp\/v2\/product\/4775","targetHints":{"allow":["GET"]}}],"collection":[{"href":"https:\/\/shops.apaya.ag\/carolinenschule\/wp-json\/wp\/v2\/product"}],"about":[{"href":"https:\/\/shops.apaya.ag\/carolinenschule\/wp-json\/wp\/v2\/types\/product"}],"wp:featuredmedia":[{"embeddable":true,"href":"https:\/\/shops.apaya.ag\/carolinenschule\/wp-json\/wp\/v2\/media\/1233"}],"wp:attachment":[{"href":"https:\/\/shops.apaya.ag\/carolinenschule\/wp-json\/wp\/v2\/media?parent=4775"}],"wp:term":[{"taxonomy":"product_brand","embeddable":true,"href":"https:\/\/shops.apaya.ag\/carolinenschule\/wp-json\/wp\/v2\/product_brand?post=4775"},{"taxonomy":"product_cat","embeddable":true,"href":"https:\/\/shops.apaya.ag\/carolinenschule\/wp-json\/wp\/v2\/product_cat?post=4775"},{"taxonomy":"product_tag","embeddable":true,"href":"https:\/\/shops.apaya.ag\/carolinenschule\/wp-json\/wp\/v2\/product_tag?post=4775"}],"curies":[{"name":"wp","href":"https:\/\/api.w.org\/{rel}","templated":true}]}}